{"id":6044,"date":"2019-03-04T09:00:44","date_gmt":"2019-03-04T09:00:44","guid":{"rendered":"https:\/\/www.embutidosballesteros.es\/envios-y-devoluciones\/"},"modified":"2019-03-04T09:00:44","modified_gmt":"2019-03-04T09:00:44","slug":"envios-y-devoluciones","status":"publish","type":"page","link":"https:\/\/www.embutidosballesteros.es\/en\/envios-y-devoluciones\/","title":{"rendered":"Env\u00edos y devoluciones"},"content":{"rendered":"<h2>Env\u00edos y devoluciones<\/h2>\n<h3>Env\u00edo del paquete<\/h3>\n<p>Como norma general, los paquetes se env\u00edan dentro de las 48 horas siguientes a la recepci\u00f3n del pago, trav\u00e9s de UPS con n\u00famero de seguimiento y entrega sin firma. Si prefieres el env\u00edo certificado mediante UPS Extra, se aplicar\u00e1 un cargo adicional. Ponte en contacto con nosotros antes de solicitar esta opci\u00f3n. Sea cual sea la forma de env\u00edo que elijas, te proporcionaremos un enlace para que puedas seguir tu pedido en l\u00ednea.<\/p>\n<p>Los gastos de env\u00edo incluyen los gastos de manipulaci\u00f3n y empaquetado, as\u00ed como los gastos postales. Los gastos de manipulaci\u00f3n tienen un precio fijo, mientras que los gastos de transporte pueden variar seg\u00fan el peso total del paquete. Te aconsejamos que agrupes todos tus art\u00edculos en un mismo pedido. No podemos combinar dos pedidos diferentes, y los gastos de env\u00edo se aplicar\u00e1n para cada uno de manera individual. No nos hacemos responsables de los da\u00f1os que pueda sufrir tu paquete tras el env\u00edo, pero hacemos todo lo posible para proteger todos los art\u00edculos fr\u00e1giles.<\/p>\n<p>Las cajas son grandes y tus art\u00edculos estar\u00e1n bien protegidos.<\/p>\n","protected":false},"excerpt":{"rendered":"<p>Env\u00edos y devoluciones Env\u00edo del paquete Como norma general, los paquetes se env\u00edan dentro de las 48 horas siguientes a la recepci\u00f3n del pago, trav\u00e9s de UPS con n\u00famero de seguimiento y entrega sin firma. Si prefieres el env\u00edo certificado mediante UPS Extra, se aplicar\u00e1 un cargo adicional. Ponte en contacto con nosotros antes de [&hellip;]<\/p>\n","protected":false},"author":1,"featured_media":0,"parent":0,"menu_order":0,"comment_status":"closed","ping_status":"closed","template":"","meta":{"footnotes":""},"class_list":["post-6044","page","type-page","status-publish","hentry"],"yoast_head":"<!-- This site is optimized with the Yoast SEO plugin v27.3 - https:\/\/yoast.com\/product\/yoast-seo-wordpress\/ -->\n<title>Env\u00edos y devoluciones de Embutidos Ballesteros y jamones Ib\u00e9ricos<\/title>\n<meta name=\"description\" content=\"Como norma general, los paquetes se env\u00edan dentro de las 48 horas siguientes a la recepci\u00f3n del pago, trav\u00e9s de UPS con n\u00famero de seguimiento...\" \/>\n<meta name=\"robots\" content=\"index, follow, max-snippet:-1, max-image-preview:large, max-video-preview:-1\" \/>\n<link rel=\"canonical\" href=\"https:\/\/www.embutidosballesteros.es\/en\/envios-y-devoluciones\/\" \/>\n<meta property=\"og:locale\" content=\"en_US\" \/>\n<meta property=\"og:type\" content=\"article\" \/>\n<meta property=\"og:title\" content=\"Env\u00edos y devoluciones de Embutidos Ballesteros y jamones Ib\u00e9ricos\" \/>\n<meta property=\"og:description\" content=\"Como norma general, los paquetes se env\u00edan dentro de las 48 horas siguientes a la recepci\u00f3n del pago, trav\u00e9s de UPS con n\u00famero de seguimiento...\" \/>\n<meta property=\"og:url\" content=\"https:\/\/www.embutidosballesteros.es\/en\/envios-y-devoluciones\/\" \/>\n<meta property=\"og:site_name\" content=\"Embutidos Ballesteros\" \/>\n<meta name=\"twitter:card\" content=\"summary_large_image\" \/>\n<meta name=\"twitter:label1\" content=\"Est. reading time\" \/>\n\t<meta name=\"twitter:data1\" content=\"1 minute\" \/>\n<script type=\"application\/ld+json\" class=\"yoast-schema-graph\">{\"@context\":\"https:\\\/\\\/schema.org\",\"@graph\":[{\"@type\":\"WebPage\",\"@id\":\"https:\\\/\\\/www.embutidosballesteros.es\\\/en\\\/envios-y-devoluciones\\\/\",\"url\":\"https:\\\/\\\/www.embutidosballesteros.es\\\/en\\\/envios-y-devoluciones\\\/\",\"name\":\"Env\u00edos y devoluciones de Embutidos Ballesteros y jamones Ib\u00e9ricos\",\"isPartOf\":{\"@id\":\"https:\\\/\\\/www.embutidosballesteros.es\\\/en\\\/#website\"},\"datePublished\":\"2019-03-04T09:00:44+00:00\",\"description\":\"Como norma general, los paquetes se env\u00edan dentro de las 48 horas siguientes a la recepci\u00f3n del pago, trav\u00e9s de UPS con n\u00famero de seguimiento...\",\"breadcrumb\":{\"@id\":\"https:\\\/\\\/www.embutidosballesteros.es\\\/en\\\/envios-y-devoluciones\\\/#breadcrumb\"},\"inLanguage\":\"en-US\",\"potentialAction\":[{\"@type\":\"ReadAction\",\"target\":[\"https:\\\/\\\/www.embutidosballesteros.es\\\/en\\\/envios-y-devoluciones\\\/\"]}]},{\"@type\":\"BreadcrumbList\",\"@id\":\"https:\\\/\\\/www.embutidosballesteros.es\\\/en\\\/envios-y-devoluciones\\\/#breadcrumb\",\"itemListElement\":[{\"@type\":\"ListItem\",\"position\":1,\"name\":\"Portada\",\"item\":\"https:\\\/\\\/www.embutidosballesteros.es\\\/en\\\/\"},{\"@type\":\"ListItem\",\"position\":2,\"name\":\"Env\u00edos y devoluciones\"}]},{\"@type\":\"WebSite\",\"@id\":\"https:\\\/\\\/www.embutidosballesteros.es\\\/en\\\/#website\",\"url\":\"https:\\\/\\\/www.embutidosballesteros.es\\\/en\\\/\",\"name\":\"Embutidos Ballesteros\",\"description\":\"Embutidos y jamones de elaboraci\u00f3n propia\",\"potentialAction\":[{\"@type\":\"SearchAction\",\"target\":{\"@type\":\"EntryPoint\",\"urlTemplate\":\"https:\\\/\\\/www.embutidosballesteros.es\\\/en\\\/?s={search_term_string}\"},\"query-input\":{\"@type\":\"PropertyValueSpecification\",\"valueRequired\":true,\"valueName\":\"search_term_string\"}}],\"inLanguage\":\"en-US\"}]}<\/script>\n<!-- \/ Yoast SEO plugin. -->","yoast_head_json":{"title":"Env\u00edos y devoluciones de Embutidos Ballesteros y jamones Ib\u00e9ricos","description":"Como norma general, los paquetes se env\u00edan dentro de las 48 horas siguientes a la recepci\u00f3n del pago, trav\u00e9s de UPS con n\u00famero de seguimiento...","robots":{"index":"index","follow":"follow","max-snippet":"max-snippet:-1","max-image-preview":"max-image-preview:large","max-video-preview":"max-video-preview:-1"},"canonical":"https:\/\/www.embutidosballesteros.es\/en\/envios-y-devoluciones\/","og_locale":"en_US","og_type":"article","og_title":"Env\u00edos y devoluciones de Embutidos Ballesteros y jamones Ib\u00e9ricos","og_description":"Como norma general, los paquetes se env\u00edan dentro de las 48 horas siguientes a la recepci\u00f3n del pago, trav\u00e9s de UPS con n\u00famero de seguimiento...","og_url":"https:\/\/www.embutidosballesteros.es\/en\/envios-y-devoluciones\/","og_site_name":"Embutidos Ballesteros","twitter_card":"summary_large_image","twitter_misc":{"Est. reading time":"1 minute"},"schema":{"@context":"https:\/\/schema.org","@graph":[{"@type":"WebPage","@id":"https:\/\/www.embutidosballesteros.es\/en\/envios-y-devoluciones\/","url":"https:\/\/www.embutidosballesteros.es\/en\/envios-y-devoluciones\/","name":"Env\u00edos y devoluciones de Embutidos Ballesteros y jamones Ib\u00e9ricos","isPartOf":{"@id":"https:\/\/www.embutidosballesteros.es\/en\/#website"},"datePublished":"2019-03-04T09:00:44+00:00","description":"Como norma general, los paquetes se env\u00edan dentro de las 48 horas siguientes a la recepci\u00f3n del pago, trav\u00e9s de UPS con n\u00famero de seguimiento...","breadcrumb":{"@id":"https:\/\/www.embutidosballesteros.es\/en\/envios-y-devoluciones\/#breadcrumb"},"inLanguage":"en-US","potentialAction":[{"@type":"ReadAction","target":["https:\/\/www.embutidosballesteros.es\/en\/envios-y-devoluciones\/"]}]},{"@type":"BreadcrumbList","@id":"https:\/\/www.embutidosballesteros.es\/en\/envios-y-devoluciones\/#breadcrumb","itemListElement":[{"@type":"ListItem","position":1,"name":"Portada","item":"https:\/\/www.embutidosballesteros.es\/en\/"},{"@type":"ListItem","position":2,"name":"Env\u00edos y devoluciones"}]},{"@type":"WebSite","@id":"https:\/\/www.embutidosballesteros.es\/en\/#website","url":"https:\/\/www.embutidosballesteros.es\/en\/","name":"Embutidos Ballesteros","description":"Embutidos y jamones de elaboraci\u00f3n propia","potentialAction":[{"@type":"SearchAction","target":{"@type":"EntryPoint","urlTemplate":"https:\/\/www.embutidosballesteros.es\/en\/?s={search_term_string}"},"query-input":{"@type":"PropertyValueSpecification","valueRequired":true,"valueName":"search_term_string"}}],"inLanguage":"en-US"}]}},"_links":{"self":[{"href":"https:\/\/www.embutidosballesteros.es\/en\/wp-json\/wp\/v2\/pages\/6044","targetHints":{"allow":["GET"]}}],"collection":[{"href":"https:\/\/www.embutidosballesteros.es\/en\/wp-json\/wp\/v2\/pages"}],"about":[{"href":"https:\/\/www.embutidosballesteros.es\/en\/wp-json\/wp\/v2\/types\/page"}],"author":[{"embeddable":true,"href":"https:\/\/www.embutidosballesteros.es\/en\/wp-json\/wp\/v2\/users\/1"}],"replies":[{"embeddable":true,"href":"https:\/\/www.embutidosballesteros.es\/en\/wp-json\/wp\/v2\/comments?post=6044"}],"version-history":[{"count":0,"href":"https:\/\/www.embutidosballesteros.es\/en\/wp-json\/wp\/v2\/pages\/6044\/revisions"}],"wp:attachment":[{"href":"https:\/\/www.embutidosballesteros.es\/en\/wp-json\/wp\/v2\/media?parent=6044"}],"curies":[{"name":"wp","href":"https:\/\/api.w.org\/{rel}","templated":true}]}}