{"id":5792,"date":"2019-02-28T10:31:42","date_gmt":"2019-02-28T10:31:42","guid":{"rendered":"https:\/\/www.embutidosballesteros.es\/qui-sommes-nous\/"},"modified":"2019-03-18T09:42:52","modified_gmt":"2019-03-18T09:42:52","slug":"qui-sommes-nous","status":"publish","type":"page","link":"https:\/\/www.embutidosballesteros.es\/fr\/qui-sommes-nous\/","title":{"rendered":"Qui sommes nous"},"content":{"rendered":"<div class=\"wpb-content-wrapper\"><p>[vc_row][vc_column][vc_column_text]Nous sommes une entreprise familiale cr\u00e9\u00e9e en 1994 avec pour seul objectif d\u2019offrir \u00e0 nos clients la meilleure qualit\u00e9 et le meilleur service pour l\u2019ensemble de nos produits.<br \/>\nEn juillet 2008, nous avons inaugur\u00e9 une nouvelle fabrique de plus de 3.500 m2. Le soin de la s\u00e9lection de chacune des mati\u00e8res premi\u00e8res est un \u00e9l\u00e9ment-cl\u00e9 pour l\u2019excellence de nos r\u00e9sultats. Notre personnel sp\u00e9cialis\u00e9, nos machines modernes et notre longue exp\u00e9rience donnent \u00e0 chacun de nos produits le soin et l\u2019attention qu\u2019ils r\u00e9clament pour obtenir des saveurs uniques.<br \/>\nDe la salaison au r\u00e9sultat final en passant par le lent processus de maturation, nous avons toujours pris soin de tout. Aujourd\u2019hui toutes les \u00e9tapes sont supervis\u00e9es dans le moindre d\u00e9tail afin d\u2019obtenir un produit exclusif : nos jambons et nos \u00e9paules.<br \/>\nLa fabrication de nos produits marin\u00e9s, tels que l\u2019\u00e9chine, la poitrine ou les c\u00f4tes, sont l\u2019objet d\u2019une \u00e9laboration totalement artisanale et de l\u2019aide de machines sp\u00e9cialis\u00e9es. Nous contr\u00f4lons tout le processus, depuis la s\u00e9lection de la mati\u00e8re premi\u00e8re.<br \/>\nEn dehors de nos huit points de vente directe de Toro, Zamora, Salamanque, Valladolid et Palma de Majorque, nous sommes pr\u00e9sents sur plusieurs foires nationales et internationales. <\/p>\n<p>Notre signe distinctif : nous sommes membres fondateurs de la MARQUE DE GARANTIE \u201cASOCIACI\u00d3N ZAMORANA DE ELABORADORES DE CHORIZO DE ZAMORA\u201d (ASSOCIATION DE ZAMORA DE FABRICANTS DE CHORIZOS DE ZAMORA), un chorizo \u00e9labor\u00e9 exclusivement avec les parties nobles du porc et des mati\u00e8res premi\u00e8res class\u00e9es AOC.<br \/>\nPar ailleurs, l\u2019entreprise externe de certification de produits IB\u00c9RIQUES \u201cCALICER\u201d garantit de fa\u00e7on fiable que nos produits sont v\u00e9ritablement d\u2019Origine Contr\u00f4l\u00e9e.<br \/>\nComme nouveaut\u00e9, nous avons introduit les caisses en bois fabriqu\u00e9es par la FONDATION INTRAS et la FONDATION PERSONAS (associations \u00e0 but non lucratif) qui aident les personnes d\u00e9ficientes intellectuelles des si\u00e8ges de Toro et Valladolid, ainsi que par ADFYS, une association d\u2019handicap\u00e9s physiques et mentaux de Toro et de Zamora.<br \/>\nNotre travail a \u00e9t\u00e9 r\u00e9compens\u00e9 en 2000 par le prestigieux prix THE INTERNATIONAL C\u00daSPIDE CERTIFICATE et, plus r\u00e9cemment, par le PRIX MERCURIO 2014 pour notre trajectoire professionnelle.<br \/>\nConcernant la logistique, nous travaillons avec les meilleures entreprises du circuit national et international, ce qui nous permet d\u2019offrir \u00e0 nos clients les meilleurs services logistiques en les servant sans aucune incidence et en remettant les commandes sur tous les points de livraison, qu\u2019il s\u2019agisse de domiciles particuliers, d\u2019agences, d\u2019entreprises, de fabriques ou de tout autre lieu indiqu\u00e9 par nos clients. D\u2019autre part, \u00e9tant donn\u00e9 notre pr\u00e9sence sur les foires d\u2019alimentation les plus importantes au niveau national, nous disposons d\u2019une infrastructure logistique qui nous permet de faire face \u00e0 la demande et de fournir nos produits aux milliers de personnes qui s\u2019y int\u00e9ressent.<br \/>\nPour ces questions, nos principaux fournisseurs sont des entreprises leaders du secteur logistique. Nous sommes en contact direct avec tous les bureaux, au d\u00e9part et \u00e0 l\u2019arriv\u00e9e, et nous coordonnons avec eux toutes les exp\u00e9ditions depuis notre fabrique jusqu\u2019\u00e0 la livraison \u00e0 destination. Notre service clients se trouve dans nos bureaux, qui sont ouverts de 9 h \u00e0 14 h et de 16 h \u00e0 20 h. Toutes vos questions y seront trait\u00e9es par t\u00e9l\u00e9phone par nos agents, qui se chargeront de r\u00e9soudre les incidences directement avec la personne ou le client nous ayant contact\u00e9s. Vous pouvez aussi nous joindre par e-mail.[\/vc_column_text][\/vc_column][\/vc_row][vc_row][vc_column][vc_gallery interval=&#8221;3&#8243; images=&#8221;5392,5394,5396,5398,5400,5402,5404,5406,5408&#8243;][\/vc_column][\/vc_row]<\/p>\n<\/div>","protected":false},"excerpt":{"rendered":"<p>[vc_row][vc_column][vc_column_text]Nous sommes une entreprise familiale cr\u00e9\u00e9e en 1994 avec pour seul objectif d\u2019offrir \u00e0 nos clients la meilleure qualit\u00e9 et le meilleur service pour l\u2019ensemble de nos produits. En juillet 2008, nous avons inaugur\u00e9 une nouvelle fabrique de plus de 3.500 m2. Le soin de la s\u00e9lection de chacune des mati\u00e8res premi\u00e8res est un \u00e9l\u00e9ment-cl\u00e9 [&hellip;]<\/p>\n","protected":false},"author":1,"featured_media":0,"parent":0,"menu_order":0,"comment_status":"closed","ping_status":"closed","template":"","meta":{"footnotes":""},"class_list":["post-5792","page","type-page","status-publish","hentry"],"yoast_head":"<!-- This site is optimized with the Yoast SEO plugin v27.4 - https:\/\/yoast.com\/product\/yoast-seo-wordpress\/ -->\n<title>Qui sommes nous de Embutidos Ballesteros y Jamones Ib\u00e9ricos<\/title>\n<meta name=\"description\" content=\"Somos una empresa de car\u00e1cter familiar fundada en 1994. Nuestro \u00fanico objetivo ha sido siempre ofrecer a nuestros clientes la mejor calidad.\" \/>\n<meta name=\"robots\" content=\"index, follow, max-snippet:-1, max-image-preview:large, max-video-preview:-1\" \/>\n<link rel=\"canonical\" href=\"https:\/\/www.embutidosballesteros.es\/fr\/qui-sommes-nous\/\" \/>\n<meta property=\"og:locale\" content=\"fr_FR\" \/>\n<meta property=\"og:type\" content=\"article\" \/>\n<meta property=\"og:title\" content=\"Qui sommes nous de Embutidos Ballesteros y Jamones Ib\u00e9ricos\" \/>\n<meta property=\"og:description\" content=\"Somos una empresa de car\u00e1cter familiar fundada en 1994. Nuestro \u00fanico objetivo ha sido siempre ofrecer a nuestros clientes la mejor calidad.\" \/>\n<meta property=\"og:url\" content=\"https:\/\/www.embutidosballesteros.es\/fr\/qui-sommes-nous\/\" \/>\n<meta property=\"og:site_name\" content=\"Embutidos Ballesteros\" \/>\n<meta property=\"article:modified_time\" content=\"2019-03-18T09:42:52+00:00\" \/>\n<meta name=\"twitter:card\" content=\"summary_large_image\" \/>\n<meta name=\"twitter:label1\" content=\"Dur\u00e9e de lecture estim\u00e9e\" \/>\n\t<meta name=\"twitter:data1\" content=\"3 minutes\" \/>\n<script type=\"application\/ld+json\" class=\"yoast-schema-graph\">{\"@context\":\"https:\\\/\\\/schema.org\",\"@graph\":[{\"@type\":\"WebPage\",\"@id\":\"https:\\\/\\\/www.embutidosballesteros.es\\\/fr\\\/qui-sommes-nous\\\/\",\"url\":\"https:\\\/\\\/www.embutidosballesteros.es\\\/fr\\\/qui-sommes-nous\\\/\",\"name\":\"Qui sommes nous de Embutidos Ballesteros y Jamones Ib\u00e9ricos\",\"isPartOf\":{\"@id\":\"https:\\\/\\\/www.embutidosballesteros.es\\\/fr\\\/#website\"},\"datePublished\":\"2019-02-28T10:31:42+00:00\",\"dateModified\":\"2019-03-18T09:42:52+00:00\",\"description\":\"Somos una empresa de car\u00e1cter familiar fundada en 1994. Nuestro \u00fanico objetivo ha sido siempre ofrecer a nuestros clientes la mejor calidad.\",\"breadcrumb\":{\"@id\":\"https:\\\/\\\/www.embutidosballesteros.es\\\/fr\\\/qui-sommes-nous\\\/#breadcrumb\"},\"inLanguage\":\"fr-FR\",\"potentialAction\":[{\"@type\":\"ReadAction\",\"target\":[\"https:\\\/\\\/www.embutidosballesteros.es\\\/fr\\\/qui-sommes-nous\\\/\"]}]},{\"@type\":\"BreadcrumbList\",\"@id\":\"https:\\\/\\\/www.embutidosballesteros.es\\\/fr\\\/qui-sommes-nous\\\/#breadcrumb\",\"itemListElement\":[{\"@type\":\"ListItem\",\"position\":1,\"name\":\"Portada\",\"item\":\"https:\\\/\\\/www.embutidosballesteros.es\\\/fr\\\/\"},{\"@type\":\"ListItem\",\"position\":2,\"name\":\"Qui sommes nous\"}]},{\"@type\":\"WebSite\",\"@id\":\"https:\\\/\\\/www.embutidosballesteros.es\\\/fr\\\/#website\",\"url\":\"https:\\\/\\\/www.embutidosballesteros.es\\\/fr\\\/\",\"name\":\"Embutidos Ballesteros\",\"description\":\"Embutidos y jamones de elaboraci\u00f3n propia\",\"potentialAction\":[{\"@type\":\"SearchAction\",\"target\":{\"@type\":\"EntryPoint\",\"urlTemplate\":\"https:\\\/\\\/www.embutidosballesteros.es\\\/fr\\\/?s={search_term_string}\"},\"query-input\":{\"@type\":\"PropertyValueSpecification\",\"valueRequired\":true,\"valueName\":\"search_term_string\"}}],\"inLanguage\":\"fr-FR\"}]}<\/script>\n<!-- \/ Yoast SEO plugin. -->","yoast_head_json":{"title":"Qui sommes nous de Embutidos Ballesteros y Jamones Ib\u00e9ricos","description":"Somos una empresa de car\u00e1cter familiar fundada en 1994. Nuestro \u00fanico objetivo ha sido siempre ofrecer a nuestros clientes la mejor calidad.","robots":{"index":"index","follow":"follow","max-snippet":"max-snippet:-1","max-image-preview":"max-image-preview:large","max-video-preview":"max-video-preview:-1"},"canonical":"https:\/\/www.embutidosballesteros.es\/fr\/qui-sommes-nous\/","og_locale":"fr_FR","og_type":"article","og_title":"Qui sommes nous de Embutidos Ballesteros y Jamones Ib\u00e9ricos","og_description":"Somos una empresa de car\u00e1cter familiar fundada en 1994. Nuestro \u00fanico objetivo ha sido siempre ofrecer a nuestros clientes la mejor calidad.","og_url":"https:\/\/www.embutidosballesteros.es\/fr\/qui-sommes-nous\/","og_site_name":"Embutidos Ballesteros","article_modified_time":"2019-03-18T09:42:52+00:00","twitter_card":"summary_large_image","twitter_misc":{"Dur\u00e9e de lecture estim\u00e9e":"3 minutes"},"schema":{"@context":"https:\/\/schema.org","@graph":[{"@type":"WebPage","@id":"https:\/\/www.embutidosballesteros.es\/fr\/qui-sommes-nous\/","url":"https:\/\/www.embutidosballesteros.es\/fr\/qui-sommes-nous\/","name":"Qui sommes nous de Embutidos Ballesteros y Jamones Ib\u00e9ricos","isPartOf":{"@id":"https:\/\/www.embutidosballesteros.es\/fr\/#website"},"datePublished":"2019-02-28T10:31:42+00:00","dateModified":"2019-03-18T09:42:52+00:00","description":"Somos una empresa de car\u00e1cter familiar fundada en 1994. Nuestro \u00fanico objetivo ha sido siempre ofrecer a nuestros clientes la mejor calidad.","breadcrumb":{"@id":"https:\/\/www.embutidosballesteros.es\/fr\/qui-sommes-nous\/#breadcrumb"},"inLanguage":"fr-FR","potentialAction":[{"@type":"ReadAction","target":["https:\/\/www.embutidosballesteros.es\/fr\/qui-sommes-nous\/"]}]},{"@type":"BreadcrumbList","@id":"https:\/\/www.embutidosballesteros.es\/fr\/qui-sommes-nous\/#breadcrumb","itemListElement":[{"@type":"ListItem","position":1,"name":"Portada","item":"https:\/\/www.embutidosballesteros.es\/fr\/"},{"@type":"ListItem","position":2,"name":"Qui sommes nous"}]},{"@type":"WebSite","@id":"https:\/\/www.embutidosballesteros.es\/fr\/#website","url":"https:\/\/www.embutidosballesteros.es\/fr\/","name":"Embutidos Ballesteros","description":"Embutidos y jamones de elaboraci\u00f3n propia","potentialAction":[{"@type":"SearchAction","target":{"@type":"EntryPoint","urlTemplate":"https:\/\/www.embutidosballesteros.es\/fr\/?s={search_term_string}"},"query-input":{"@type":"PropertyValueSpecification","valueRequired":true,"valueName":"search_term_string"}}],"inLanguage":"fr-FR"}]}},"_links":{"self":[{"href":"https:\/\/www.embutidosballesteros.es\/fr\/wp-json\/wp\/v2\/pages\/5792","targetHints":{"allow":["GET"]}}],"collection":[{"href":"https:\/\/www.embutidosballesteros.es\/fr\/wp-json\/wp\/v2\/pages"}],"about":[{"href":"https:\/\/www.embutidosballesteros.es\/fr\/wp-json\/wp\/v2\/types\/page"}],"author":[{"embeddable":true,"href":"https:\/\/www.embutidosballesteros.es\/fr\/wp-json\/wp\/v2\/users\/1"}],"replies":[{"embeddable":true,"href":"https:\/\/www.embutidosballesteros.es\/fr\/wp-json\/wp\/v2\/comments?post=5792"}],"version-history":[{"count":0,"href":"https:\/\/www.embutidosballesteros.es\/fr\/wp-json\/wp\/v2\/pages\/5792\/revisions"}],"wp:attachment":[{"href":"https:\/\/www.embutidosballesteros.es\/fr\/wp-json\/wp\/v2\/media?parent=5792"}],"curies":[{"name":"wp","href":"https:\/\/api.w.org\/{rel}","templated":true}]}}