{"id":5935,"date":"2019-02-28T12:14:52","date_gmt":"2019-02-28T12:14:52","guid":{"rendered":"https:\/\/www.embutidosballesteros.es\/nos-boutiques\/"},"modified":"2019-02-28T12:15:02","modified_gmt":"2019-02-28T12:15:02","slug":"nos-boutiques","status":"publish","type":"page","link":"https:\/\/www.embutidosballesteros.es\/fr\/nos-boutiques\/","title":{"rendered":"Nos boutiques"},"content":{"rendered":"<div class=\"wpb-content-wrapper\"><p>[vc_row][vc_column][vc_custom_heading text=&#8221;Nos boutiques&#8221;][vc_column_text]Chez Embutidos Ballesteros, nous fabriquons nos propres produits et vous les faisons parvenir sans interm\u00e9diaire. Veuillez consulter notre \u00e9tablissement le plus proche de chez vous pour faire vos achats. Notre personnel sp\u00e9cialis\u00e9, nos machines modernes et notre longue exp\u00e9rience nous permettent de donner \u00e0 chacun de nos produits le soin qu\u2019il r\u00e9clame afin d\u2019obtenir des saveurs uniques et des r\u00e9sultats excellents.[\/vc_column_text][\/vc_column][\/vc_row][vc_row][vc_column][vc_custom_heading text=&#8221;Zamora (Espagne)&#8221; use_theme_fonts=&#8221;yes&#8221; css_animation=&#8221;bounceInLeft&#8221; el_class=&#8221;tiendas&#8221;][\/vc_column][\/vc_row][vc_row][vc_column width=&#8221;1\/3&#8243;][vc_gallery interval=&#8221;0&#8243; images=&#8221;5440,5442&#8243; img_size=&#8221;medium&#8221; title=&#8221;Mercado de Abastos (Halles)&#8221;][vc_tta_tabs active_section=&#8221;1&#8243;][vc_tta_section i_icon_fontawesome=&#8221;fa fa-info-circle&#8221; add_icon=&#8221;true&#8221; title=&#8221;Information&#8221; tab_id=&#8221;1538050023778-4a4cbc99-d58e&#8221;][vc_column_text]Mercado de Abastos (Halles), rez-de-chauss\u00e9e<br \/>\n49003 Zamora (Espagne) <br \/>\n<i class=\"fa fa-phone\" aria-hidden=\"true\"><\/i> Tel.: +34 980 532 418[\/vc_column_text][\/vc_tta_section][vc_tta_section i_icon_fontawesome=&#8221;fa fa-map-o&#8221; add_icon=&#8221;true&#8221; title=&#8221;Voir emplacement&#8221; tab_id=&#8221;1538050023884-ee91b61d-bafd&#8221;][vc_gmaps link=&#8221;#E-8_JTNDaWZyYW1lJTIwc3JjJTNEJTIyaHR0cHMlM0ElMkYlMkZ3d3cuZ29vZ2xlLmNvbSUyRm1hcHMlMkZlbWJlZCUzRnBiJTNEJTIxMW0xOCUyMTFtMTIlMjExbTMlMjExZDI5ODcuOTgxNjcxMzk3NjI0MyUyMTJkLTUuNzQ1MzM3OTg1MDY4Nzg0JTIxM2Q0MS41MDQ2NzE5OTY2Nzk4NyUyMTJtMyUyMTFmMCUyMTJmMCUyMTNmMCUyMTNtMiUyMTFpMTAyNCUyMTJpNzY4JTIxNGYxMy4xJTIxM20zJTIxMW0yJTIxMXMweGQzOTFlMzFhMDY3ZDYzMSUyNTNBMHhkM2M2MmM0NjczMTE0NTBhJTIxMnNNZXJjYWRvJTJCRGUlMkJBYmFzdG9zJTIxNWUwJTIxM20yJTIxMXNlcyUyMTJzZXMlMjE0djE1MzgwNTA3ODU4NzElMjIlMjB3aWR0aCUzRCUyMjYwMCUyMiUyMGhlaWdodCUzRCUyMjQ1MCUyMiUyMGZyYW1lYm9yZGVyJTNEJTIyMCUyMiUyMHN0eWxlJTNEJTIyYm9yZGVyJTNBMCUyMiUyMGFsbG93ZnVsbHNjcmVlbiUzRSUzQyUyRmlmcmFtZSUzRQ==&#8221;][\/vc_tta_section][\/vc_tta_tabs][\/vc_column][vc_column width=&#8221;1\/3&#8243;][vc_gallery interval=&#8221;0&#8243; images=&#8221;5410,5412,5414&#8243; img_size=&#8221;medium&#8221; title=&#8221;Embutidos Ballesteros Barrio Pinilla&#8221;][vc_tta_tabs][vc_tta_section i_icon_fontawesome=&#8221;fa fa-info-circle&#8221; add_icon=&#8221;true&#8221; title=&#8221;Information&#8221; tab_id=&#8221;1538050213587-0e112ca3-28f8&#8243;][vc_column_text]Barrio Pinilla (quartier Pinilla)<br \/>\nC\/Hermanos Baray\u00f3n, 111 <br \/>\n49028 Zamora (Espagne)<br \/>\n<i class=\"fa fa-phone\" aria-hidden=\"true\"><\/i> Tel.: +34 980 535 248[\/vc_column_text][\/vc_tta_section][vc_tta_section i_icon_fontawesome=&#8221;fa fa-map-o&#8221; add_icon=&#8221;true&#8221; title=&#8221;Voir emplacement&#8221; tab_id=&#8221;1538050213711-d65ce681-72f8&#8243;][vc_gmaps link=&#8221;#E-8_JTNDaWZyYW1lJTIwc3JjJTNEJTIyaHR0cHMlM0ElMkYlMkZ3d3cuZ29vZ2xlLmNvbSUyRm1hcHMlMkZlbWJlZCUzRnBiJTNEJTIxMW0xOCUyMTFtMTIlMjExbTMlMjExZDI5ODguMzcxNzYyNjYxODg4NiUyMTJkLTUuNzQyNTQwNjg1MDY5MTU1JTIxM2Q0MS40OTYyMTc4OTcyMDUyMDYlMjEybTMlMjExZjAlMjEyZjAlMjEzZjAlMjEzbTIlMjExaTEwMjQlMjEyaTc2OCUyMTRmMTMuMSUyMTNtMyUyMTFtMiUyMTFzMHhkMzkxZTMxYTE4YTkyNGIlMjUzQTB4ODQwZDczMzMxMjFmMzgwNCUyMTJzRW1idXRpZG9zJTJCQmFsbGVzdGVyb3MlMjUyQyUyQlMuTC4lMjE1ZTAlMjEzbTIlMjExc2VzJTIxMnNlcyUyMTR2MTUzODA1MTUxMTM2NiUyMiUyMHdpZHRoJTNEJTIyNjAwJTIyJTIwaGVpZ2h0JTNEJTIyNDUwJTIyJTIwZnJhbWVib3JkZXIlM0QlMjIwJTIyJTIwc3R5bGUlM0QlMjJib3JkZXIlM0EwJTIyJTIwYWxsb3dmdWxsc2NyZWVuJTNFJTNDJTJGaWZyYW1lJTNF&#8221;][\/vc_tta_section][\/vc_tta_tabs][\/vc_column][vc_column width=&#8221;1\/3&#8243;][vc_gallery interval=&#8221;0&#8243; images=&#8221;5342,5340,5338,5332,5334,5336&#8243; img_size=&#8221;medium&#8221; title=&#8221;Embutidos Ballesteros (Avda. Tres Cruces)&#8221;][vc_tta_tabs][vc_tta_section i_icon_fontawesome=&#8221;fa fa-info-circle&#8221; add_icon=&#8221;true&#8221; title=&#8221;Information&#8221; tab_id=&#8221;1538049461652-7a7c01aa-5cd8&#8243;][vc_column_text]Avda. Tres Cruces, 35<br \/>\n49008 Zamora (Espagne)<br \/>\n<i class=\"fa fa-phone\" aria-hidden=\"true\"><\/i> Tel.: +34 980 517 530[\/vc_column_text][\/vc_tta_section][vc_tta_section i_icon_fontawesome=&#8221;fa fa-map-o&#8221; add_icon=&#8221;true&#8221; title=&#8221;Voir emplacement&#8221; tab_id=&#8221;1538049480238-bb16aa92-de37&#8243;][vc_gmaps link=&#8221;#E-8_JTNDaWZyYW1lJTIwc3JjJTNEJTIyaHR0cHMlM0ElMkYlMkZ3d3cuZ29vZ2xlLmNvbSUyRm1hcHMlMkZlbWJlZCUzRnBiJTNEJTIxMW0xOCUyMTFtMTIlMjExbTMlMjExZDI5ODcuNjIzODc3OTAxMjA3JTIxMmQtNS43NDI5MjI0ODUwNjg1ODQlMjEzZDQxLjUxMjQyNDg5NjE5ODE3NiUyMTJtMyUyMTFmMCUyMTJmMCUyMTNmMCUyMTNtMiUyMTFpMTAyNCUyMTJpNzY4JTIxNGYxMy4xJTIxM20zJTIxMW0yJTIxMXMweGQzOTFlM2I1MjY0YTRkZiUyNTNBMHhjMjA3ZDMwZDI2NTgyNzdhJTIxMnNBdi4lMkJkZSUyQmxhcyUyQlRyZXMlMkJDcnVjZXMlMjUyQyUyQjM1JTI1MkMlMkI0OTAwOCUyQlphbW9yYSUyMTVlMCUyMTNtMiUyMTFzZXMlMjEyc2VzJTIxNHYxNTM4MDQ5NzQ1ODQzJTIyJTIwd2lkdGglM0QlMjI2MDAlMjIlMjBoZWlnaHQlM0QlMjI0NTAlMjIlMjBmcmFtZWJvcmRlciUzRCUyMjAlMjIlMjBzdHlsZSUzRCUyMmJvcmRlciUzQTAlMjIlMjBhbGxvd2Z1bGxzY3JlZW4lM0UlM0MlMkZpZnJhbWUlM0U=&#8221;][\/vc_tta_section][\/vc_tta_tabs][\/vc_column][\/vc_row][vc_row][vc_column][vc_custom_heading text=&#8221;Toro (Espagne)&#8221; use_theme_fonts=&#8221;yes&#8221; css_animation=&#8221;bounceInLeft&#8221; el_class=&#8221;tiendas&#8221;][\/vc_column][\/vc_row][vc_row][vc_column width=&#8221;1\/2&#8243;][vc_gallery interval=&#8221;0&#8243; images=&#8221;5434,5432,5430,5428,5426,5424,5422,5420,5418,5416&#8243; img_size=&#8221;medium&#8221; title=&#8221;Embutidos Ballesteros (Toro, N-122)&#8221;][vc_tta_tabs][vc_tta_section i_icon_fontawesome=&#8221;fa fa-info-circle&#8221; add_icon=&#8221;true&#8221; title=&#8221;Information&#8221; tab_id=&#8221;1538123451057-62b1e964-77bd&#8221;][vc_column_text]Puerta del Mercado, 41<br \/>\n49800 Toro (Zamora, Espagne)<br \/>\n<i class=\"fa fa-phone\" aria-hidden=\"true\"><\/i> Tel.: +34 980 69 24 69[\/vc_column_text][\/vc_tta_section][vc_tta_section i_icon_fontawesome=&#8221;fa fa-map-o&#8221; add_icon=&#8221;true&#8221; title=&#8221;Voir emplacement&#8221; tab_id=&#8221;1538123451133-cf0054d2-df4f&#8221;][vc_gmaps link=&#8221;#E-8_JTNDaWZyYW1lJTIwc3JjJTNEJTIyaHR0cHMlM0ElMkYlMkZ3d3cuZ29vZ2xlLmNvbSUyRm1hcHMlMkZlbWJlZCUzRnBiJTNEJTIxMW0xOCUyMTFtMTIlMjExbTMlMjExZDI5ODcuMTY5NDUyMDU3OTc0JTIxMmQtNS4zOTU0Njg5ODUxMzczNDQlMjEzZDQxLjUyMjI2OTk3OTI1MjAzJTIxMm0zJTIxMWYwJTIxMmYwJTIxM2YwJTIxM20yJTIxMWkxMDI0JTIxMmk3NjglMjE0ZjEzLjElMjEzbTMlMjExbTIlMjExczB4ZDM4OTRkMzI3ZGYwYzExJTI1M0EweDE4N2UzN2I0ODNhMDIxMjMlMjEyc1B1ZXJ0YSUyQmRlbCUyQk1lcmNhZG8lMjUyQyUyQjQxJTI1MkMlMkI0OTgwMCUyQlRvcm8lMjUyQyUyQlphbW9yYSUyMTVlMCUyMTNtMiUyMTFzZXMlMjEyc2VzJTIxNHYxNTM4MTIzNjk2NjE3JTIyJTIwd2lkdGglM0QlMjI2MDAlMjIlMjBoZWlnaHQlM0QlMjI0NTAlMjIlMjBmcmFtZWJvcmRlciUzRCUyMjAlMjIlMjBzdHlsZSUzRCUyMmJvcmRlciUzQTAlMjIlMjBhbGxvd2Z1bGxzY3JlZW4lM0UlM0MlMkZpZnJhbWUlM0U=&#8221;][\/vc_tta_section][\/vc_tta_tabs][\/vc_column][vc_column width=&#8221;1\/2&#8243;][vc_gallery interval=&#8221;3&#8243; images=&#8221;5478,5480,5482&#8243; img_size=&#8221;medium&#8221; title=&#8221;Ballesteros Ham&amp;Wine&#8221;][vc_tta_tabs active_section=&#8221;1&#8243;][vc_tta_section i_icon_fontawesome=&#8221;fa fa-info-circle&#8221; add_icon=&#8221;true&#8221; title=&#8221;Information&#8221; tab_id=&#8221;1538052590032-d6835bcc-923d&#8221;][vc_column_text]Ctra N-122, Km. 424<br \/>\n49800 Toro (Zamora, Espagne)<br \/>\n<i class=\"fa fa-phone\" aria-hidden=\"true\"><\/i> Tel.: +34 980 690 604[\/vc_column_text][\/vc_tta_section][vc_tta_section i_icon_fontawesome=&#8221;fa fa-map-o&#8221; add_icon=&#8221;true&#8221; title=&#8221;Voir emplacement&#8221; tab_id=&#8221;1538052590188-c56108e7-eaaa&#8221;][vc_gmaps link=&#8221;#E-8_JTNDaWZyYW1lJTIwc3JjJTNEJTIyaHR0cHMlM0ElMkYlMkZ3d3cuZ29vZ2xlLmNvbSUyRm1hcHMlMkZlbWJlZCUzRnBiJTNEJTIxMW0xOCUyMTFtMTIlMjExbTMlMjExZDI5ODYuNTk3OTQxNDEwNzQ2NCUyMTJkLTUuMzEzNjAzOTg1MTM2ODYlMjEzZDQxLjUzNDY0ODk3OTI1MDklMjEybTMlMjExZjAlMjEyZjAlMjEzZjAlMjEzbTIlMjExaTEwMjQlMjEyaTc2OCUyMTRmMTMuMSUyMTNtMyUyMTFtMiUyMTFzMHhkMzg5NDIwYmYxZWYzZGYlMjUzQTB4OGFkMGJiOTNmNGUzNDZjNiUyMTJzRW1idXRpZG9zJTJCQmFsbGVzdGVyb3MlMkJTJTJCTCUyMTVlMCUyMTNtMiUyMTFzZXMlMjEyc2VzJTIxNHYxNTM4MTIwMzM2MzMyJTIyJTIwd2lkdGglM0QlMjI2MDAlMjIlMjBoZWlnaHQlM0QlMjI0NTAlMjIlMjBmcmFtZWJvcmRlciUzRCUyMjAlMjIlMjBzdHlsZSUzRCUyMmJvcmRlciUzQTAlMjIlMjBhbGxvd2Z1bGxzY3JlZW4lM0UlM0MlMkZpZnJhbWUlM0U=&#8221;][\/vc_tta_section][\/vc_tta_tabs][\/vc_column][\/vc_row][vc_row][vc_column][vc_custom_heading text=&#8221;Valladolid (Espagne)&#8221; use_theme_fonts=&#8221;yes&#8221; css_animation=&#8221;bounceInLeft&#8221; el_class=&#8221;tiendas&#8221;][\/vc_column][\/vc_row][vc_row][vc_column width=&#8221;1\/2&#8243;][vc_gallery interval=&#8221;0&#8243; images=&#8221;5444,5446&#8243; img_size=&#8221;medium&#8221; title=&#8221;Embutidos Ballesteros (Gare routi\u00e8re)&#8221;][vc_tta_tabs active_section=&#8221;1&#8243;][vc_tta_section i_icon_fontawesome=&#8221;fa fa-info-circle&#8221; add_icon=&#8221;true&#8221; title=&#8221;Information&#8221; tab_id=&#8221;1538052673561-92e0d75c-5d1a&#8221;][vc_column_text]Estaci\u00f3n de Autobuses (Gare routi\u00e8re)<br \/>\n47007 Valladolid (Espagne)<br \/>\n<i class=\"fa fa-phone\" aria-hidden=\"true\"><\/i> Tel.:\u00a0+34 983 232 530[\/vc_column_text][\/vc_tta_section][vc_tta_section i_icon_fontawesome=&#8221;fa fa-map-o&#8221; add_icon=&#8221;true&#8221; title=&#8221;Voir emplacement&#8221; tab_id=&#8221;1538052673657-9ba7b407-fa8e&#8221;][vc_gmaps link=&#8221;#E-8_JTNDaWZyYW1lJTIwc3JjJTNEJTIyaHR0cHMlM0ElMkYlMkZ3d3cuZ29vZ2xlLmNvbSUyRm1hcHMlMkZlbWJlZCUzRnBiJTNEJTIxMW0xOCUyMTFtMTIlMjExbTMlMjExZDI5ODEuNjY1NTc0NTgzMTcxMyUyMTJkLTQuNzM0NDAzNzg1MTMyNjAzJTIxM2Q0MS42NDEzNTk1NzkyNDE3JTIxMm0zJTIxMWYwJTIxMmYwJTIxM2YwJTIxM20yJTIxMWkxMDI0JTIxMmk3NjglMjE0ZjEzLjElMjEzbTMlMjExbTIlMjExczB4ZDQ3NmQzNWNjZGI2NjI3JTI1M0EweDU1NWNkOGJhN2NjMTcxMjglMjEyc0VtYnV0aWRvcyUyQkJhbGxlc3Rlcm9zJTI1MkMlMkJTLkwuJTIxNWUwJTIxM20yJTIxMXNlcyUyMTJzZXMlMjE0djE1MzgxMjE2ODcyOTAlMjIlMjB3aWR0aCUzRCUyMjYwMCUyMiUyMGhlaWdodCUzRCUyMjQ1MCUyMiUyMGZyYW1lYm9yZGVyJTNEJTIyMCUyMiUyMHN0eWxlJTNEJTIyYm9yZGVyJTNBMCUyMiUyMGFsbG93ZnVsbHNjcmVlbiUzRSUzQyUyRmlmcmFtZSUzRQ==&#8221;][\/vc_tta_section][\/vc_tta_tabs][\/vc_column][vc_column width=&#8221;1\/2&#8243;][vc_gallery interval=&#8221;0&#8243; images=&#8221;5448,5450,5452,5454,5456,5458,5460,5462&#8243; img_size=&#8221;medium&#8221; title=&#8221;Embutidos Ballesteros (Las Moradas)&#8221;][vc_tta_tabs active_section=&#8221;1&#8243;][vc_tta_section i_icon_fontawesome=&#8221;fa fa-info-circle&#8221; add_icon=&#8221;true&#8221; title=&#8221;Information&#8221; tab_id=&#8221;1538052697986-b7c21e03-2b9e&#8221;][vc_column_text]C\/ Las Moradas, 21 bajo<br \/>\n47000 Valladolid (Espagne)<br \/>\n<i class=\"fa fa-phone\" aria-hidden=\"true\"><\/i> Tel.: +34 983 256 756[\/vc_column_text][\/vc_tta_section][vc_tta_section i_icon_fontawesome=&#8221;fa fa-map-o&#8221; add_icon=&#8221;true&#8221; title=&#8221;Voir emplacement&#8221; tab_id=&#8221;1538052698075-1fbc6763-a72f&#8221;][vc_gmaps link=&#8221;#E-8_JTNDaWZyYW1lJTIwc3JjJTNEJTIyaHR0cHMlM0ElMkYlMkZ3d3cuZ29vZ2xlLmNvbSUyRm1hcHMlMkZlbWJlZCUzRnBiJTNEJTIxMW0xOCUyMTFtMTIlMjExbTMlMjExZDI5ODAuNzU0NDUwMjk3MDklMjEyZC00LjcyNDMxNTM4NTEzMTc5NSUyMTNkNDEuNjYxMDQ3MDc5MjM5OTM1JTIxMm0zJTIxMWYwJTIxMmYwJTIxM2YwJTIxM20yJTIxMWkxMDI0JTIxMmk3NjglMjE0ZjEzLjElMjEzbTMlMjExbTIlMjExczB4ZDQ3MTJhOTc5ODZmYWRkJTI1M0EweGY3NTYyZDQ3ZTE1M2NjODglMjEyc0VtYnV0aWRvcyUyQkJhbGxlc3Rlcm9zJTJCUy5MLiUyMTVlMCUyMTNtMiUyMTFzZXMlMjEyc2VzJTIxNHYxNTM4MTIxNzQxNzkwJTIyJTIwd2lkdGglM0QlMjI2MDAlMjIlMjBoZWlnaHQlM0QlMjI0NTAlMjIlMjBmcmFtZWJvcmRlciUzRCUyMjAlMjIlMjBzdHlsZSUzRCUyMmJvcmRlciUzQTAlMjIlMjBhbGxvd2Z1bGxzY3JlZW4lM0UlM0MlMkZpZnJhbWUlM0U=&#8221;][\/vc_tta_section][\/vc_tta_tabs][\/vc_column][\/vc_row][vc_row][vc_column][vc_custom_heading text=&#8221;Salamanca (Espagne)&#8221; use_theme_fonts=&#8221;yes&#8221; css_animation=&#8221;bounceInLeft&#8221; el_class=&#8221;tiendas&#8221;][\/vc_column][\/vc_row][vc_row][vc_column width=&#8221;1\/2&#8243;][vc_gallery interval=&#8221;0&#8243; images=&#8221;5464,5466,5468,5470&#8243; img_size=&#8221;medium&#8221; title=&#8221;Embutidos Ballesteros (Mar\u00eda Auxiliadora)&#8221;][vc_tta_tabs active_section=&#8221;1&#8243;][vc_tta_section i_icon_fontawesome=&#8221;fa fa-info-circle&#8221; add_icon=&#8221;true&#8221; title=&#8221;Information&#8221; tab_id=&#8221;1538052721376-db61e277-5735&#8243;][vc_column_text]C\/ Mar\u00eda Auxiliadora, 28<br \/>\n37004 Salamanca (Espagne)<br \/>\n<i class=\"fa fa-phone\" aria-hidden=\"true\"><\/i> Tel.:+34 923 236 871 \/\u00a0+34 662 116 673[\/vc_column_text][\/vc_tta_section][vc_tta_section i_icon_fontawesome=&#8221;fa fa-map-o&#8221; add_icon=&#8221;true&#8221; title=&#8221;Voir emplacement&#8221; tab_id=&#8221;1538052721475-5699288e-6c8e&#8221;][vc_gmaps link=&#8221;#E-8_JTNDaWZyYW1lJTIwc3JjJTNEJTIyaHR0cHMlM0ElMkYlMkZ3d3cuZ29vZ2xlLmNvbSUyRm1hcHMlMkZlbWJlZCUzRnBiJTNEJTIxMW0xOCUyMTFtMTIlMjExbTMlMjExZDMwMTIuNTA5NjY0MDg0OTg5MyUyMTJkLTUuNjYwNzUwNjg1MTU5Mjc4JTIxM2Q0MC45NzAzMTkzNzkzMDQ2NTUlMjEybTMlMjExZjAlMjEyZjAlMjEzZjAlMjEzbTIlMjExaTEwMjQlMjEyaTc2OCUyMTRmMTMuMSUyMTNtMyUyMTFtMiUyMTFzMHhkM2YyNjEwNjZiOWE5NzklMjUzQTB4NmU1Yjk0MTM1YTFlNTAwMiUyMTJzQ2FsbGUlMkJNYXIlMjVDMyUyNUFEYSUyQkF1eGlsaWFkb3JhJTI1MkMlMkIyOCUyNTJDJTJCMzcwMDQlMkJTYWxhbWFuY2ElMjE1ZTAlMjEzbTIlMjExc2VzJTIxMnNlcyUyMTR2MTUzODEyMjM2OTI2MCUyMiUyMHdpZHRoJTNEJTIyNjAwJTIyJTIwaGVpZ2h0JTNEJTIyNDUwJTIyJTIwZnJhbWVib3JkZXIlM0QlMjIwJTIyJTIwc3R5bGUlM0QlMjJib3JkZXIlM0EwJTIyJTIwYWxsb3dmdWxsc2NyZWVuJTNFJTNDJTJGaWZyYW1lJTNF&#8221;][\/vc_tta_section][\/vc_tta_tabs][\/vc_column][vc_column width=&#8221;1\/2&#8243;][vc_gallery interval=&#8221;0&#8243; images=&#8221;5472,5474,5476&#8243; img_size=&#8221;medium&#8221; title=&#8221;Embutidos Ballesteros (Avenida de Portugal)&#8221;][vc_tta_tabs active_section=&#8221;1&#8243;][vc_tta_section i_icon_fontawesome=&#8221;fa fa-info-circle&#8221; add_icon=&#8221;true&#8221; title=&#8221;Information&#8221; tab_id=&#8221;1538052734846-5a6b71d2-4f58&#8243;][vc_column_text]Avenida de Portugal 154<br \/>\n37004 Salamanca (Espagne)<br \/>\n<i class=\"fa fa-phone\" aria-hidden=\"true\"><\/i> Tel.: +34 923 236 871 \/\u00a0+34 662 116 673[\/vc_column_text][\/vc_tta_section][vc_tta_section i_icon_fontawesome=&#8221;fa fa-map-o&#8221; add_icon=&#8221;true&#8221; title=&#8221;Voir emplacement&#8221; tab_id=&#8221;1538052734927-0aaa1a35-d474&#8243;][vc_gmaps link=&#8221;#E-8_JTNDaWZyYW1lJTIwc3JjJTNEJTIyaHR0cHMlM0ElMkYlMkZ3d3cuZ29vZ2xlLmNvbSUyRm1hcHMlMkZlbWJlZCUzRnBiJTNEJTIxMW0xOCUyMTFtMTIlMjExbTMlMjExZDMwMTIuMzgxNzY0MDA3NTAxJTIxMmQtNS42NjgzMjA2ODUxNTkxNjUlMjEzZDQwLjk3MzEyMDU3OTMwNDM2JTIxMm0zJTIxMWYwJTIxMmYwJTIxM2YwJTIxM20yJTIxMWkxMDI0JTIxMmk3NjglMjE0ZjEzLjElMjEzbTMlMjExbTIlMjExczB4ZDNmMjYxODY0ZDg4N2NiJTI1M0EweDYzYWMwM2UyMWVmMzRjM2QlMjEyc0F2ZW5pZGElMkJkZSUyQlBvcnR1Z2FsJTI1MkMlMkIxNTQlMjUyQyUyQjM3MDA2JTJCU2FsYW1hbmNhJTIxNWUwJTIxM20yJTIxMXNlcyUyMTJzZXMlMjE0djE1MzgxMjI0MjkwNDElMjIlMjB3aWR0aCUzRCUyMjYwMCUyMiUyMGhlaWdodCUzRCUyMjQ1MCUyMiUyMGZyYW1lYm9yZGVyJTNEJTIyMCUyMiUyMHN0eWxlJTNEJTIyYm9yZGVyJTNBMCUyMiUyMGFsbG93ZnVsbHNjcmVlbiUzRSUzQyUyRmlmcmFtZSUzRQ==&#8221;][\/vc_tta_section][\/vc_tta_tabs][\/vc_column][\/vc_row]<\/p>\n<\/div>","protected":false},"excerpt":{"rendered":"<p>[vc_row][vc_column][vc_custom_heading text=&#8221;Nos boutiques&#8221;][vc_column_text]Chez Embutidos Ballesteros, nous fabriquons nos propres produits et vous les faisons parvenir sans interm\u00e9diaire. Veuillez consulter notre \u00e9tablissement le plus proche de chez vous pour faire vos achats. Notre personnel sp\u00e9cialis\u00e9, nos machines modernes et notre longue exp\u00e9rience nous permettent de donner \u00e0 chacun de nos produits le soin qu\u2019il r\u00e9clame afin [&hellip;]<\/p>\n","protected":false},"author":1,"featured_media":0,"parent":0,"menu_order":0,"comment_status":"closed","ping_status":"closed","template":"","meta":{"footnotes":""},"class_list":["post-5935","page","type-page","status-publish","hentry"],"yoast_head":"<!-- This site is optimized with the Yoast SEO plugin v27.4 - https:\/\/yoast.com\/product\/yoast-seo-wordpress\/ -->\n<title>Veuillez consulter leur emplacement.<\/title>\n<meta name=\"description\" content=\"Nous disposons de 9 magasins pour vous servir. Veuillez consulter leur emplacement.\" \/>\n<meta name=\"robots\" content=\"index, follow, max-snippet:-1, max-image-preview:large, max-video-preview:-1\" \/>\n<link rel=\"canonical\" href=\"https:\/\/www.embutidosballesteros.es\/fr\/nos-boutiques\/\" \/>\n<meta property=\"og:locale\" content=\"fr_FR\" \/>\n<meta property=\"og:type\" content=\"article\" \/>\n<meta property=\"og:title\" content=\"Veuillez consulter leur emplacement.\" \/>\n<meta property=\"og:description\" content=\"Nous disposons de 9 magasins pour vous servir. Veuillez consulter leur emplacement.\" \/>\n<meta property=\"og:url\" content=\"https:\/\/www.embutidosballesteros.es\/fr\/nos-boutiques\/\" \/>\n<meta property=\"og:site_name\" content=\"Embutidos Ballesteros\" \/>\n<meta property=\"article:modified_time\" content=\"2019-02-28T12:15:02+00:00\" \/>\n<meta name=\"twitter:card\" content=\"summary_large_image\" \/>\n<meta name=\"twitter:label1\" content=\"Dur\u00e9e de lecture estim\u00e9e\" \/>\n\t<meta name=\"twitter:data1\" content=\"7 minutes\" \/>\n<script type=\"application\/ld+json\" class=\"yoast-schema-graph\">{\"@context\":\"https:\\\/\\\/schema.org\",\"@graph\":[{\"@type\":\"WebPage\",\"@id\":\"https:\\\/\\\/www.embutidosballesteros.es\\\/fr\\\/nos-boutiques\\\/\",\"url\":\"https:\\\/\\\/www.embutidosballesteros.es\\\/fr\\\/nos-boutiques\\\/\",\"name\":\"Veuillez consulter leur emplacement.\",\"isPartOf\":{\"@id\":\"https:\\\/\\\/www.embutidosballesteros.es\\\/fr\\\/#website\"},\"datePublished\":\"2019-02-28T12:14:52+00:00\",\"dateModified\":\"2019-02-28T12:15:02+00:00\",\"description\":\"Nous disposons de 9 magasins pour vous servir. Veuillez consulter leur emplacement.\",\"breadcrumb\":{\"@id\":\"https:\\\/\\\/www.embutidosballesteros.es\\\/fr\\\/nos-boutiques\\\/#breadcrumb\"},\"inLanguage\":\"fr-FR\",\"potentialAction\":[{\"@type\":\"ReadAction\",\"target\":[\"https:\\\/\\\/www.embutidosballesteros.es\\\/fr\\\/nos-boutiques\\\/\"]}]},{\"@type\":\"BreadcrumbList\",\"@id\":\"https:\\\/\\\/www.embutidosballesteros.es\\\/fr\\\/nos-boutiques\\\/#breadcrumb\",\"itemListElement\":[{\"@type\":\"ListItem\",\"position\":1,\"name\":\"Portada\",\"item\":\"https:\\\/\\\/www.embutidosballesteros.es\\\/fr\\\/\"},{\"@type\":\"ListItem\",\"position\":2,\"name\":\"Nos boutiques\"}]},{\"@type\":\"WebSite\",\"@id\":\"https:\\\/\\\/www.embutidosballesteros.es\\\/fr\\\/#website\",\"url\":\"https:\\\/\\\/www.embutidosballesteros.es\\\/fr\\\/\",\"name\":\"Embutidos Ballesteros\",\"description\":\"Embutidos y jamones de elaboraci\u00f3n propia\",\"potentialAction\":[{\"@type\":\"SearchAction\",\"target\":{\"@type\":\"EntryPoint\",\"urlTemplate\":\"https:\\\/\\\/www.embutidosballesteros.es\\\/fr\\\/?s={search_term_string}\"},\"query-input\":{\"@type\":\"PropertyValueSpecification\",\"valueRequired\":true,\"valueName\":\"search_term_string\"}}],\"inLanguage\":\"fr-FR\"}]}<\/script>\n<!-- \/ Yoast SEO plugin. -->","yoast_head_json":{"title":"Veuillez consulter leur emplacement.","description":"Nous disposons de 9 magasins pour vous servir. Veuillez consulter leur emplacement.","robots":{"index":"index","follow":"follow","max-snippet":"max-snippet:-1","max-image-preview":"max-image-preview:large","max-video-preview":"max-video-preview:-1"},"canonical":"https:\/\/www.embutidosballesteros.es\/fr\/nos-boutiques\/","og_locale":"fr_FR","og_type":"article","og_title":"Veuillez consulter leur emplacement.","og_description":"Nous disposons de 9 magasins pour vous servir. Veuillez consulter leur emplacement.","og_url":"https:\/\/www.embutidosballesteros.es\/fr\/nos-boutiques\/","og_site_name":"Embutidos Ballesteros","article_modified_time":"2019-02-28T12:15:02+00:00","twitter_card":"summary_large_image","twitter_misc":{"Dur\u00e9e de lecture estim\u00e9e":"7 minutes"},"schema":{"@context":"https:\/\/schema.org","@graph":[{"@type":"WebPage","@id":"https:\/\/www.embutidosballesteros.es\/fr\/nos-boutiques\/","url":"https:\/\/www.embutidosballesteros.es\/fr\/nos-boutiques\/","name":"Veuillez consulter leur emplacement.","isPartOf":{"@id":"https:\/\/www.embutidosballesteros.es\/fr\/#website"},"datePublished":"2019-02-28T12:14:52+00:00","dateModified":"2019-02-28T12:15:02+00:00","description":"Nous disposons de 9 magasins pour vous servir. Veuillez consulter leur emplacement.","breadcrumb":{"@id":"https:\/\/www.embutidosballesteros.es\/fr\/nos-boutiques\/#breadcrumb"},"inLanguage":"fr-FR","potentialAction":[{"@type":"ReadAction","target":["https:\/\/www.embutidosballesteros.es\/fr\/nos-boutiques\/"]}]},{"@type":"BreadcrumbList","@id":"https:\/\/www.embutidosballesteros.es\/fr\/nos-boutiques\/#breadcrumb","itemListElement":[{"@type":"ListItem","position":1,"name":"Portada","item":"https:\/\/www.embutidosballesteros.es\/fr\/"},{"@type":"ListItem","position":2,"name":"Nos boutiques"}]},{"@type":"WebSite","@id":"https:\/\/www.embutidosballesteros.es\/fr\/#website","url":"https:\/\/www.embutidosballesteros.es\/fr\/","name":"Embutidos Ballesteros","description":"Embutidos y jamones de elaboraci\u00f3n propia","potentialAction":[{"@type":"SearchAction","target":{"@type":"EntryPoint","urlTemplate":"https:\/\/www.embutidosballesteros.es\/fr\/?s={search_term_string}"},"query-input":{"@type":"PropertyValueSpecification","valueRequired":true,"valueName":"search_term_string"}}],"inLanguage":"fr-FR"}]}},"_links":{"self":[{"href":"https:\/\/www.embutidosballesteros.es\/fr\/wp-json\/wp\/v2\/pages\/5935","targetHints":{"allow":["GET"]}}],"collection":[{"href":"https:\/\/www.embutidosballesteros.es\/fr\/wp-json\/wp\/v2\/pages"}],"about":[{"href":"https:\/\/www.embutidosballesteros.es\/fr\/wp-json\/wp\/v2\/types\/page"}],"author":[{"embeddable":true,"href":"https:\/\/www.embutidosballesteros.es\/fr\/wp-json\/wp\/v2\/users\/1"}],"replies":[{"embeddable":true,"href":"https:\/\/www.embutidosballesteros.es\/fr\/wp-json\/wp\/v2\/comments?post=5935"}],"version-history":[{"count":0,"href":"https:\/\/www.embutidosballesteros.es\/fr\/wp-json\/wp\/v2\/pages\/5935\/revisions"}],"wp:attachment":[{"href":"https:\/\/www.embutidosballesteros.es\/fr\/wp-json\/wp\/v2\/media?parent=5935"}],"curies":[{"name":"wp","href":"https:\/\/api.w.org\/{rel}","templated":true}]}}