{"id":6527,"date":"2019-03-18T09:07:10","date_gmt":"2019-03-18T09:07:10","guid":{"rendered":"https:\/\/www.embutidosballesteros.es\/lots\/"},"modified":"2019-03-18T09:07:11","modified_gmt":"2019-03-18T09:07:11","slug":"lots","status":"publish","type":"page","link":"https:\/\/www.embutidosballesteros.es\/fr\/lots\/","title":{"rendered":"Lots"},"content":{"rendered":"<div class=\"wpb-content-wrapper\"><p>[vc_row][vc_column][vc_column_text]Consultez notre <strong> catalogue de lots de soci\u00e9t\u00e9s <\/ strong> ci-dessous.<\/p>\n<p>Si vous pr\u00e9f\u00e9rez, vous pouvez aussi <a href=\"https:\/\/www.embutidosballesteros.es\/wp-content\/uploads\/2018\/06\/Catalogo_Embutidos_Ballesteros_2018.pdf\" target=\"_blank\" rel=\"noopener noreferrer\">le t\u00e9l\u00e9charger<\/a> et v\u00e9rifiez-le directement \u00e0 partir de vos appareils.<\/p>\n<p>Si vous souhaitez plus d&#8217;informations sur nos lots de produits, s&#8217;il vous pla\u00eet, <a href=\"https:\/\/www.embutidosballesteros.es\/fr\/contact\/\">Contactez-nous<\/a>.<\/p>\n<p>[pdf-embedder url=&#8221;https:\/\/www.embutidosballesteros.es\/wp-content\/uploads\/2018\/06\/Catalogo_Embutidos_Ballesteros_2018.pdf&#8221;]<\/p>\n<p>[\/vc_column_text][\/vc_column][\/vc_row]<\/p>\n<\/div>","protected":false},"excerpt":{"rendered":"<p>[vc_row][vc_column][vc_column_text]Consultez notre catalogue de lots de soci\u00e9t\u00e9s ci-dessous. Si vous pr\u00e9f\u00e9rez, vous pouvez aussi le t\u00e9l\u00e9charger et v\u00e9rifiez-le directement \u00e0 partir de vos appareils. Si vous souhaitez plus d&#8217;informations sur nos lots de produits, s&#8217;il vous pla\u00eet, Contactez-nous. [pdf-embedder url=&#8221;https:\/\/www.embutidosballesteros.es\/wp-content\/uploads\/2018\/06\/Catalogo_Embutidos_Ballesteros_2018.pdf&#8221;] [\/vc_column_text][\/vc_column][\/vc_row]<\/p>\n","protected":false},"author":1,"featured_media":0,"parent":0,"menu_order":0,"comment_status":"closed","ping_status":"closed","template":"","meta":{"footnotes":""},"class_list":["post-6527","page","type-page","status-publish","hentry"],"yoast_head":"<!-- This site is optimized with the Yoast SEO plugin v27.3 - https:\/\/yoast.com\/product\/yoast-seo-wordpress\/ -->\n<title>Lots de Embutidos Ballesteros y jamones Ib\u00e9ricos<\/title>\n<meta name=\"description\" content=\"Pour toute f\u00eate, r\u00e9union ou cadeau d\u2019affaires que vous souhaitez faire, nous mettons \u00e0 votre disposition le catalogue de lots de Saucisses Ballesteros\" \/>\n<meta name=\"robots\" content=\"index, follow, max-snippet:-1, max-image-preview:large, max-video-preview:-1\" \/>\n<link rel=\"canonical\" href=\"https:\/\/www.embutidosballesteros.es\/fr\/lots\/\" \/>\n<meta property=\"og:locale\" content=\"fr_FR\" \/>\n<meta property=\"og:type\" content=\"article\" \/>\n<meta property=\"og:title\" content=\"Lots de Embutidos Ballesteros y jamones Ib\u00e9ricos\" \/>\n<meta property=\"og:description\" content=\"Pour toute f\u00eate, r\u00e9union ou cadeau d\u2019affaires que vous souhaitez faire, nous mettons \u00e0 votre disposition le catalogue de lots de Saucisses Ballesteros\" \/>\n<meta property=\"og:url\" content=\"https:\/\/www.embutidosballesteros.es\/fr\/lots\/\" \/>\n<meta property=\"og:site_name\" content=\"Embutidos Ballesteros\" \/>\n<meta property=\"article:modified_time\" content=\"2019-03-18T09:07:11+00:00\" \/>\n<meta name=\"twitter:card\" content=\"summary_large_image\" \/>\n<script type=\"application\/ld+json\" class=\"yoast-schema-graph\">{\"@context\":\"https:\\\/\\\/schema.org\",\"@graph\":[{\"@type\":\"WebPage\",\"@id\":\"https:\\\/\\\/www.embutidosballesteros.es\\\/fr\\\/lots\\\/\",\"url\":\"https:\\\/\\\/www.embutidosballesteros.es\\\/fr\\\/lots\\\/\",\"name\":\"Lots de Embutidos Ballesteros y jamones Ib\u00e9ricos\",\"isPartOf\":{\"@id\":\"https:\\\/\\\/www.embutidosballesteros.es\\\/fr\\\/#website\"},\"datePublished\":\"2019-03-18T09:07:10+00:00\",\"dateModified\":\"2019-03-18T09:07:11+00:00\",\"description\":\"Pour toute f\u00eate, r\u00e9union ou cadeau d\u2019affaires que vous souhaitez faire, nous mettons \u00e0 votre disposition le catalogue de lots de Saucisses Ballesteros\",\"breadcrumb\":{\"@id\":\"https:\\\/\\\/www.embutidosballesteros.es\\\/fr\\\/lots\\\/#breadcrumb\"},\"inLanguage\":\"fr-FR\",\"potentialAction\":[{\"@type\":\"ReadAction\",\"target\":[\"https:\\\/\\\/www.embutidosballesteros.es\\\/fr\\\/lots\\\/\"]}]},{\"@type\":\"BreadcrumbList\",\"@id\":\"https:\\\/\\\/www.embutidosballesteros.es\\\/fr\\\/lots\\\/#breadcrumb\",\"itemListElement\":[{\"@type\":\"ListItem\",\"position\":1,\"name\":\"Portada\",\"item\":\"https:\\\/\\\/www.embutidosballesteros.es\\\/fr\\\/\"},{\"@type\":\"ListItem\",\"position\":2,\"name\":\"Lots\"}]},{\"@type\":\"WebSite\",\"@id\":\"https:\\\/\\\/www.embutidosballesteros.es\\\/fr\\\/#website\",\"url\":\"https:\\\/\\\/www.embutidosballesteros.es\\\/fr\\\/\",\"name\":\"Embutidos Ballesteros\",\"description\":\"Embutidos y jamones de elaboraci\u00f3n propia\",\"potentialAction\":[{\"@type\":\"SearchAction\",\"target\":{\"@type\":\"EntryPoint\",\"urlTemplate\":\"https:\\\/\\\/www.embutidosballesteros.es\\\/fr\\\/?s={search_term_string}\"},\"query-input\":{\"@type\":\"PropertyValueSpecification\",\"valueRequired\":true,\"valueName\":\"search_term_string\"}}],\"inLanguage\":\"fr-FR\"}]}<\/script>\n<!-- \/ Yoast SEO plugin. -->","yoast_head_json":{"title":"Lots de Embutidos Ballesteros y jamones Ib\u00e9ricos","description":"Pour toute f\u00eate, r\u00e9union ou cadeau d\u2019affaires que vous souhaitez faire, nous mettons \u00e0 votre disposition le catalogue de lots de Saucisses Ballesteros","robots":{"index":"index","follow":"follow","max-snippet":"max-snippet:-1","max-image-preview":"max-image-preview:large","max-video-preview":"max-video-preview:-1"},"canonical":"https:\/\/www.embutidosballesteros.es\/fr\/lots\/","og_locale":"fr_FR","og_type":"article","og_title":"Lots de Embutidos Ballesteros y jamones Ib\u00e9ricos","og_description":"Pour toute f\u00eate, r\u00e9union ou cadeau d\u2019affaires que vous souhaitez faire, nous mettons \u00e0 votre disposition le catalogue de lots de Saucisses Ballesteros","og_url":"https:\/\/www.embutidosballesteros.es\/fr\/lots\/","og_site_name":"Embutidos Ballesteros","article_modified_time":"2019-03-18T09:07:11+00:00","twitter_card":"summary_large_image","schema":{"@context":"https:\/\/schema.org","@graph":[{"@type":"WebPage","@id":"https:\/\/www.embutidosballesteros.es\/fr\/lots\/","url":"https:\/\/www.embutidosballesteros.es\/fr\/lots\/","name":"Lots de Embutidos Ballesteros y jamones Ib\u00e9ricos","isPartOf":{"@id":"https:\/\/www.embutidosballesteros.es\/fr\/#website"},"datePublished":"2019-03-18T09:07:10+00:00","dateModified":"2019-03-18T09:07:11+00:00","description":"Pour toute f\u00eate, r\u00e9union ou cadeau d\u2019affaires que vous souhaitez faire, nous mettons \u00e0 votre disposition le catalogue de lots de Saucisses Ballesteros","breadcrumb":{"@id":"https:\/\/www.embutidosballesteros.es\/fr\/lots\/#breadcrumb"},"inLanguage":"fr-FR","potentialAction":[{"@type":"ReadAction","target":["https:\/\/www.embutidosballesteros.es\/fr\/lots\/"]}]},{"@type":"BreadcrumbList","@id":"https:\/\/www.embutidosballesteros.es\/fr\/lots\/#breadcrumb","itemListElement":[{"@type":"ListItem","position":1,"name":"Portada","item":"https:\/\/www.embutidosballesteros.es\/fr\/"},{"@type":"ListItem","position":2,"name":"Lots"}]},{"@type":"WebSite","@id":"https:\/\/www.embutidosballesteros.es\/fr\/#website","url":"https:\/\/www.embutidosballesteros.es\/fr\/","name":"Embutidos Ballesteros","description":"Embutidos y jamones de elaboraci\u00f3n propia","potentialAction":[{"@type":"SearchAction","target":{"@type":"EntryPoint","urlTemplate":"https:\/\/www.embutidosballesteros.es\/fr\/?s={search_term_string}"},"query-input":{"@type":"PropertyValueSpecification","valueRequired":true,"valueName":"search_term_string"}}],"inLanguage":"fr-FR"}]}},"_links":{"self":[{"href":"https:\/\/www.embutidosballesteros.es\/fr\/wp-json\/wp\/v2\/pages\/6527","targetHints":{"allow":["GET"]}}],"collection":[{"href":"https:\/\/www.embutidosballesteros.es\/fr\/wp-json\/wp\/v2\/pages"}],"about":[{"href":"https:\/\/www.embutidosballesteros.es\/fr\/wp-json\/wp\/v2\/types\/page"}],"author":[{"embeddable":true,"href":"https:\/\/www.embutidosballesteros.es\/fr\/wp-json\/wp\/v2\/users\/1"}],"replies":[{"embeddable":true,"href":"https:\/\/www.embutidosballesteros.es\/fr\/wp-json\/wp\/v2\/comments?post=6527"}],"version-history":[{"count":0,"href":"https:\/\/www.embutidosballesteros.es\/fr\/wp-json\/wp\/v2\/pages\/6527\/revisions"}],"wp:attachment":[{"href":"https:\/\/www.embutidosballesteros.es\/fr\/wp-json\/wp\/v2\/media?parent=6527"}],"curies":[{"name":"wp","href":"https:\/\/api.w.org\/{rel}","templated":true}]}}