{"id":6542,"date":"2019-03-18T09:44:42","date_gmt":"2019-03-18T09:44:42","guid":{"rendered":"https:\/\/www.embutidosballesteros.es\/politica-de-privacidad\/"},"modified":"2019-03-18T09:44:42","modified_gmt":"2019-03-18T09:44:42","slug":"politica-de-privacidad","status":"publish","type":"page","link":"https:\/\/www.embutidosballesteros.es\/fr\/politica-de-privacidad\/","title":{"rendered":"Pol\u00edtica de privacidad"},"content":{"rendered":"<p><span class=\"xaccountname\"><b>EMBUTIDOS BALLESTEROS S.L.<\/b><\/span><b>\u00a0<\/b>informa seguidamente de su pol\u00edtica de privacidad, aplicada a los datos personales. De esta manera, todos los datos personales que tenga bajo su responsabilidad ser\u00e1n tratados de acuerdo con la Ley Org\u00e1nica 15\/1999, 13 de Diciembre, de Protecci\u00f3n de Datos de Car\u00e1cter Personal, y se guardar\u00e1n las debidas medidas de seguridad y confidencialidad de los mismos.<\/p>\n<p>La visita del sitio web <a id=\"LPlnk894825\" href=\"http:\/\/www.embutidosballesteros.es\/es\/\">http:\/\/www.embutidosballesteros.es\/es\/<\/a> no implica que el usuario deba suministrar informaci\u00f3n alguna respecto a su identidad, no pudiendo ser asociada a un usuario concreto por la empresa. En el supuesto que se suministre datos de car\u00e1cter de personal, estos datos ser\u00e1n recogidos y utilizados conforme a las limitaciones y los derechos recogidos en la citada norma de protecci\u00f3n de datos.<\/p>\n<p>Los usuarios que faciliten datos de car\u00e1cter personal consienten de forma clara, exacta e inequ\u00edvoca las presentes condiciones.<\/p>\n<ol>\n<li>Recogida de datoszLa recogida de datos de car\u00e1cter personal se podr\u00e1 realizar a trav\u00e9s de los formularios que se publiquen en el sitio web y de los correos electr\u00f3nicos que los usuarios puedan remitir a EMBUTIDOS BALLESTEROS S.L. , que ser\u00e1n incluidos en un fichero automatizado.\n<p>Los ficheros titularidad de EMBUTIDOS BALLESTEROS S.L. ., figuran inscritos en el Registro General de la Agencia Espa\u00f1ola de Protecci\u00f3n de Datos, al que podr\u00e1 acceder el usuario o visitante para comprobar la situaci\u00f3n de aqu\u00e9llos.<\/li>\n<li>Seguridad de la informaci\u00f3nEMBUTIDOS BALLESTEROS S.L. . ha desarrollado todos los sistemas y medidas t\u00e9cnicas y organizativas a su alcance, previstas en la normativa de protecci\u00f3n de datos de car\u00e1cter personal, para evitar la p\u00e9rdida, mal uso, alteraci\u00f3n, acceso no autorizado y sustracci\u00f3n de los datos de car\u00e1cter personal facilitados por el usuario o visitante.\n<p>No obstante, el usuario o visitante debe ser consciente de que las medidas de seguridad en Internet no son inexpugnables.<\/li>\n<li>Confidencialidad y secreto profesionalLas comunicaciones privadas que pudieran darse entre el personal de EMBUTIDOS BALLESTEROS S.L. y los usuarios o visitantes ser\u00e1n consideradas como confidenciales. El acceso a esta informaci\u00f3n est\u00e1 restringido mediante herramientas tecnol\u00f3gicas y mediante estrictos controles internos.<\/li>\n<li>Enlaces con otros sitios webEl presente sitio web puede contener enlaces o links con otros sitios. Se informa que EMBUTIDOS BALLESTEROS S.L. . no dispone de control alguno ni ostenta responsabilidad alguna sobre las pol\u00edticas o medidas de protecci\u00f3n de datos de otros sitios web.<\/li>\n<li>Derechos de los usuariosEl usuario podr\u00e1 ejercitar, respecto a los datos recabados en la forma prevista, los derechos reconocidos por la Ley Org\u00e1nica 15\/1999, de 13 de Diciembre, de Protecci\u00f3n de Datos de Car\u00e1cter Personal, y en particular los derechos de acceso, rectificaci\u00f3n o cancelaci\u00f3n de datos y oposici\u00f3n, si resultase pertinente.\n<p>Los derechos de cancelaci\u00f3n, oposici\u00f3n y revocaci\u00f3n del consentimiento para la cesi\u00f3n podr\u00e1n ser ejercitados por el usuario, y en su caso quien lo represente, mediante solicitud remitida por correo ordinario, firmada y acompa\u00f1ada de fotocopia del NIF, a la direcci\u00f3n fiscal de EMBUTIDOS BALLESTEROS S.L. ., arriba indicada.<\/li>\n<\/ol>\n<p>EMBUTIDOS BALLESTEROS S.L. . informa que los datos personales recabados, cuando hayan dejado de ser necesarios o pertinentes para la finalidad para la cual fueron recogidos, ser\u00e1n cancelados conforme establece la normativa de protecci\u00f3n de datos de car\u00e1cter personal.<\/p>\n<p>Si se requiere aclarar alg\u00fan aspecto relacionado con la pol\u00edtica de privacidad de embutidosezequiel.es, puede ponerse en contacto con EMBUTIDOS BALLESTEROS S.L. . a trav\u00e9s de la siguiente direcci\u00f3n de correo electr\u00f3nico: <a href=\"mailto:oficinaembutidosballesteros@gmail.com\">oficinaembutidosballesteros@gmail.com<\/a><\/p>\n","protected":false},"excerpt":{"rendered":"<p>EMBUTIDOS BALLESTEROS S.L.\u00a0informa seguidamente de su pol\u00edtica de privacidad, aplicada a los datos personales. De esta manera, todos los datos personales que tenga bajo su responsabilidad ser\u00e1n tratados de acuerdo con la Ley Org\u00e1nica 15\/1999, 13 de Diciembre, de Protecci\u00f3n de Datos de Car\u00e1cter Personal, y se guardar\u00e1n las debidas medidas de seguridad y confidencialidad [&hellip;]<\/p>\n","protected":false},"author":1,"featured_media":0,"parent":0,"menu_order":0,"comment_status":"closed","ping_status":"closed","template":"","meta":{"footnotes":""},"class_list":["post-6542","page","type-page","status-publish","hentry"],"yoast_head":"<!-- This site is optimized with the Yoast SEO plugin v27.4 - https:\/\/yoast.com\/product\/yoast-seo-wordpress\/ -->\n<title>Pol\u00edtica de privacidad de Embutidos Ballesteros S.L<\/title>\n<meta name=\"description\" content=\"Pol\u00edtica de privacidad. Todos los datos personales bajo su responsabilidad ser\u00e1n tratados debido a la Ley Org\u00e1nica 15\/1999, 13 de Diciembre\" \/>\n<meta name=\"robots\" content=\"index, follow, max-snippet:-1, max-image-preview:large, max-video-preview:-1\" \/>\n<link rel=\"canonical\" href=\"https:\/\/www.embutidosballesteros.es\/fr\/politica-de-privacidad\/\" \/>\n<meta property=\"og:locale\" content=\"fr_FR\" \/>\n<meta property=\"og:type\" content=\"article\" \/>\n<meta property=\"og:title\" content=\"Pol\u00edtica de privacidad de Embutidos Ballesteros S.L\" \/>\n<meta property=\"og:description\" content=\"Pol\u00edtica de privacidad. Todos los datos personales bajo su responsabilidad ser\u00e1n tratados debido a la Ley Org\u00e1nica 15\/1999, 13 de Diciembre\" \/>\n<meta property=\"og:url\" content=\"https:\/\/www.embutidosballesteros.es\/fr\/politica-de-privacidad\/\" \/>\n<meta property=\"og:site_name\" content=\"Embutidos Ballesteros\" \/>\n<meta name=\"twitter:card\" content=\"summary_large_image\" \/>\n<meta name=\"twitter:label1\" content=\"Dur\u00e9e de lecture estim\u00e9e\" \/>\n\t<meta name=\"twitter:data1\" content=\"3 minutes\" \/>\n<script type=\"application\/ld+json\" class=\"yoast-schema-graph\">{\"@context\":\"https:\\\/\\\/schema.org\",\"@graph\":[{\"@type\":\"WebPage\",\"@id\":\"https:\\\/\\\/www.embutidosballesteros.es\\\/fr\\\/politica-de-privacidad\\\/\",\"url\":\"https:\\\/\\\/www.embutidosballesteros.es\\\/fr\\\/politica-de-privacidad\\\/\",\"name\":\"Pol\u00edtica de privacidad de Embutidos Ballesteros S.L\",\"isPartOf\":{\"@id\":\"https:\\\/\\\/www.embutidosballesteros.es\\\/fr\\\/#website\"},\"datePublished\":\"2019-03-18T09:44:42+00:00\",\"description\":\"Pol\u00edtica de privacidad. Todos los datos personales bajo su responsabilidad ser\u00e1n tratados debido a la Ley Org\u00e1nica 15\\\/1999, 13 de Diciembre\",\"breadcrumb\":{\"@id\":\"https:\\\/\\\/www.embutidosballesteros.es\\\/fr\\\/politica-de-privacidad\\\/#breadcrumb\"},\"inLanguage\":\"fr-FR\",\"potentialAction\":[{\"@type\":\"ReadAction\",\"target\":[\"https:\\\/\\\/www.embutidosballesteros.es\\\/fr\\\/politica-de-privacidad\\\/\"]}]},{\"@type\":\"BreadcrumbList\",\"@id\":\"https:\\\/\\\/www.embutidosballesteros.es\\\/fr\\\/politica-de-privacidad\\\/#breadcrumb\",\"itemListElement\":[{\"@type\":\"ListItem\",\"position\":1,\"name\":\"Portada\",\"item\":\"https:\\\/\\\/www.embutidosballesteros.es\\\/fr\\\/\"},{\"@type\":\"ListItem\",\"position\":2,\"name\":\"Pol\u00edtica de privacidad\"}]},{\"@type\":\"WebSite\",\"@id\":\"https:\\\/\\\/www.embutidosballesteros.es\\\/fr\\\/#website\",\"url\":\"https:\\\/\\\/www.embutidosballesteros.es\\\/fr\\\/\",\"name\":\"Embutidos Ballesteros\",\"description\":\"Embutidos y jamones de elaboraci\u00f3n propia\",\"potentialAction\":[{\"@type\":\"SearchAction\",\"target\":{\"@type\":\"EntryPoint\",\"urlTemplate\":\"https:\\\/\\\/www.embutidosballesteros.es\\\/fr\\\/?s={search_term_string}\"},\"query-input\":{\"@type\":\"PropertyValueSpecification\",\"valueRequired\":true,\"valueName\":\"search_term_string\"}}],\"inLanguage\":\"fr-FR\"}]}<\/script>\n<!-- \/ Yoast SEO plugin. -->","yoast_head_json":{"title":"Pol\u00edtica de privacidad de Embutidos Ballesteros S.L","description":"Pol\u00edtica de privacidad. Todos los datos personales bajo su responsabilidad ser\u00e1n tratados debido a la Ley Org\u00e1nica 15\/1999, 13 de Diciembre","robots":{"index":"index","follow":"follow","max-snippet":"max-snippet:-1","max-image-preview":"max-image-preview:large","max-video-preview":"max-video-preview:-1"},"canonical":"https:\/\/www.embutidosballesteros.es\/fr\/politica-de-privacidad\/","og_locale":"fr_FR","og_type":"article","og_title":"Pol\u00edtica de privacidad de Embutidos Ballesteros S.L","og_description":"Pol\u00edtica de privacidad. Todos los datos personales bajo su responsabilidad ser\u00e1n tratados debido a la Ley Org\u00e1nica 15\/1999, 13 de Diciembre","og_url":"https:\/\/www.embutidosballesteros.es\/fr\/politica-de-privacidad\/","og_site_name":"Embutidos Ballesteros","twitter_card":"summary_large_image","twitter_misc":{"Dur\u00e9e de lecture estim\u00e9e":"3 minutes"},"schema":{"@context":"https:\/\/schema.org","@graph":[{"@type":"WebPage","@id":"https:\/\/www.embutidosballesteros.es\/fr\/politica-de-privacidad\/","url":"https:\/\/www.embutidosballesteros.es\/fr\/politica-de-privacidad\/","name":"Pol\u00edtica de privacidad de Embutidos Ballesteros S.L","isPartOf":{"@id":"https:\/\/www.embutidosballesteros.es\/fr\/#website"},"datePublished":"2019-03-18T09:44:42+00:00","description":"Pol\u00edtica de privacidad. Todos los datos personales bajo su responsabilidad ser\u00e1n tratados debido a la Ley Org\u00e1nica 15\/1999, 13 de Diciembre","breadcrumb":{"@id":"https:\/\/www.embutidosballesteros.es\/fr\/politica-de-privacidad\/#breadcrumb"},"inLanguage":"fr-FR","potentialAction":[{"@type":"ReadAction","target":["https:\/\/www.embutidosballesteros.es\/fr\/politica-de-privacidad\/"]}]},{"@type":"BreadcrumbList","@id":"https:\/\/www.embutidosballesteros.es\/fr\/politica-de-privacidad\/#breadcrumb","itemListElement":[{"@type":"ListItem","position":1,"name":"Portada","item":"https:\/\/www.embutidosballesteros.es\/fr\/"},{"@type":"ListItem","position":2,"name":"Pol\u00edtica de privacidad"}]},{"@type":"WebSite","@id":"https:\/\/www.embutidosballesteros.es\/fr\/#website","url":"https:\/\/www.embutidosballesteros.es\/fr\/","name":"Embutidos Ballesteros","description":"Embutidos y jamones de elaboraci\u00f3n propia","potentialAction":[{"@type":"SearchAction","target":{"@type":"EntryPoint","urlTemplate":"https:\/\/www.embutidosballesteros.es\/fr\/?s={search_term_string}"},"query-input":{"@type":"PropertyValueSpecification","valueRequired":true,"valueName":"search_term_string"}}],"inLanguage":"fr-FR"}]}},"_links":{"self":[{"href":"https:\/\/www.embutidosballesteros.es\/fr\/wp-json\/wp\/v2\/pages\/6542","targetHints":{"allow":["GET"]}}],"collection":[{"href":"https:\/\/www.embutidosballesteros.es\/fr\/wp-json\/wp\/v2\/pages"}],"about":[{"href":"https:\/\/www.embutidosballesteros.es\/fr\/wp-json\/wp\/v2\/types\/page"}],"author":[{"embeddable":true,"href":"https:\/\/www.embutidosballesteros.es\/fr\/wp-json\/wp\/v2\/users\/1"}],"replies":[{"embeddable":true,"href":"https:\/\/www.embutidosballesteros.es\/fr\/wp-json\/wp\/v2\/comments?post=6542"}],"version-history":[{"count":0,"href":"https:\/\/www.embutidosballesteros.es\/fr\/wp-json\/wp\/v2\/pages\/6542\/revisions"}],"wp:attachment":[{"href":"https:\/\/www.embutidosballesteros.es\/fr\/wp-json\/wp\/v2\/media?parent=6542"}],"curies":[{"name":"wp","href":"https:\/\/api.w.org\/{rel}","templated":true}]}}