{"id":5949,"date":"2018-06-07T16:51:16","date_gmt":"2018-06-07T16:51:16","guid":{"rendered":"https:\/\/www.embutidosballesteros.es\/producto\/janbom-bellota-100-iberique-aoc-pur-guijuelo\/"},"modified":"2025-09-03T12:38:47","modified_gmt":"2025-09-03T10:38:47","slug":"janbom-bellota-100-iberique-aoc-pur-guijuelo","status":"publish","type":"product","link":"https:\/\/www.embutidosballesteros.es\/fr\/producto\/janbom-bellota-100-iberique-aoc-pur-guijuelo\/","title":{"rendered":"Jambon Bellota 100%  Ib\u00e9rique AOC Pur Guijuelo"},"content":{"rendered":"<p>Il s\u2019agit d\u2019un morceau qui provient de porc ib\u00e9rique aliment\u00e9 de savoureux glands en saison et qui, le reste de l\u2019ann\u00e9e, reste pa\u00eetre en montanera o\u00f9 il se nourrit d\u2019aliments naturels et de racines qu\u2019il trouve lui-m\u00eame sur le terrain, et ce jusqu\u2019\u00e0 son abattage. Le r\u00e9sultat : un produit de haute qualit\u00e9 \u00e0 l\u2019ar\u00f4me et la pr\u00e9sence excellents. La p\u00e9riode de maturation est de minimum 36 mois.<\/p>\n","protected":false},"excerpt":{"rendered":"<p>Nous le vendons d\u00e9soss\u00e9 et d\u00e9coup\u00e9 ou avec l\u2019os, mais aussi tranch\u00e9 sous-vide en paquets de 150 \u00e0 200 gr.<\/p>\n<p>Prix: 39,95 \u20ac\/Kg<\/p>\n","protected":false},"featured_media":5600,"template":"","meta":[],"product_brand":[],"product_cat":[504,481],"product_tag":[574,544,545,526,565],"class_list":{"0":"post-5949","1":"product","2":"type-product","3":"status-publish","4":"has-post-thumbnail","6":"product_cat-iberique","7":"product_cat-jambon","8":"product_tag-embutidos-ballesteros-fr","9":"product_tag-jambon","10":"product_tag-jambon-bellota","11":"product_tag-jambon-bellota-100-iberique","12":"product_tag-jambon-iberique","14":"first","15":"instock","16":"featured","17":"taxable","18":"shipping-taxable","19":"purchasable","20":"product-type-variable","21":"has-default-attributes"},"yoast_head":"<!-- This site is optimized with the Yoast SEO plugin v27.4 - https:\/\/yoast.com\/product\/yoast-seo-wordpress\/ -->\n<title>Jambon Bellota 100% Ib\u00e9rique AOC Pur Guijuelo - Embutidos Ballesteros<\/title>\n<meta name=\"description\" content=\"Il s\u2019agit d\u2019un morceau qui provient de porc ib\u00e9rique aliment\u00e9 de savoureux glands en saison et qui, le reste de l\u2019ann\u00e9e,\" \/>\n<meta name=\"robots\" content=\"index, follow, max-snippet:-1, max-image-preview:large, max-video-preview:-1\" \/>\n<link rel=\"canonical\" href=\"https:\/\/www.embutidosballesteros.es\/fr\/producto\/janbom-bellota-100-iberique-aoc-pur-guijuelo\/\" \/>\n<meta property=\"og:locale\" content=\"fr_FR\" \/>\n<meta property=\"og:type\" content=\"article\" \/>\n<meta property=\"og:title\" content=\"Jambon Bellota 100% Ib\u00e9rique AOC Pur Guijuelo - Embutidos Ballesteros\" \/>\n<meta property=\"og:description\" content=\"Il s\u2019agit d\u2019un morceau qui provient de porc ib\u00e9rique aliment\u00e9 de savoureux glands en saison et qui, le reste de l\u2019ann\u00e9e,\" \/>\n<meta property=\"og:url\" content=\"https:\/\/www.embutidosballesteros.es\/fr\/producto\/janbom-bellota-100-iberique-aoc-pur-guijuelo\/\" \/>\n<meta property=\"og:site_name\" content=\"Embutidos Ballesteros\" \/>\n<meta property=\"article:modified_time\" content=\"2025-09-03T10:38:47+00:00\" \/>\n<meta property=\"og:image\" content=\"https:\/\/www.embutidosballesteros.es\/wp-content\/uploads\/2018\/06\/Jam\u00f3n-Bellota-Ib\u00e9rico-100-D.O-Guijuelo-.jpg\" \/>\n\t<meta property=\"og:image:width\" content=\"800\" \/>\n\t<meta property=\"og:image:height\" content=\"800\" \/>\n\t<meta property=\"og:image:type\" content=\"image\/jpeg\" \/>\n<meta name=\"twitter:card\" content=\"summary_large_image\" \/>\n<meta name=\"twitter:label1\" content=\"Dur\u00e9e de lecture estim\u00e9e\" \/>\n\t<meta name=\"twitter:data1\" content=\"1 minute\" \/>\n<script type=\"application\/ld+json\" class=\"yoast-schema-graph\">{\"@context\":\"https:\\\/\\\/schema.org\",\"@graph\":[{\"@type\":\"WebPage\",\"@id\":\"https:\\\/\\\/www.embutidosballesteros.es\\\/fr\\\/producto\\\/janbom-bellota-100-iberique-aoc-pur-guijuelo\\\/\",\"url\":\"https:\\\/\\\/www.embutidosballesteros.es\\\/fr\\\/producto\\\/janbom-bellota-100-iberique-aoc-pur-guijuelo\\\/\",\"name\":\"Jambon Bellota 100% Ib\u00e9rique AOC Pur Guijuelo - Embutidos Ballesteros\",\"isPartOf\":{\"@id\":\"https:\\\/\\\/www.embutidosballesteros.es\\\/fr\\\/#website\"},\"primaryImageOfPage\":{\"@id\":\"https:\\\/\\\/www.embutidosballesteros.es\\\/fr\\\/producto\\\/janbom-bellota-100-iberique-aoc-pur-guijuelo\\\/#primaryimage\"},\"image\":{\"@id\":\"https:\\\/\\\/www.embutidosballesteros.es\\\/fr\\\/producto\\\/janbom-bellota-100-iberique-aoc-pur-guijuelo\\\/#primaryimage\"},\"thumbnailUrl\":\"https:\\\/\\\/www.embutidosballesteros.es\\\/wp-content\\\/uploads\\\/2018\\\/06\\\/Jam\u00f3n-Bellota-Ib\u00e9rico-100-D.O-Guijuelo-.jpg\",\"datePublished\":\"2018-06-07T16:51:16+00:00\",\"dateModified\":\"2025-09-03T10:38:47+00:00\",\"description\":\"Il s\u2019agit d\u2019un morceau qui provient de porc ib\u00e9rique aliment\u00e9 de savoureux glands en saison et qui, le reste de l\u2019ann\u00e9e,\",\"breadcrumb\":{\"@id\":\"https:\\\/\\\/www.embutidosballesteros.es\\\/fr\\\/producto\\\/janbom-bellota-100-iberique-aoc-pur-guijuelo\\\/#breadcrumb\"},\"inLanguage\":\"fr-FR\",\"potentialAction\":[{\"@type\":\"ReadAction\",\"target\":[\"https:\\\/\\\/www.embutidosballesteros.es\\\/fr\\\/producto\\\/janbom-bellota-100-iberique-aoc-pur-guijuelo\\\/\"]}]},{\"@type\":\"ImageObject\",\"inLanguage\":\"fr-FR\",\"@id\":\"https:\\\/\\\/www.embutidosballesteros.es\\\/fr\\\/producto\\\/janbom-bellota-100-iberique-aoc-pur-guijuelo\\\/#primaryimage\",\"url\":\"https:\\\/\\\/www.embutidosballesteros.es\\\/wp-content\\\/uploads\\\/2018\\\/06\\\/Jam\u00f3n-Bellota-Ib\u00e9rico-100-D.O-Guijuelo-.jpg\",\"contentUrl\":\"https:\\\/\\\/www.embutidosballesteros.es\\\/wp-content\\\/uploads\\\/2018\\\/06\\\/Jam\u00f3n-Bellota-Ib\u00e9rico-100-D.O-Guijuelo-.jpg\",\"width\":800,\"height\":800,\"caption\":\"Jambon Bellota 100% Ib\u00e9rique AOC Pur Guijuelo\"},{\"@type\":\"BreadcrumbList\",\"@id\":\"https:\\\/\\\/www.embutidosballesteros.es\\\/fr\\\/producto\\\/janbom-bellota-100-iberique-aoc-pur-guijuelo\\\/#breadcrumb\",\"itemListElement\":[{\"@type\":\"ListItem\",\"position\":1,\"name\":\"Portada\",\"item\":\"https:\\\/\\\/www.embutidosballesteros.es\\\/fr\\\/\"},{\"@type\":\"ListItem\",\"position\":2,\"name\":\"Boutique\",\"item\":\"https:\\\/\\\/www.embutidosballesteros.es\\\/fr\\\/tienda\\\/\"},{\"@type\":\"ListItem\",\"position\":3,\"name\":\"Jambon Bellota 100% Ib\u00e9rique AOC Pur Guijuelo\"}]},{\"@type\":\"WebSite\",\"@id\":\"https:\\\/\\\/www.embutidosballesteros.es\\\/fr\\\/#website\",\"url\":\"https:\\\/\\\/www.embutidosballesteros.es\\\/fr\\\/\",\"name\":\"Embutidos Ballesteros\",\"description\":\"Embutidos y jamones de elaboraci\u00f3n propia\",\"potentialAction\":[{\"@type\":\"SearchAction\",\"target\":{\"@type\":\"EntryPoint\",\"urlTemplate\":\"https:\\\/\\\/www.embutidosballesteros.es\\\/fr\\\/?s={search_term_string}\"},\"query-input\":{\"@type\":\"PropertyValueSpecification\",\"valueRequired\":true,\"valueName\":\"search_term_string\"}}],\"inLanguage\":\"fr-FR\"}]}<\/script>\n<!-- \/ Yoast SEO plugin. -->","yoast_head_json":{"title":"Jambon Bellota 100% Ib\u00e9rique AOC Pur Guijuelo - Embutidos Ballesteros","description":"Il s\u2019agit d\u2019un morceau qui provient de porc ib\u00e9rique aliment\u00e9 de savoureux glands en saison et qui, le reste de l\u2019ann\u00e9e,","robots":{"index":"index","follow":"follow","max-snippet":"max-snippet:-1","max-image-preview":"max-image-preview:large","max-video-preview":"max-video-preview:-1"},"canonical":"https:\/\/www.embutidosballesteros.es\/fr\/producto\/janbom-bellota-100-iberique-aoc-pur-guijuelo\/","og_locale":"fr_FR","og_type":"article","og_title":"Jambon Bellota 100% Ib\u00e9rique AOC Pur Guijuelo - Embutidos Ballesteros","og_description":"Il s\u2019agit d\u2019un morceau qui provient de porc ib\u00e9rique aliment\u00e9 de savoureux glands en saison et qui, le reste de l\u2019ann\u00e9e,","og_url":"https:\/\/www.embutidosballesteros.es\/fr\/producto\/janbom-bellota-100-iberique-aoc-pur-guijuelo\/","og_site_name":"Embutidos Ballesteros","article_modified_time":"2025-09-03T10:38:47+00:00","og_image":[{"width":800,"height":800,"url":"https:\/\/www.embutidosballesteros.es\/wp-content\/uploads\/2018\/06\/Jam\u00f3n-Bellota-Ib\u00e9rico-100-D.O-Guijuelo-.jpg","type":"image\/jpeg"}],"twitter_card":"summary_large_image","twitter_misc":{"Dur\u00e9e de lecture estim\u00e9e":"1 minute"},"schema":{"@context":"https:\/\/schema.org","@graph":[{"@type":"WebPage","@id":"https:\/\/www.embutidosballesteros.es\/fr\/producto\/janbom-bellota-100-iberique-aoc-pur-guijuelo\/","url":"https:\/\/www.embutidosballesteros.es\/fr\/producto\/janbom-bellota-100-iberique-aoc-pur-guijuelo\/","name":"Jambon Bellota 100% Ib\u00e9rique AOC Pur Guijuelo - Embutidos Ballesteros","isPartOf":{"@id":"https:\/\/www.embutidosballesteros.es\/fr\/#website"},"primaryImageOfPage":{"@id":"https:\/\/www.embutidosballesteros.es\/fr\/producto\/janbom-bellota-100-iberique-aoc-pur-guijuelo\/#primaryimage"},"image":{"@id":"https:\/\/www.embutidosballesteros.es\/fr\/producto\/janbom-bellota-100-iberique-aoc-pur-guijuelo\/#primaryimage"},"thumbnailUrl":"https:\/\/www.embutidosballesteros.es\/wp-content\/uploads\/2018\/06\/Jam\u00f3n-Bellota-Ib\u00e9rico-100-D.O-Guijuelo-.jpg","datePublished":"2018-06-07T16:51:16+00:00","dateModified":"2025-09-03T10:38:47+00:00","description":"Il s\u2019agit d\u2019un morceau qui provient de porc ib\u00e9rique aliment\u00e9 de savoureux glands en saison et qui, le reste de l\u2019ann\u00e9e,","breadcrumb":{"@id":"https:\/\/www.embutidosballesteros.es\/fr\/producto\/janbom-bellota-100-iberique-aoc-pur-guijuelo\/#breadcrumb"},"inLanguage":"fr-FR","potentialAction":[{"@type":"ReadAction","target":["https:\/\/www.embutidosballesteros.es\/fr\/producto\/janbom-bellota-100-iberique-aoc-pur-guijuelo\/"]}]},{"@type":"ImageObject","inLanguage":"fr-FR","@id":"https:\/\/www.embutidosballesteros.es\/fr\/producto\/janbom-bellota-100-iberique-aoc-pur-guijuelo\/#primaryimage","url":"https:\/\/www.embutidosballesteros.es\/wp-content\/uploads\/2018\/06\/Jam\u00f3n-Bellota-Ib\u00e9rico-100-D.O-Guijuelo-.jpg","contentUrl":"https:\/\/www.embutidosballesteros.es\/wp-content\/uploads\/2018\/06\/Jam\u00f3n-Bellota-Ib\u00e9rico-100-D.O-Guijuelo-.jpg","width":800,"height":800,"caption":"Jambon Bellota 100% Ib\u00e9rique AOC Pur Guijuelo"},{"@type":"BreadcrumbList","@id":"https:\/\/www.embutidosballesteros.es\/fr\/producto\/janbom-bellota-100-iberique-aoc-pur-guijuelo\/#breadcrumb","itemListElement":[{"@type":"ListItem","position":1,"name":"Portada","item":"https:\/\/www.embutidosballesteros.es\/fr\/"},{"@type":"ListItem","position":2,"name":"Boutique","item":"https:\/\/www.embutidosballesteros.es\/fr\/tienda\/"},{"@type":"ListItem","position":3,"name":"Jambon Bellota 100% Ib\u00e9rique AOC Pur Guijuelo"}]},{"@type":"WebSite","@id":"https:\/\/www.embutidosballesteros.es\/fr\/#website","url":"https:\/\/www.embutidosballesteros.es\/fr\/","name":"Embutidos Ballesteros","description":"Embutidos y jamones de elaboraci\u00f3n propia","potentialAction":[{"@type":"SearchAction","target":{"@type":"EntryPoint","urlTemplate":"https:\/\/www.embutidosballesteros.es\/fr\/?s={search_term_string}"},"query-input":{"@type":"PropertyValueSpecification","valueRequired":true,"valueName":"search_term_string"}}],"inLanguage":"fr-FR"}]}},"_links":{"self":[{"href":"https:\/\/www.embutidosballesteros.es\/fr\/wp-json\/wp\/v2\/product\/5949","targetHints":{"allow":["GET"]}}],"collection":[{"href":"https:\/\/www.embutidosballesteros.es\/fr\/wp-json\/wp\/v2\/product"}],"about":[{"href":"https:\/\/www.embutidosballesteros.es\/fr\/wp-json\/wp\/v2\/types\/product"}],"wp:featuredmedia":[{"embeddable":true,"href":"https:\/\/www.embutidosballesteros.es\/fr\/wp-json\/wp\/v2\/media\/5600"}],"wp:attachment":[{"href":"https:\/\/www.embutidosballesteros.es\/fr\/wp-json\/wp\/v2\/media?parent=5949"}],"wp:term":[{"taxonomy":"product_brand","embeddable":true,"href":"https:\/\/www.embutidosballesteros.es\/fr\/wp-json\/wp\/v2\/product_brand?post=5949"},{"taxonomy":"product_cat","embeddable":true,"href":"https:\/\/www.embutidosballesteros.es\/fr\/wp-json\/wp\/v2\/product_cat?post=5949"},{"taxonomy":"product_tag","embeddable":true,"href":"https:\/\/www.embutidosballesteros.es\/fr\/wp-json\/wp\/v2\/product_tag?post=5949"}],"curies":[{"name":"wp","href":"https:\/\/api.w.org\/{rel}","templated":true}]}}