{"id":6055,"date":"2016-11-02T00:00:00","date_gmt":"2016-11-02T00:00:00","guid":{"rendered":"https:\/\/www.embutidosballesteros.es\/producto\/cecina-de-cheval\/"},"modified":"2021-03-02T16:06:17","modified_gmt":"2021-03-02T15:06:17","slug":"cecina-de-cheval","status":"publish","type":"product","link":"https:\/\/www.embutidosballesteros.es\/fr\/producto\/cecina-de-cheval\/","title":{"rendered":"C\u00e9cina de cheval"},"content":{"rendered":"<p>Cette c\u00e9cina est une charcuterie obtenue par s\u00e9chage de la viande de cheval. Elle est tr\u00e8s savoureuse et notez aussi qu\u2019il s\u2019agit de la c\u00e9cina la plus r\u00e9put\u00e9e et prestigieuse. Elle est appr\u00e9ci\u00e9e par tous les palais, y compris les plus gourmets. Les morceaux que notre entreprise commercialise sont fabriqu\u00e9es avec de la bavette et du contre-filet de cheval.  <\/p>\n","protected":false},"excerpt":{"rendered":"<p>Nous la vendons en morceaux de 1 kg ou en enveloppes de 200 ou 300 gr.<\/p>\n<p><em>Prix par pi\u00e8ce: 20,00 \u20ac \/ kg<br \/>\n<em>Prix \u200b\u200ben tranches: 24,00 \u20ac \/ Kg<\/em><\/p>\n","protected":false},"featured_media":15851,"template":"","meta":[],"product_brand":[],"product_cat":[486,640],"product_tag":[515],"class_list":{"0":"post-6055","1":"product","2":"type-product","3":"status-publish","4":"has-post-thumbnail","6":"product_cat-cecina-fr","7":"product_cat-cheval","8":"product_tag-cecina-de-cheval","10":"first","11":"instock","12":"taxable","13":"shipping-taxable","14":"purchasable","15":"product-type-variable","16":"has-default-attributes"},"yoast_head":"<!-- This site is optimized with the Yoast SEO plugin v27.4 - https:\/\/yoast.com\/product\/yoast-seo-wordpress\/ -->\n<title>C\u00e9cina de cheval de Embutidos Ballesteros. Disponible en ligne.<\/title>\n<meta name=\"description\" content=\"Cette c\u00e9cina est une charcuterie obtenue par s\u00e9chage de la viande de cheval. Elle est tr\u00e8s savoureuse et notez aussi qu\u2019il s\u2019agit de la c\u00e9cina la plus r\u00e9put\u00e9e et prestigieuse.\" \/>\n<meta name=\"robots\" content=\"index, follow, max-snippet:-1, max-image-preview:large, max-video-preview:-1\" \/>\n<link rel=\"canonical\" href=\"https:\/\/www.embutidosballesteros.es\/fr\/producto\/cecina-de-cheval\/\" \/>\n<meta property=\"og:locale\" content=\"fr_FR\" \/>\n<meta property=\"og:type\" content=\"article\" \/>\n<meta property=\"og:title\" content=\"C\u00e9cina de cheval de Embutidos Ballesteros. Disponible en ligne.\" \/>\n<meta property=\"og:description\" content=\"Cette c\u00e9cina est une charcuterie obtenue par s\u00e9chage de la viande de cheval. Elle est tr\u00e8s savoureuse et notez aussi qu\u2019il s\u2019agit de la c\u00e9cina la plus r\u00e9put\u00e9e et prestigieuse.\" \/>\n<meta property=\"og:url\" content=\"https:\/\/www.embutidosballesteros.es\/fr\/producto\/cecina-de-cheval\/\" \/>\n<meta property=\"og:site_name\" content=\"Embutidos Ballesteros\" \/>\n<meta property=\"article:modified_time\" content=\"2021-03-02T15:06:17+00:00\" \/>\n<meta property=\"og:image\" content=\"https:\/\/www.embutidosballesteros.es\/wp-content\/uploads\/2018\/06\/cecina_caballo.jpg\" \/>\n\t<meta property=\"og:image:width\" content=\"960\" \/>\n\t<meta property=\"og:image:height\" content=\"720\" \/>\n\t<meta property=\"og:image:type\" content=\"image\/jpeg\" \/>\n<meta name=\"twitter:card\" content=\"summary_large_image\" \/>\n<script type=\"application\/ld+json\" class=\"yoast-schema-graph\">{\"@context\":\"https:\\\/\\\/schema.org\",\"@graph\":[{\"@type\":\"WebPage\",\"@id\":\"https:\\\/\\\/www.embutidosballesteros.es\\\/fr\\\/producto\\\/cecina-de-cheval\\\/\",\"url\":\"https:\\\/\\\/www.embutidosballesteros.es\\\/fr\\\/producto\\\/cecina-de-cheval\\\/\",\"name\":\"C\u00e9cina de cheval de Embutidos Ballesteros. Disponible en ligne.\",\"isPartOf\":{\"@id\":\"https:\\\/\\\/www.embutidosballesteros.es\\\/fr\\\/#website\"},\"primaryImageOfPage\":{\"@id\":\"https:\\\/\\\/www.embutidosballesteros.es\\\/fr\\\/producto\\\/cecina-de-cheval\\\/#primaryimage\"},\"image\":{\"@id\":\"https:\\\/\\\/www.embutidosballesteros.es\\\/fr\\\/producto\\\/cecina-de-cheval\\\/#primaryimage\"},\"thumbnailUrl\":\"https:\\\/\\\/www.embutidosballesteros.es\\\/wp-content\\\/uploads\\\/2018\\\/06\\\/cecina_caballo.jpg\",\"datePublished\":\"2016-11-02T00:00:00+00:00\",\"dateModified\":\"2021-03-02T15:06:17+00:00\",\"description\":\"Cette c\u00e9cina est une charcuterie obtenue par s\u00e9chage de la viande de cheval. Elle est tr\u00e8s savoureuse et notez aussi qu\u2019il s\u2019agit de la c\u00e9cina la plus r\u00e9put\u00e9e et prestigieuse.\",\"breadcrumb\":{\"@id\":\"https:\\\/\\\/www.embutidosballesteros.es\\\/fr\\\/producto\\\/cecina-de-cheval\\\/#breadcrumb\"},\"inLanguage\":\"fr-FR\",\"potentialAction\":[{\"@type\":\"ReadAction\",\"target\":[\"https:\\\/\\\/www.embutidosballesteros.es\\\/fr\\\/producto\\\/cecina-de-cheval\\\/\"]}]},{\"@type\":\"ImageObject\",\"inLanguage\":\"fr-FR\",\"@id\":\"https:\\\/\\\/www.embutidosballesteros.es\\\/fr\\\/producto\\\/cecina-de-cheval\\\/#primaryimage\",\"url\":\"https:\\\/\\\/www.embutidosballesteros.es\\\/wp-content\\\/uploads\\\/2018\\\/06\\\/cecina_caballo.jpg\",\"contentUrl\":\"https:\\\/\\\/www.embutidosballesteros.es\\\/wp-content\\\/uploads\\\/2018\\\/06\\\/cecina_caballo.jpg\",\"width\":960,\"height\":720,\"caption\":\"Cecina de caballo Embutidos Ballesteros\"},{\"@type\":\"BreadcrumbList\",\"@id\":\"https:\\\/\\\/www.embutidosballesteros.es\\\/fr\\\/producto\\\/cecina-de-cheval\\\/#breadcrumb\",\"itemListElement\":[{\"@type\":\"ListItem\",\"position\":1,\"name\":\"Portada\",\"item\":\"https:\\\/\\\/www.embutidosballesteros.es\\\/fr\\\/\"},{\"@type\":\"ListItem\",\"position\":2,\"name\":\"Boutique\",\"item\":\"https:\\\/\\\/www.embutidosballesteros.es\\\/fr\\\/tienda\\\/\"},{\"@type\":\"ListItem\",\"position\":3,\"name\":\"C\u00e9cina de cheval\"}]},{\"@type\":\"WebSite\",\"@id\":\"https:\\\/\\\/www.embutidosballesteros.es\\\/fr\\\/#website\",\"url\":\"https:\\\/\\\/www.embutidosballesteros.es\\\/fr\\\/\",\"name\":\"Embutidos Ballesteros\",\"description\":\"Embutidos y jamones de elaboraci\u00f3n propia\",\"potentialAction\":[{\"@type\":\"SearchAction\",\"target\":{\"@type\":\"EntryPoint\",\"urlTemplate\":\"https:\\\/\\\/www.embutidosballesteros.es\\\/fr\\\/?s={search_term_string}\"},\"query-input\":{\"@type\":\"PropertyValueSpecification\",\"valueRequired\":true,\"valueName\":\"search_term_string\"}}],\"inLanguage\":\"fr-FR\"}]}<\/script>\n<!-- \/ Yoast SEO plugin. -->","yoast_head_json":{"title":"C\u00e9cina de cheval de Embutidos Ballesteros. Disponible en ligne.","description":"Cette c\u00e9cina est une charcuterie obtenue par s\u00e9chage de la viande de cheval. Elle est tr\u00e8s savoureuse et notez aussi qu\u2019il s\u2019agit de la c\u00e9cina la plus r\u00e9put\u00e9e et prestigieuse.","robots":{"index":"index","follow":"follow","max-snippet":"max-snippet:-1","max-image-preview":"max-image-preview:large","max-video-preview":"max-video-preview:-1"},"canonical":"https:\/\/www.embutidosballesteros.es\/fr\/producto\/cecina-de-cheval\/","og_locale":"fr_FR","og_type":"article","og_title":"C\u00e9cina de cheval de Embutidos Ballesteros. Disponible en ligne.","og_description":"Cette c\u00e9cina est une charcuterie obtenue par s\u00e9chage de la viande de cheval. Elle est tr\u00e8s savoureuse et notez aussi qu\u2019il s\u2019agit de la c\u00e9cina la plus r\u00e9put\u00e9e et prestigieuse.","og_url":"https:\/\/www.embutidosballesteros.es\/fr\/producto\/cecina-de-cheval\/","og_site_name":"Embutidos Ballesteros","article_modified_time":"2021-03-02T15:06:17+00:00","og_image":[{"width":960,"height":720,"url":"https:\/\/www.embutidosballesteros.es\/wp-content\/uploads\/2018\/06\/cecina_caballo.jpg","type":"image\/jpeg"}],"twitter_card":"summary_large_image","schema":{"@context":"https:\/\/schema.org","@graph":[{"@type":"WebPage","@id":"https:\/\/www.embutidosballesteros.es\/fr\/producto\/cecina-de-cheval\/","url":"https:\/\/www.embutidosballesteros.es\/fr\/producto\/cecina-de-cheval\/","name":"C\u00e9cina de cheval de Embutidos Ballesteros. Disponible en ligne.","isPartOf":{"@id":"https:\/\/www.embutidosballesteros.es\/fr\/#website"},"primaryImageOfPage":{"@id":"https:\/\/www.embutidosballesteros.es\/fr\/producto\/cecina-de-cheval\/#primaryimage"},"image":{"@id":"https:\/\/www.embutidosballesteros.es\/fr\/producto\/cecina-de-cheval\/#primaryimage"},"thumbnailUrl":"https:\/\/www.embutidosballesteros.es\/wp-content\/uploads\/2018\/06\/cecina_caballo.jpg","datePublished":"2016-11-02T00:00:00+00:00","dateModified":"2021-03-02T15:06:17+00:00","description":"Cette c\u00e9cina est une charcuterie obtenue par s\u00e9chage de la viande de cheval. Elle est tr\u00e8s savoureuse et notez aussi qu\u2019il s\u2019agit de la c\u00e9cina la plus r\u00e9put\u00e9e et prestigieuse.","breadcrumb":{"@id":"https:\/\/www.embutidosballesteros.es\/fr\/producto\/cecina-de-cheval\/#breadcrumb"},"inLanguage":"fr-FR","potentialAction":[{"@type":"ReadAction","target":["https:\/\/www.embutidosballesteros.es\/fr\/producto\/cecina-de-cheval\/"]}]},{"@type":"ImageObject","inLanguage":"fr-FR","@id":"https:\/\/www.embutidosballesteros.es\/fr\/producto\/cecina-de-cheval\/#primaryimage","url":"https:\/\/www.embutidosballesteros.es\/wp-content\/uploads\/2018\/06\/cecina_caballo.jpg","contentUrl":"https:\/\/www.embutidosballesteros.es\/wp-content\/uploads\/2018\/06\/cecina_caballo.jpg","width":960,"height":720,"caption":"Cecina de caballo Embutidos Ballesteros"},{"@type":"BreadcrumbList","@id":"https:\/\/www.embutidosballesteros.es\/fr\/producto\/cecina-de-cheval\/#breadcrumb","itemListElement":[{"@type":"ListItem","position":1,"name":"Portada","item":"https:\/\/www.embutidosballesteros.es\/fr\/"},{"@type":"ListItem","position":2,"name":"Boutique","item":"https:\/\/www.embutidosballesteros.es\/fr\/tienda\/"},{"@type":"ListItem","position":3,"name":"C\u00e9cina de cheval"}]},{"@type":"WebSite","@id":"https:\/\/www.embutidosballesteros.es\/fr\/#website","url":"https:\/\/www.embutidosballesteros.es\/fr\/","name":"Embutidos Ballesteros","description":"Embutidos y jamones de elaboraci\u00f3n propia","potentialAction":[{"@type":"SearchAction","target":{"@type":"EntryPoint","urlTemplate":"https:\/\/www.embutidosballesteros.es\/fr\/?s={search_term_string}"},"query-input":{"@type":"PropertyValueSpecification","valueRequired":true,"valueName":"search_term_string"}}],"inLanguage":"fr-FR"}]}},"_links":{"self":[{"href":"https:\/\/www.embutidosballesteros.es\/fr\/wp-json\/wp\/v2\/product\/6055","targetHints":{"allow":["GET"]}}],"collection":[{"href":"https:\/\/www.embutidosballesteros.es\/fr\/wp-json\/wp\/v2\/product"}],"about":[{"href":"https:\/\/www.embutidosballesteros.es\/fr\/wp-json\/wp\/v2\/types\/product"}],"wp:featuredmedia":[{"embeddable":true,"href":"https:\/\/www.embutidosballesteros.es\/fr\/wp-json\/wp\/v2\/media\/15851"}],"wp:attachment":[{"href":"https:\/\/www.embutidosballesteros.es\/fr\/wp-json\/wp\/v2\/media?parent=6055"}],"wp:term":[{"taxonomy":"product_brand","embeddable":true,"href":"https:\/\/www.embutidosballesteros.es\/fr\/wp-json\/wp\/v2\/product_brand?post=6055"},{"taxonomy":"product_cat","embeddable":true,"href":"https:\/\/www.embutidosballesteros.es\/fr\/wp-json\/wp\/v2\/product_cat?post=6055"},{"taxonomy":"product_tag","embeddable":true,"href":"https:\/\/www.embutidosballesteros.es\/fr\/wp-json\/wp\/v2\/product_tag?post=6055"}],"curies":[{"name":"wp","href":"https:\/\/api.w.org\/{rel}","templated":true}]}}