{"id":6398,"date":"2016-11-02T00:00:00","date_gmt":"2016-11-02T00:00:00","guid":{"rendered":"https:\/\/www.embutidosballesteros.es\/producto\/jambon-iberique-qualite-bellota-desosse\/"},"modified":"2021-03-02T14:48:05","modified_gmt":"2021-03-02T13:48:05","slug":"jambon-iberique-qualite-bellota-desosse","status":"publish","type":"product","link":"https:\/\/www.embutidosballesteros.es\/fr\/producto\/jambon-iberique-qualite-bellota-desosse\/","title":{"rendered":"Jambon Ib\u00e9rique Qualit\u00e9 &#8220;Bellota&#8221; D\u00e9soss\u00e9"},"content":{"rendered":"<p>Morceaux qui proviennent de porcs ib\u00e9riques nourris \u00e0 base d\u2019aliments naturels compos\u00e9s d\u2019avoine, de bl\u00e9, de ma\u00efs et de soja. Le r\u00e9sultat est un produit de haute qualit\u00e9 \u00e0 l\u2019ar\u00f4me et la pr\u00e9sence excellents. La p\u00e9riode d\u2019affinage est de 36 mois minimum. <\/p>\n","protected":false},"excerpt":{"rendered":"<p>Nous le vendons d\u00e9soss\u00e9, entier ou par moiti\u00e9. <\/p>\n<p><em>Preco: 52,95\u20ac\/Kg<\/em><\/p>\n","protected":false},"featured_media":15584,"template":"","meta":[],"product_brand":[],"product_cat":[504,481],"product_tag":[574,544,545,555,594,595],"class_list":{"0":"post-6398","1":"product","2":"type-product","3":"status-publish","4":"has-post-thumbnail","6":"product_cat-iberique","7":"product_cat-jambon","8":"product_tag-embutidos-ballesteros-fr","9":"product_tag-jambon","10":"product_tag-jambon-bellota","11":"product_tag-jambon-bellota-iberique","12":"product_tag-jambon-desosse","13":"product_tag-jambon-iberique-qualite-bellota-desosse","15":"first","16":"instock","17":"taxable","18":"shipping-taxable","19":"purchasable","20":"product-type-variable","21":"has-default-attributes"},"yoast_head":"<!-- This site is optimized with the Yoast SEO plugin v27.3 - https:\/\/yoast.com\/product\/yoast-seo-wordpress\/ -->\n<title>Jambon Ib\u00e9rique Qualit\u00e9 &quot;Bellota&quot; D\u00e9soss\u00e9<\/title>\n<meta name=\"description\" content=\"Morceaux qui proviennent de porcs ib\u00e9riques nourris \u00e0 base d\u2019aliments naturels compos\u00e9s d\u2019avoine, de bl\u00e9, de ma\u00efs et de soja\" \/>\n<meta name=\"robots\" content=\"index, follow, max-snippet:-1, max-image-preview:large, max-video-preview:-1\" \/>\n<link rel=\"canonical\" href=\"https:\/\/www.embutidosballesteros.es\/fr\/producto\/jambon-iberique-qualite-bellota-desosse\/\" \/>\n<meta property=\"og:locale\" content=\"fr_FR\" \/>\n<meta property=\"og:type\" content=\"article\" \/>\n<meta property=\"og:title\" content=\"Jambon Ib\u00e9rique Qualit\u00e9 &quot;Bellota&quot; D\u00e9soss\u00e9\" \/>\n<meta property=\"og:description\" content=\"Morceaux qui proviennent de porcs ib\u00e9riques nourris \u00e0 base d\u2019aliments naturels compos\u00e9s d\u2019avoine, de bl\u00e9, de ma\u00efs et de soja\" \/>\n<meta property=\"og:url\" content=\"https:\/\/www.embutidosballesteros.es\/fr\/producto\/jambon-iberique-qualite-bellota-desosse\/\" \/>\n<meta property=\"og:site_name\" content=\"Embutidos Ballesteros\" \/>\n<meta property=\"article:modified_time\" content=\"2021-03-02T13:48:05+00:00\" \/>\n<meta property=\"og:image\" content=\"https:\/\/www.embutidosballesteros.es\/wp-content\/uploads\/2016\/11\/Centro-jamon-deshuesado-iberico-de-bellota.jpg\" \/>\n\t<meta property=\"og:image:width\" content=\"1000\" \/>\n\t<meta property=\"og:image:height\" content=\"700\" \/>\n\t<meta property=\"og:image:type\" content=\"image\/jpeg\" \/>\n<meta name=\"twitter:card\" content=\"summary_large_image\" \/>\n<script type=\"application\/ld+json\" class=\"yoast-schema-graph\">{\"@context\":\"https:\\\/\\\/schema.org\",\"@graph\":[{\"@type\":\"WebPage\",\"@id\":\"https:\\\/\\\/www.embutidosballesteros.es\\\/fr\\\/producto\\\/jambon-iberique-qualite-bellota-desosse\\\/\",\"url\":\"https:\\\/\\\/www.embutidosballesteros.es\\\/fr\\\/producto\\\/jambon-iberique-qualite-bellota-desosse\\\/\",\"name\":\"Jambon Ib\u00e9rique Qualit\u00e9 \\\"Bellota\\\" D\u00e9soss\u00e9\",\"isPartOf\":{\"@id\":\"https:\\\/\\\/www.embutidosballesteros.es\\\/fr\\\/#website\"},\"primaryImageOfPage\":{\"@id\":\"https:\\\/\\\/www.embutidosballesteros.es\\\/fr\\\/producto\\\/jambon-iberique-qualite-bellota-desosse\\\/#primaryimage\"},\"image\":{\"@id\":\"https:\\\/\\\/www.embutidosballesteros.es\\\/fr\\\/producto\\\/jambon-iberique-qualite-bellota-desosse\\\/#primaryimage\"},\"thumbnailUrl\":\"https:\\\/\\\/www.embutidosballesteros.es\\\/wp-content\\\/uploads\\\/2016\\\/11\\\/Centro-jamon-deshuesado-iberico-de-bellota.jpg\",\"datePublished\":\"2016-11-02T00:00:00+00:00\",\"dateModified\":\"2021-03-02T13:48:05+00:00\",\"description\":\"Morceaux qui proviennent de porcs ib\u00e9riques nourris \u00e0 base d\u2019aliments naturels compos\u00e9s d\u2019avoine, de bl\u00e9, de ma\u00efs et de soja\",\"breadcrumb\":{\"@id\":\"https:\\\/\\\/www.embutidosballesteros.es\\\/fr\\\/producto\\\/jambon-iberique-qualite-bellota-desosse\\\/#breadcrumb\"},\"inLanguage\":\"fr-FR\",\"potentialAction\":[{\"@type\":\"ReadAction\",\"target\":[\"https:\\\/\\\/www.embutidosballesteros.es\\\/fr\\\/producto\\\/jambon-iberique-qualite-bellota-desosse\\\/\"]}]},{\"@type\":\"ImageObject\",\"inLanguage\":\"fr-FR\",\"@id\":\"https:\\\/\\\/www.embutidosballesteros.es\\\/fr\\\/producto\\\/jambon-iberique-qualite-bellota-desosse\\\/#primaryimage\",\"url\":\"https:\\\/\\\/www.embutidosballesteros.es\\\/wp-content\\\/uploads\\\/2016\\\/11\\\/Centro-jamon-deshuesado-iberico-de-bellota.jpg\",\"contentUrl\":\"https:\\\/\\\/www.embutidosballesteros.es\\\/wp-content\\\/uploads\\\/2016\\\/11\\\/Centro-jamon-deshuesado-iberico-de-bellota.jpg\",\"width\":1000,\"height\":700,\"caption\":\"Jam\u00f3n de Bellota Ib\u00e9rico 50% Raza Ib\u00e9rica Deshuesado\"},{\"@type\":\"BreadcrumbList\",\"@id\":\"https:\\\/\\\/www.embutidosballesteros.es\\\/fr\\\/producto\\\/jambon-iberique-qualite-bellota-desosse\\\/#breadcrumb\",\"itemListElement\":[{\"@type\":\"ListItem\",\"position\":1,\"name\":\"Portada\",\"item\":\"https:\\\/\\\/www.embutidosballesteros.es\\\/fr\\\/\"},{\"@type\":\"ListItem\",\"position\":2,\"name\":\"Boutique\",\"item\":\"https:\\\/\\\/www.embutidosballesteros.es\\\/fr\\\/tienda\\\/\"},{\"@type\":\"ListItem\",\"position\":3,\"name\":\"Jambon Ib\u00e9rique Qualit\u00e9 &#8220;Bellota&#8221; D\u00e9soss\u00e9\"}]},{\"@type\":\"WebSite\",\"@id\":\"https:\\\/\\\/www.embutidosballesteros.es\\\/fr\\\/#website\",\"url\":\"https:\\\/\\\/www.embutidosballesteros.es\\\/fr\\\/\",\"name\":\"Embutidos Ballesteros\",\"description\":\"Embutidos y jamones de elaboraci\u00f3n propia\",\"potentialAction\":[{\"@type\":\"SearchAction\",\"target\":{\"@type\":\"EntryPoint\",\"urlTemplate\":\"https:\\\/\\\/www.embutidosballesteros.es\\\/fr\\\/?s={search_term_string}\"},\"query-input\":{\"@type\":\"PropertyValueSpecification\",\"valueRequired\":true,\"valueName\":\"search_term_string\"}}],\"inLanguage\":\"fr-FR\"}]}<\/script>\n<!-- \/ Yoast SEO plugin. -->","yoast_head_json":{"title":"Jambon Ib\u00e9rique Qualit\u00e9 \"Bellota\" D\u00e9soss\u00e9","description":"Morceaux qui proviennent de porcs ib\u00e9riques nourris \u00e0 base d\u2019aliments naturels compos\u00e9s d\u2019avoine, de bl\u00e9, de ma\u00efs et de soja","robots":{"index":"index","follow":"follow","max-snippet":"max-snippet:-1","max-image-preview":"max-image-preview:large","max-video-preview":"max-video-preview:-1"},"canonical":"https:\/\/www.embutidosballesteros.es\/fr\/producto\/jambon-iberique-qualite-bellota-desosse\/","og_locale":"fr_FR","og_type":"article","og_title":"Jambon Ib\u00e9rique Qualit\u00e9 \"Bellota\" D\u00e9soss\u00e9","og_description":"Morceaux qui proviennent de porcs ib\u00e9riques nourris \u00e0 base d\u2019aliments naturels compos\u00e9s d\u2019avoine, de bl\u00e9, de ma\u00efs et de soja","og_url":"https:\/\/www.embutidosballesteros.es\/fr\/producto\/jambon-iberique-qualite-bellota-desosse\/","og_site_name":"Embutidos Ballesteros","article_modified_time":"2021-03-02T13:48:05+00:00","og_image":[{"width":1000,"height":700,"url":"https:\/\/www.embutidosballesteros.es\/wp-content\/uploads\/2016\/11\/Centro-jamon-deshuesado-iberico-de-bellota.jpg","type":"image\/jpeg"}],"twitter_card":"summary_large_image","schema":{"@context":"https:\/\/schema.org","@graph":[{"@type":"WebPage","@id":"https:\/\/www.embutidosballesteros.es\/fr\/producto\/jambon-iberique-qualite-bellota-desosse\/","url":"https:\/\/www.embutidosballesteros.es\/fr\/producto\/jambon-iberique-qualite-bellota-desosse\/","name":"Jambon Ib\u00e9rique Qualit\u00e9 \"Bellota\" D\u00e9soss\u00e9","isPartOf":{"@id":"https:\/\/www.embutidosballesteros.es\/fr\/#website"},"primaryImageOfPage":{"@id":"https:\/\/www.embutidosballesteros.es\/fr\/producto\/jambon-iberique-qualite-bellota-desosse\/#primaryimage"},"image":{"@id":"https:\/\/www.embutidosballesteros.es\/fr\/producto\/jambon-iberique-qualite-bellota-desosse\/#primaryimage"},"thumbnailUrl":"https:\/\/www.embutidosballesteros.es\/wp-content\/uploads\/2016\/11\/Centro-jamon-deshuesado-iberico-de-bellota.jpg","datePublished":"2016-11-02T00:00:00+00:00","dateModified":"2021-03-02T13:48:05+00:00","description":"Morceaux qui proviennent de porcs ib\u00e9riques nourris \u00e0 base d\u2019aliments naturels compos\u00e9s d\u2019avoine, de bl\u00e9, de ma\u00efs et de soja","breadcrumb":{"@id":"https:\/\/www.embutidosballesteros.es\/fr\/producto\/jambon-iberique-qualite-bellota-desosse\/#breadcrumb"},"inLanguage":"fr-FR","potentialAction":[{"@type":"ReadAction","target":["https:\/\/www.embutidosballesteros.es\/fr\/producto\/jambon-iberique-qualite-bellota-desosse\/"]}]},{"@type":"ImageObject","inLanguage":"fr-FR","@id":"https:\/\/www.embutidosballesteros.es\/fr\/producto\/jambon-iberique-qualite-bellota-desosse\/#primaryimage","url":"https:\/\/www.embutidosballesteros.es\/wp-content\/uploads\/2016\/11\/Centro-jamon-deshuesado-iberico-de-bellota.jpg","contentUrl":"https:\/\/www.embutidosballesteros.es\/wp-content\/uploads\/2016\/11\/Centro-jamon-deshuesado-iberico-de-bellota.jpg","width":1000,"height":700,"caption":"Jam\u00f3n de Bellota Ib\u00e9rico 50% Raza Ib\u00e9rica Deshuesado"},{"@type":"BreadcrumbList","@id":"https:\/\/www.embutidosballesteros.es\/fr\/producto\/jambon-iberique-qualite-bellota-desosse\/#breadcrumb","itemListElement":[{"@type":"ListItem","position":1,"name":"Portada","item":"https:\/\/www.embutidosballesteros.es\/fr\/"},{"@type":"ListItem","position":2,"name":"Boutique","item":"https:\/\/www.embutidosballesteros.es\/fr\/tienda\/"},{"@type":"ListItem","position":3,"name":"Jambon Ib\u00e9rique Qualit\u00e9 &#8220;Bellota&#8221; D\u00e9soss\u00e9"}]},{"@type":"WebSite","@id":"https:\/\/www.embutidosballesteros.es\/fr\/#website","url":"https:\/\/www.embutidosballesteros.es\/fr\/","name":"Embutidos Ballesteros","description":"Embutidos y jamones de elaboraci\u00f3n propia","potentialAction":[{"@type":"SearchAction","target":{"@type":"EntryPoint","urlTemplate":"https:\/\/www.embutidosballesteros.es\/fr\/?s={search_term_string}"},"query-input":{"@type":"PropertyValueSpecification","valueRequired":true,"valueName":"search_term_string"}}],"inLanguage":"fr-FR"}]}},"_links":{"self":[{"href":"https:\/\/www.embutidosballesteros.es\/fr\/wp-json\/wp\/v2\/product\/6398","targetHints":{"allow":["GET"]}}],"collection":[{"href":"https:\/\/www.embutidosballesteros.es\/fr\/wp-json\/wp\/v2\/product"}],"about":[{"href":"https:\/\/www.embutidosballesteros.es\/fr\/wp-json\/wp\/v2\/types\/product"}],"wp:featuredmedia":[{"embeddable":true,"href":"https:\/\/www.embutidosballesteros.es\/fr\/wp-json\/wp\/v2\/media\/15584"}],"wp:attachment":[{"href":"https:\/\/www.embutidosballesteros.es\/fr\/wp-json\/wp\/v2\/media?parent=6398"}],"wp:term":[{"taxonomy":"product_brand","embeddable":true,"href":"https:\/\/www.embutidosballesteros.es\/fr\/wp-json\/wp\/v2\/product_brand?post=6398"},{"taxonomy":"product_cat","embeddable":true,"href":"https:\/\/www.embutidosballesteros.es\/fr\/wp-json\/wp\/v2\/product_cat?post=6398"},{"taxonomy":"product_tag","embeddable":true,"href":"https:\/\/www.embutidosballesteros.es\/fr\/wp-json\/wp\/v2\/product_tag?post=6398"}],"curies":[{"name":"wp","href":"https:\/\/api.w.org\/{rel}","templated":true}]}}