{"id":6401,"date":"2016-11-02T00:00:00","date_gmt":"2016-11-02T00:00:00","guid":{"rendered":"https:\/\/www.embutidosballesteros.es\/producto\/6401\/"},"modified":"2021-03-02T14:14:31","modified_gmt":"2021-03-02T13:14:31","slug":"jambon-centro-bodega-grand-affinage","status":"publish","type":"product","link":"https:\/\/www.embutidosballesteros.es\/fr\/producto\/jambon-centro-bodega-grand-affinage\/","title":{"rendered":"Jambon Centro Bodega Grand Affinage"},"content":{"rendered":"<p>Morceaux qui proviennent de porcs ib\u00e9riques nourris \u00e0 base d\u2019aliments naturels compos\u00e9s d\u2019avoine, de bl\u00e9, de ma\u00efs et de soja. Le r\u00e9sultat est un produit de haute qualit\u00e9 \u00e0 l\u2019ar\u00f4me et la pr\u00e9sence excellents. La p\u00e9riode d\u2019affinage est de 36 mois minimum. <\/p>\n","protected":false},"excerpt":{"rendered":"<p>Nous le vendons d\u00e9soss\u00e9, entier ou par moiti\u00e9.\/p&gt;<\/p>\n<p><em>Preco: 14,95\u20ac\/Kg<\/em><\/p>\n","protected":false},"featured_media":4678,"template":"","meta":[],"product_brand":[],"product_cat":[503,481],"product_tag":[574,544,527,528,593,587,594],"class_list":{"0":"post-6401","1":"product","2":"type-product","3":"status-publish","4":"has-post-thumbnail","6":"product_cat-bodega-fr","7":"product_cat-jambon","8":"product_tag-embutidos-ballesteros-fr","9":"product_tag-jambon","10":"product_tag-jambon-bodega","11":"product_tag-jambon-bodega-desosse","12":"product_tag-jambon-bodega-grand-affinage","13":"product_tag-jambon-bodega-grand-cru","14":"product_tag-jambon-desosse","16":"first","17":"instock","18":"taxable","19":"shipping-taxable","20":"purchasable","21":"product-type-variable"},"yoast_head":"<!-- This site is optimized with the Yoast SEO plugin v27.4 - https:\/\/yoast.com\/product\/yoast-seo-wordpress\/ -->\n<title>Jambon Centro Bodega Grand Affinage - Embutidos Ballesteros<\/title>\n<meta name=\"description\" content=\"Morceaux qui proviennent de porcs ib\u00e9riques nourris \u00e0 base d\u2019aliments naturels compos\u00e9s d\u2019avoine, de bl\u00e9, de ma\u00efs et de soja\" \/>\n<meta name=\"robots\" content=\"index, follow, max-snippet:-1, max-image-preview:large, max-video-preview:-1\" \/>\n<link rel=\"canonical\" href=\"https:\/\/www.embutidosballesteros.es\/fr\/producto\/jambon-centro-bodega-grand-affinage\/\" \/>\n<meta property=\"og:locale\" content=\"fr_FR\" \/>\n<meta property=\"og:type\" content=\"article\" \/>\n<meta property=\"og:title\" content=\"Jambon Centro Bodega Grand Affinage - Embutidos Ballesteros\" \/>\n<meta property=\"og:description\" content=\"Morceaux qui proviennent de porcs ib\u00e9riques nourris \u00e0 base d\u2019aliments naturels compos\u00e9s d\u2019avoine, de bl\u00e9, de ma\u00efs et de soja\" \/>\n<meta property=\"og:url\" content=\"https:\/\/www.embutidosballesteros.es\/fr\/producto\/jambon-centro-bodega-grand-affinage\/\" \/>\n<meta property=\"og:site_name\" content=\"Embutidos Ballesteros\" \/>\n<meta property=\"article:modified_time\" content=\"2021-03-02T13:14:31+00:00\" \/>\n<meta property=\"og:image\" content=\"https:\/\/www.embutidosballesteros.es\/wp-content\/uploads\/2018\/06\/jamon-bodega-de-gran-curacion-deshuesado.jpg\" \/>\n\t<meta property=\"og:image:width\" content=\"800\" \/>\n\t<meta property=\"og:image:height\" content=\"800\" \/>\n\t<meta property=\"og:image:type\" content=\"image\/jpeg\" \/>\n<meta name=\"twitter:card\" content=\"summary_large_image\" \/>\n<script type=\"application\/ld+json\" class=\"yoast-schema-graph\">{\"@context\":\"https:\\\/\\\/schema.org\",\"@graph\":[{\"@type\":\"WebPage\",\"@id\":\"https:\\\/\\\/www.embutidosballesteros.es\\\/fr\\\/producto\\\/jambon-centro-bodega-grand-affinage\\\/\",\"url\":\"https:\\\/\\\/www.embutidosballesteros.es\\\/fr\\\/producto\\\/jambon-centro-bodega-grand-affinage\\\/\",\"name\":\"Jambon Centro Bodega Grand Affinage - Embutidos Ballesteros\",\"isPartOf\":{\"@id\":\"https:\\\/\\\/www.embutidosballesteros.es\\\/fr\\\/#website\"},\"primaryImageOfPage\":{\"@id\":\"https:\\\/\\\/www.embutidosballesteros.es\\\/fr\\\/producto\\\/jambon-centro-bodega-grand-affinage\\\/#primaryimage\"},\"image\":{\"@id\":\"https:\\\/\\\/www.embutidosballesteros.es\\\/fr\\\/producto\\\/jambon-centro-bodega-grand-affinage\\\/#primaryimage\"},\"thumbnailUrl\":\"https:\\\/\\\/www.embutidosballesteros.es\\\/wp-content\\\/uploads\\\/2018\\\/06\\\/jamon-bodega-de-gran-curacion-deshuesado.jpg\",\"datePublished\":\"2016-11-02T00:00:00+00:00\",\"dateModified\":\"2021-03-02T13:14:31+00:00\",\"description\":\"Morceaux qui proviennent de porcs ib\u00e9riques nourris \u00e0 base d\u2019aliments naturels compos\u00e9s d\u2019avoine, de bl\u00e9, de ma\u00efs et de soja\",\"breadcrumb\":{\"@id\":\"https:\\\/\\\/www.embutidosballesteros.es\\\/fr\\\/producto\\\/jambon-centro-bodega-grand-affinage\\\/#breadcrumb\"},\"inLanguage\":\"fr-FR\",\"potentialAction\":[{\"@type\":\"ReadAction\",\"target\":[\"https:\\\/\\\/www.embutidosballesteros.es\\\/fr\\\/producto\\\/jambon-centro-bodega-grand-affinage\\\/\"]}]},{\"@type\":\"ImageObject\",\"inLanguage\":\"fr-FR\",\"@id\":\"https:\\\/\\\/www.embutidosballesteros.es\\\/fr\\\/producto\\\/jambon-centro-bodega-grand-affinage\\\/#primaryimage\",\"url\":\"https:\\\/\\\/www.embutidosballesteros.es\\\/wp-content\\\/uploads\\\/2018\\\/06\\\/jamon-bodega-de-gran-curacion-deshuesado.jpg\",\"contentUrl\":\"https:\\\/\\\/www.embutidosballesteros.es\\\/wp-content\\\/uploads\\\/2018\\\/06\\\/jamon-bodega-de-gran-curacion-deshuesado.jpg\",\"width\":800,\"height\":800,\"caption\":\"Jambon Centro Bodega Grand Affinage\"},{\"@type\":\"BreadcrumbList\",\"@id\":\"https:\\\/\\\/www.embutidosballesteros.es\\\/fr\\\/producto\\\/jambon-centro-bodega-grand-affinage\\\/#breadcrumb\",\"itemListElement\":[{\"@type\":\"ListItem\",\"position\":1,\"name\":\"Portada\",\"item\":\"https:\\\/\\\/www.embutidosballesteros.es\\\/fr\\\/\"},{\"@type\":\"ListItem\",\"position\":2,\"name\":\"Boutique\",\"item\":\"https:\\\/\\\/www.embutidosballesteros.es\\\/fr\\\/tienda\\\/\"},{\"@type\":\"ListItem\",\"position\":3,\"name\":\"Jambon Centro Bodega Grand Affinage\"}]},{\"@type\":\"WebSite\",\"@id\":\"https:\\\/\\\/www.embutidosballesteros.es\\\/fr\\\/#website\",\"url\":\"https:\\\/\\\/www.embutidosballesteros.es\\\/fr\\\/\",\"name\":\"Embutidos Ballesteros\",\"description\":\"Embutidos y jamones de elaboraci\u00f3n propia\",\"potentialAction\":[{\"@type\":\"SearchAction\",\"target\":{\"@type\":\"EntryPoint\",\"urlTemplate\":\"https:\\\/\\\/www.embutidosballesteros.es\\\/fr\\\/?s={search_term_string}\"},\"query-input\":{\"@type\":\"PropertyValueSpecification\",\"valueRequired\":true,\"valueName\":\"search_term_string\"}}],\"inLanguage\":\"fr-FR\"}]}<\/script>\n<!-- \/ Yoast SEO plugin. -->","yoast_head_json":{"title":"Jambon Centro Bodega Grand Affinage - Embutidos Ballesteros","description":"Morceaux qui proviennent de porcs ib\u00e9riques nourris \u00e0 base d\u2019aliments naturels compos\u00e9s d\u2019avoine, de bl\u00e9, de ma\u00efs et de soja","robots":{"index":"index","follow":"follow","max-snippet":"max-snippet:-1","max-image-preview":"max-image-preview:large","max-video-preview":"max-video-preview:-1"},"canonical":"https:\/\/www.embutidosballesteros.es\/fr\/producto\/jambon-centro-bodega-grand-affinage\/","og_locale":"fr_FR","og_type":"article","og_title":"Jambon Centro Bodega Grand Affinage - Embutidos Ballesteros","og_description":"Morceaux qui proviennent de porcs ib\u00e9riques nourris \u00e0 base d\u2019aliments naturels compos\u00e9s d\u2019avoine, de bl\u00e9, de ma\u00efs et de soja","og_url":"https:\/\/www.embutidosballesteros.es\/fr\/producto\/jambon-centro-bodega-grand-affinage\/","og_site_name":"Embutidos Ballesteros","article_modified_time":"2021-03-02T13:14:31+00:00","og_image":[{"width":800,"height":800,"url":"https:\/\/www.embutidosballesteros.es\/wp-content\/uploads\/2018\/06\/jamon-bodega-de-gran-curacion-deshuesado.jpg","type":"image\/jpeg"}],"twitter_card":"summary_large_image","schema":{"@context":"https:\/\/schema.org","@graph":[{"@type":"WebPage","@id":"https:\/\/www.embutidosballesteros.es\/fr\/producto\/jambon-centro-bodega-grand-affinage\/","url":"https:\/\/www.embutidosballesteros.es\/fr\/producto\/jambon-centro-bodega-grand-affinage\/","name":"Jambon Centro Bodega Grand Affinage - Embutidos Ballesteros","isPartOf":{"@id":"https:\/\/www.embutidosballesteros.es\/fr\/#website"},"primaryImageOfPage":{"@id":"https:\/\/www.embutidosballesteros.es\/fr\/producto\/jambon-centro-bodega-grand-affinage\/#primaryimage"},"image":{"@id":"https:\/\/www.embutidosballesteros.es\/fr\/producto\/jambon-centro-bodega-grand-affinage\/#primaryimage"},"thumbnailUrl":"https:\/\/www.embutidosballesteros.es\/wp-content\/uploads\/2018\/06\/jamon-bodega-de-gran-curacion-deshuesado.jpg","datePublished":"2016-11-02T00:00:00+00:00","dateModified":"2021-03-02T13:14:31+00:00","description":"Morceaux qui proviennent de porcs ib\u00e9riques nourris \u00e0 base d\u2019aliments naturels compos\u00e9s d\u2019avoine, de bl\u00e9, de ma\u00efs et de soja","breadcrumb":{"@id":"https:\/\/www.embutidosballesteros.es\/fr\/producto\/jambon-centro-bodega-grand-affinage\/#breadcrumb"},"inLanguage":"fr-FR","potentialAction":[{"@type":"ReadAction","target":["https:\/\/www.embutidosballesteros.es\/fr\/producto\/jambon-centro-bodega-grand-affinage\/"]}]},{"@type":"ImageObject","inLanguage":"fr-FR","@id":"https:\/\/www.embutidosballesteros.es\/fr\/producto\/jambon-centro-bodega-grand-affinage\/#primaryimage","url":"https:\/\/www.embutidosballesteros.es\/wp-content\/uploads\/2018\/06\/jamon-bodega-de-gran-curacion-deshuesado.jpg","contentUrl":"https:\/\/www.embutidosballesteros.es\/wp-content\/uploads\/2018\/06\/jamon-bodega-de-gran-curacion-deshuesado.jpg","width":800,"height":800,"caption":"Jambon Centro Bodega Grand Affinage"},{"@type":"BreadcrumbList","@id":"https:\/\/www.embutidosballesteros.es\/fr\/producto\/jambon-centro-bodega-grand-affinage\/#breadcrumb","itemListElement":[{"@type":"ListItem","position":1,"name":"Portada","item":"https:\/\/www.embutidosballesteros.es\/fr\/"},{"@type":"ListItem","position":2,"name":"Boutique","item":"https:\/\/www.embutidosballesteros.es\/fr\/tienda\/"},{"@type":"ListItem","position":3,"name":"Jambon Centro Bodega Grand Affinage"}]},{"@type":"WebSite","@id":"https:\/\/www.embutidosballesteros.es\/fr\/#website","url":"https:\/\/www.embutidosballesteros.es\/fr\/","name":"Embutidos Ballesteros","description":"Embutidos y jamones de elaboraci\u00f3n propia","potentialAction":[{"@type":"SearchAction","target":{"@type":"EntryPoint","urlTemplate":"https:\/\/www.embutidosballesteros.es\/fr\/?s={search_term_string}"},"query-input":{"@type":"PropertyValueSpecification","valueRequired":true,"valueName":"search_term_string"}}],"inLanguage":"fr-FR"}]}},"_links":{"self":[{"href":"https:\/\/www.embutidosballesteros.es\/fr\/wp-json\/wp\/v2\/product\/6401","targetHints":{"allow":["GET"]}}],"collection":[{"href":"https:\/\/www.embutidosballesteros.es\/fr\/wp-json\/wp\/v2\/product"}],"about":[{"href":"https:\/\/www.embutidosballesteros.es\/fr\/wp-json\/wp\/v2\/types\/product"}],"wp:featuredmedia":[{"embeddable":true,"href":"https:\/\/www.embutidosballesteros.es\/fr\/wp-json\/wp\/v2\/media\/4678"}],"wp:attachment":[{"href":"https:\/\/www.embutidosballesteros.es\/fr\/wp-json\/wp\/v2\/media?parent=6401"}],"wp:term":[{"taxonomy":"product_brand","embeddable":true,"href":"https:\/\/www.embutidosballesteros.es\/fr\/wp-json\/wp\/v2\/product_brand?post=6401"},{"taxonomy":"product_cat","embeddable":true,"href":"https:\/\/www.embutidosballesteros.es\/fr\/wp-json\/wp\/v2\/product_cat?post=6401"},{"taxonomy":"product_tag","embeddable":true,"href":"https:\/\/www.embutidosballesteros.es\/fr\/wp-json\/wp\/v2\/product_tag?post=6401"}],"curies":[{"name":"wp","href":"https:\/\/api.w.org\/{rel}","templated":true}]}}