{"id":6407,"date":"2017-06-15T16:19:37","date_gmt":"2017-06-15T16:19:37","guid":{"rendered":"https:\/\/www.embutidosballesteros.es\/producto\/epaule-centro-pepona-grande-selection\/"},"modified":"2021-03-02T16:58:25","modified_gmt":"2021-03-02T15:58:25","slug":"epaule-centro-pepona-grande-selection","status":"publish","type":"product","link":"https:\/\/www.embutidosballesteros.es\/fr\/producto\/epaule-centro-pepona-grande-selection\/","title":{"rendered":"\u00c9paule Centro Pepona &#8220;Grande S\u00e9lection&#8221;"},"content":{"rendered":"","protected":false},"excerpt":{"rendered":"<p>Nous le vendons d\u00e9soss\u00e9, entier ou par moiti\u00e9. <\/p>\n<p><em>Prix<\/em>: 12,90 \u20ac\/Kg<\/p>\n","protected":false},"featured_media":4750,"template":"","meta":[],"product_brand":[],"product_cat":[482,655],"product_tag":[533,568,539],"class_list":{"0":"post-6407","1":"product","2":"type-product","3":"status-publish","4":"has-post-thumbnail","6":"product_cat-epaule","7":"product_cat-matanza-jambon","8":"product_tag-epaule","9":"product_tag-matanza-fr","10":"product_tag-pepona-fr","12":"first","13":"instock","14":"taxable","15":"shipping-taxable","16":"purchasable","17":"product-type-variable"},"yoast_head":"<!-- This site is optimized with the Yoast SEO plugin v27.4 - https:\/\/yoast.com\/product\/yoast-seo-wordpress\/ -->\n<title>\u00c9paule Centro Pepona &quot;Grande S\u00e9lection&quot; - Embutidos Ballesteros<\/title>\n<meta name=\"description\" content=\"\u00c9paule Centro Pepona &quot;Grande S\u00e9lection&quot; - Embutidos Ballesteros\" \/>\n<meta name=\"robots\" content=\"index, follow, max-snippet:-1, max-image-preview:large, max-video-preview:-1\" \/>\n<link rel=\"canonical\" href=\"https:\/\/www.embutidosballesteros.es\/fr\/producto\/epaule-centro-pepona-grande-selection\/\" \/>\n<meta property=\"og:locale\" content=\"fr_FR\" \/>\n<meta property=\"og:type\" content=\"article\" \/>\n<meta property=\"og:title\" content=\"\u00c9paule Centro Pepona &quot;Grande S\u00e9lection&quot; - Embutidos Ballesteros\" \/>\n<meta property=\"og:description\" content=\"\u00c9paule Centro Pepona &quot;Grande S\u00e9lection&quot; - Embutidos Ballesteros\" \/>\n<meta property=\"og:url\" content=\"https:\/\/www.embutidosballesteros.es\/fr\/producto\/epaule-centro-pepona-grande-selection\/\" \/>\n<meta property=\"og:site_name\" content=\"Embutidos Ballesteros\" \/>\n<meta property=\"article:modified_time\" content=\"2021-03-02T15:58:25+00:00\" \/>\n<meta property=\"og:image\" content=\"https:\/\/www.embutidosballesteros.es\/wp-content\/uploads\/2017\/06\/paleta-centro-pepona-gran-seleccion.jpg\" \/>\n\t<meta property=\"og:image:width\" content=\"800\" \/>\n\t<meta property=\"og:image:height\" content=\"800\" \/>\n\t<meta property=\"og:image:type\" content=\"image\/jpeg\" \/>\n<meta name=\"twitter:card\" content=\"summary_large_image\" \/>\n<script type=\"application\/ld+json\" class=\"yoast-schema-graph\">{\"@context\":\"https:\\\/\\\/schema.org\",\"@graph\":[{\"@type\":\"WebPage\",\"@id\":\"https:\\\/\\\/www.embutidosballesteros.es\\\/fr\\\/producto\\\/epaule-centro-pepona-grande-selection\\\/\",\"url\":\"https:\\\/\\\/www.embutidosballesteros.es\\\/fr\\\/producto\\\/epaule-centro-pepona-grande-selection\\\/\",\"name\":\"\u00c9paule Centro Pepona \\\"Grande S\u00e9lection\\\" - Embutidos Ballesteros\",\"isPartOf\":{\"@id\":\"https:\\\/\\\/www.embutidosballesteros.es\\\/fr\\\/#website\"},\"primaryImageOfPage\":{\"@id\":\"https:\\\/\\\/www.embutidosballesteros.es\\\/fr\\\/producto\\\/epaule-centro-pepona-grande-selection\\\/#primaryimage\"},\"image\":{\"@id\":\"https:\\\/\\\/www.embutidosballesteros.es\\\/fr\\\/producto\\\/epaule-centro-pepona-grande-selection\\\/#primaryimage\"},\"thumbnailUrl\":\"https:\\\/\\\/www.embutidosballesteros.es\\\/wp-content\\\/uploads\\\/2017\\\/06\\\/paleta-centro-pepona-gran-seleccion.jpg\",\"datePublished\":\"2017-06-15T16:19:37+00:00\",\"dateModified\":\"2021-03-02T15:58:25+00:00\",\"description\":\"\u00c9paule Centro Pepona \\\"Grande S\u00e9lection\\\" - Embutidos Ballesteros\",\"breadcrumb\":{\"@id\":\"https:\\\/\\\/www.embutidosballesteros.es\\\/fr\\\/producto\\\/epaule-centro-pepona-grande-selection\\\/#breadcrumb\"},\"inLanguage\":\"fr-FR\",\"potentialAction\":[{\"@type\":\"ReadAction\",\"target\":[\"https:\\\/\\\/www.embutidosballesteros.es\\\/fr\\\/producto\\\/epaule-centro-pepona-grande-selection\\\/\"]}]},{\"@type\":\"ImageObject\",\"inLanguage\":\"fr-FR\",\"@id\":\"https:\\\/\\\/www.embutidosballesteros.es\\\/fr\\\/producto\\\/epaule-centro-pepona-grande-selection\\\/#primaryimage\",\"url\":\"https:\\\/\\\/www.embutidosballesteros.es\\\/wp-content\\\/uploads\\\/2017\\\/06\\\/paleta-centro-pepona-gran-seleccion.jpg\",\"contentUrl\":\"https:\\\/\\\/www.embutidosballesteros.es\\\/wp-content\\\/uploads\\\/2017\\\/06\\\/paleta-centro-pepona-gran-seleccion.jpg\",\"width\":800,\"height\":800,\"caption\":\"\u00c9paule Centro Pepona \\\"Grande S\u00e9lection\\\"\"},{\"@type\":\"BreadcrumbList\",\"@id\":\"https:\\\/\\\/www.embutidosballesteros.es\\\/fr\\\/producto\\\/epaule-centro-pepona-grande-selection\\\/#breadcrumb\",\"itemListElement\":[{\"@type\":\"ListItem\",\"position\":1,\"name\":\"Portada\",\"item\":\"https:\\\/\\\/www.embutidosballesteros.es\\\/fr\\\/\"},{\"@type\":\"ListItem\",\"position\":2,\"name\":\"Boutique\",\"item\":\"https:\\\/\\\/www.embutidosballesteros.es\\\/fr\\\/tienda\\\/\"},{\"@type\":\"ListItem\",\"position\":3,\"name\":\"\u00c9paule Centro Pepona &#8220;Grande S\u00e9lection&#8221;\"}]},{\"@type\":\"WebSite\",\"@id\":\"https:\\\/\\\/www.embutidosballesteros.es\\\/fr\\\/#website\",\"url\":\"https:\\\/\\\/www.embutidosballesteros.es\\\/fr\\\/\",\"name\":\"Embutidos Ballesteros\",\"description\":\"Embutidos y jamones de elaboraci\u00f3n propia\",\"potentialAction\":[{\"@type\":\"SearchAction\",\"target\":{\"@type\":\"EntryPoint\",\"urlTemplate\":\"https:\\\/\\\/www.embutidosballesteros.es\\\/fr\\\/?s={search_term_string}\"},\"query-input\":{\"@type\":\"PropertyValueSpecification\",\"valueRequired\":true,\"valueName\":\"search_term_string\"}}],\"inLanguage\":\"fr-FR\"}]}<\/script>\n<!-- \/ Yoast SEO plugin. -->","yoast_head_json":{"title":"\u00c9paule Centro Pepona \"Grande S\u00e9lection\" - Embutidos Ballesteros","description":"\u00c9paule Centro Pepona \"Grande S\u00e9lection\" - Embutidos Ballesteros","robots":{"index":"index","follow":"follow","max-snippet":"max-snippet:-1","max-image-preview":"max-image-preview:large","max-video-preview":"max-video-preview:-1"},"canonical":"https:\/\/www.embutidosballesteros.es\/fr\/producto\/epaule-centro-pepona-grande-selection\/","og_locale":"fr_FR","og_type":"article","og_title":"\u00c9paule Centro Pepona \"Grande S\u00e9lection\" - Embutidos Ballesteros","og_description":"\u00c9paule Centro Pepona \"Grande S\u00e9lection\" - Embutidos Ballesteros","og_url":"https:\/\/www.embutidosballesteros.es\/fr\/producto\/epaule-centro-pepona-grande-selection\/","og_site_name":"Embutidos Ballesteros","article_modified_time":"2021-03-02T15:58:25+00:00","og_image":[{"width":800,"height":800,"url":"https:\/\/www.embutidosballesteros.es\/wp-content\/uploads\/2017\/06\/paleta-centro-pepona-gran-seleccion.jpg","type":"image\/jpeg"}],"twitter_card":"summary_large_image","schema":{"@context":"https:\/\/schema.org","@graph":[{"@type":"WebPage","@id":"https:\/\/www.embutidosballesteros.es\/fr\/producto\/epaule-centro-pepona-grande-selection\/","url":"https:\/\/www.embutidosballesteros.es\/fr\/producto\/epaule-centro-pepona-grande-selection\/","name":"\u00c9paule Centro Pepona \"Grande S\u00e9lection\" - Embutidos Ballesteros","isPartOf":{"@id":"https:\/\/www.embutidosballesteros.es\/fr\/#website"},"primaryImageOfPage":{"@id":"https:\/\/www.embutidosballesteros.es\/fr\/producto\/epaule-centro-pepona-grande-selection\/#primaryimage"},"image":{"@id":"https:\/\/www.embutidosballesteros.es\/fr\/producto\/epaule-centro-pepona-grande-selection\/#primaryimage"},"thumbnailUrl":"https:\/\/www.embutidosballesteros.es\/wp-content\/uploads\/2017\/06\/paleta-centro-pepona-gran-seleccion.jpg","datePublished":"2017-06-15T16:19:37+00:00","dateModified":"2021-03-02T15:58:25+00:00","description":"\u00c9paule Centro Pepona \"Grande S\u00e9lection\" - Embutidos Ballesteros","breadcrumb":{"@id":"https:\/\/www.embutidosballesteros.es\/fr\/producto\/epaule-centro-pepona-grande-selection\/#breadcrumb"},"inLanguage":"fr-FR","potentialAction":[{"@type":"ReadAction","target":["https:\/\/www.embutidosballesteros.es\/fr\/producto\/epaule-centro-pepona-grande-selection\/"]}]},{"@type":"ImageObject","inLanguage":"fr-FR","@id":"https:\/\/www.embutidosballesteros.es\/fr\/producto\/epaule-centro-pepona-grande-selection\/#primaryimage","url":"https:\/\/www.embutidosballesteros.es\/wp-content\/uploads\/2017\/06\/paleta-centro-pepona-gran-seleccion.jpg","contentUrl":"https:\/\/www.embutidosballesteros.es\/wp-content\/uploads\/2017\/06\/paleta-centro-pepona-gran-seleccion.jpg","width":800,"height":800,"caption":"\u00c9paule Centro Pepona \"Grande S\u00e9lection\""},{"@type":"BreadcrumbList","@id":"https:\/\/www.embutidosballesteros.es\/fr\/producto\/epaule-centro-pepona-grande-selection\/#breadcrumb","itemListElement":[{"@type":"ListItem","position":1,"name":"Portada","item":"https:\/\/www.embutidosballesteros.es\/fr\/"},{"@type":"ListItem","position":2,"name":"Boutique","item":"https:\/\/www.embutidosballesteros.es\/fr\/tienda\/"},{"@type":"ListItem","position":3,"name":"\u00c9paule Centro Pepona &#8220;Grande S\u00e9lection&#8221;"}]},{"@type":"WebSite","@id":"https:\/\/www.embutidosballesteros.es\/fr\/#website","url":"https:\/\/www.embutidosballesteros.es\/fr\/","name":"Embutidos Ballesteros","description":"Embutidos y jamones de elaboraci\u00f3n propia","potentialAction":[{"@type":"SearchAction","target":{"@type":"EntryPoint","urlTemplate":"https:\/\/www.embutidosballesteros.es\/fr\/?s={search_term_string}"},"query-input":{"@type":"PropertyValueSpecification","valueRequired":true,"valueName":"search_term_string"}}],"inLanguage":"fr-FR"}]}},"_links":{"self":[{"href":"https:\/\/www.embutidosballesteros.es\/fr\/wp-json\/wp\/v2\/product\/6407","targetHints":{"allow":["GET"]}}],"collection":[{"href":"https:\/\/www.embutidosballesteros.es\/fr\/wp-json\/wp\/v2\/product"}],"about":[{"href":"https:\/\/www.embutidosballesteros.es\/fr\/wp-json\/wp\/v2\/types\/product"}],"wp:featuredmedia":[{"embeddable":true,"href":"https:\/\/www.embutidosballesteros.es\/fr\/wp-json\/wp\/v2\/media\/4750"}],"wp:attachment":[{"href":"https:\/\/www.embutidosballesteros.es\/fr\/wp-json\/wp\/v2\/media?parent=6407"}],"wp:term":[{"taxonomy":"product_brand","embeddable":true,"href":"https:\/\/www.embutidosballesteros.es\/fr\/wp-json\/wp\/v2\/product_brand?post=6407"},{"taxonomy":"product_cat","embeddable":true,"href":"https:\/\/www.embutidosballesteros.es\/fr\/wp-json\/wp\/v2\/product_cat?post=6407"},{"taxonomy":"product_tag","embeddable":true,"href":"https:\/\/www.embutidosballesteros.es\/fr\/wp-json\/wp\/v2\/product_tag?post=6407"}],"curies":[{"name":"wp","href":"https:\/\/api.w.org\/{rel}","templated":true}]}}