{"id":6408,"date":"2016-11-02T00:00:00","date_gmt":"2016-11-02T00:00:00","guid":{"rendered":"https:\/\/www.embutidosballesteros.es\/producto\/jambon-iberique-qualite-cebo-desosse-2\/"},"modified":"2021-03-02T16:51:45","modified_gmt":"2021-03-02T15:51:45","slug":"jambon-iberique-qualite-cebo-desosse-2","status":"publish","type":"product","link":"https:\/\/www.embutidosballesteros.es\/fr\/producto\/jambon-iberique-qualite-cebo-desosse-2\/","title":{"rendered":"\u00c9paule Ib\u00e9rique Qualit\u00e9 &#8220;Cebo&#8221; Desosse"},"content":{"rendered":"<p>Ces morceaux proviennent de porcs ib\u00e9riques nourris avec des glands en saison et qui passent le reste de leur vie en porcherie o\u00f9 leur alimentation devient \u00e0 base de produits naturels jusqu\u2019\u00e0 l\u2019abattage. <\/p>\n","protected":false},"excerpt":{"rendered":"<p>Nous le vendons d\u00e9soss\u00e9, entier ou par moiti\u00e9. <\/p>\n<p><em>Prix: 24,95 \u20ac\/Kg<\/em><\/p>\n","protected":false},"featured_media":4740,"template":"","meta":[],"product_brand":[],"product_cat":[482,654],"product_tag":[508,533,522,575,585],"class_list":{"0":"post-6408","1":"product","2":"type-product","3":"status-publish","4":"has-post-thumbnail","6":"product_cat-epaule","7":"product_cat-iberique-epaule","8":"product_tag-ballesteros-fr","9":"product_tag-epaule","10":"product_tag-ibelier-fr","11":"product_tag-iberique-fr","12":"product_tag-qualite-cebo","14":"first","15":"instock","16":"taxable","17":"shipping-taxable","18":"purchasable","19":"product-type-variable","20":"has-default-attributes"},"yoast_head":"<!-- This site is optimized with the Yoast SEO plugin v27.4 - https:\/\/yoast.com\/product\/yoast-seo-wordpress\/ -->\n<title>\u00c9paule Ib\u00e9rique Qualit\u00e9 &quot;Cebo&quot; Desosse - Embutidos Ballesteros<\/title>\n<meta name=\"description\" content=\"Ces morceaux proviennent de porcs ib\u00e9riques nourris avec des glands en saison et qui passent le reste de leur\" \/>\n<meta name=\"robots\" content=\"index, follow, max-snippet:-1, max-image-preview:large, max-video-preview:-1\" \/>\n<link rel=\"canonical\" href=\"https:\/\/www.embutidosballesteros.es\/fr\/producto\/jambon-iberique-qualite-cebo-desosse-2\/\" \/>\n<meta property=\"og:locale\" content=\"fr_FR\" \/>\n<meta property=\"og:type\" content=\"article\" \/>\n<meta property=\"og:title\" content=\"\u00c9paule Ib\u00e9rique Qualit\u00e9 &quot;Cebo&quot; Desosse - Embutidos Ballesteros\" \/>\n<meta property=\"og:description\" content=\"Ces morceaux proviennent de porcs ib\u00e9riques nourris avec des glands en saison et qui passent le reste de leur\" \/>\n<meta property=\"og:url\" content=\"https:\/\/www.embutidosballesteros.es\/fr\/producto\/jambon-iberique-qualite-cebo-desosse-2\/\" \/>\n<meta property=\"og:site_name\" content=\"Embutidos Ballesteros\" \/>\n<meta property=\"article:modified_time\" content=\"2021-03-02T15:51:45+00:00\" \/>\n<meta property=\"og:image\" content=\"https:\/\/www.embutidosballesteros.es\/wp-content\/uploads\/2016\/11\/paleta-cebo-iberica-deshuesada.jpg\" \/>\n\t<meta property=\"og:image:width\" content=\"1000\" \/>\n\t<meta property=\"og:image:height\" content=\"1000\" \/>\n\t<meta property=\"og:image:type\" content=\"image\/jpeg\" \/>\n<meta name=\"twitter:card\" content=\"summary_large_image\" \/>\n<script type=\"application\/ld+json\" class=\"yoast-schema-graph\">{\"@context\":\"https:\\\/\\\/schema.org\",\"@graph\":[{\"@type\":\"WebPage\",\"@id\":\"https:\\\/\\\/www.embutidosballesteros.es\\\/fr\\\/producto\\\/jambon-iberique-qualite-cebo-desosse-2\\\/\",\"url\":\"https:\\\/\\\/www.embutidosballesteros.es\\\/fr\\\/producto\\\/jambon-iberique-qualite-cebo-desosse-2\\\/\",\"name\":\"\u00c9paule Ib\u00e9rique Qualit\u00e9 \\\"Cebo\\\" Desosse - Embutidos Ballesteros\",\"isPartOf\":{\"@id\":\"https:\\\/\\\/www.embutidosballesteros.es\\\/fr\\\/#website\"},\"primaryImageOfPage\":{\"@id\":\"https:\\\/\\\/www.embutidosballesteros.es\\\/fr\\\/producto\\\/jambon-iberique-qualite-cebo-desosse-2\\\/#primaryimage\"},\"image\":{\"@id\":\"https:\\\/\\\/www.embutidosballesteros.es\\\/fr\\\/producto\\\/jambon-iberique-qualite-cebo-desosse-2\\\/#primaryimage\"},\"thumbnailUrl\":\"https:\\\/\\\/www.embutidosballesteros.es\\\/wp-content\\\/uploads\\\/2016\\\/11\\\/paleta-cebo-iberica-deshuesada.jpg\",\"datePublished\":\"2016-11-02T00:00:00+00:00\",\"dateModified\":\"2021-03-02T15:51:45+00:00\",\"description\":\"Ces morceaux proviennent de porcs ib\u00e9riques nourris avec des glands en saison et qui passent le reste de leur\",\"breadcrumb\":{\"@id\":\"https:\\\/\\\/www.embutidosballesteros.es\\\/fr\\\/producto\\\/jambon-iberique-qualite-cebo-desosse-2\\\/#breadcrumb\"},\"inLanguage\":\"fr-FR\",\"potentialAction\":[{\"@type\":\"ReadAction\",\"target\":[\"https:\\\/\\\/www.embutidosballesteros.es\\\/fr\\\/producto\\\/jambon-iberique-qualite-cebo-desosse-2\\\/\"]}]},{\"@type\":\"ImageObject\",\"inLanguage\":\"fr-FR\",\"@id\":\"https:\\\/\\\/www.embutidosballesteros.es\\\/fr\\\/producto\\\/jambon-iberique-qualite-cebo-desosse-2\\\/#primaryimage\",\"url\":\"https:\\\/\\\/www.embutidosballesteros.es\\\/wp-content\\\/uploads\\\/2016\\\/11\\\/paleta-cebo-iberica-deshuesada.jpg\",\"contentUrl\":\"https:\\\/\\\/www.embutidosballesteros.es\\\/wp-content\\\/uploads\\\/2016\\\/11\\\/paleta-cebo-iberica-deshuesada.jpg\",\"width\":1000,\"height\":1000,\"caption\":\"\u00c9paule Ib\u00e9rique Qualit\u00e9 \\\"Cebo\\\" Desosse\"},{\"@type\":\"BreadcrumbList\",\"@id\":\"https:\\\/\\\/www.embutidosballesteros.es\\\/fr\\\/producto\\\/jambon-iberique-qualite-cebo-desosse-2\\\/#breadcrumb\",\"itemListElement\":[{\"@type\":\"ListItem\",\"position\":1,\"name\":\"Portada\",\"item\":\"https:\\\/\\\/www.embutidosballesteros.es\\\/fr\\\/\"},{\"@type\":\"ListItem\",\"position\":2,\"name\":\"Boutique\",\"item\":\"https:\\\/\\\/www.embutidosballesteros.es\\\/fr\\\/tienda\\\/\"},{\"@type\":\"ListItem\",\"position\":3,\"name\":\"\u00c9paule Ib\u00e9rique Qualit\u00e9 &#8220;Cebo&#8221; Desosse\"}]},{\"@type\":\"WebSite\",\"@id\":\"https:\\\/\\\/www.embutidosballesteros.es\\\/fr\\\/#website\",\"url\":\"https:\\\/\\\/www.embutidosballesteros.es\\\/fr\\\/\",\"name\":\"Embutidos Ballesteros\",\"description\":\"Embutidos y jamones de elaboraci\u00f3n propia\",\"potentialAction\":[{\"@type\":\"SearchAction\",\"target\":{\"@type\":\"EntryPoint\",\"urlTemplate\":\"https:\\\/\\\/www.embutidosballesteros.es\\\/fr\\\/?s={search_term_string}\"},\"query-input\":{\"@type\":\"PropertyValueSpecification\",\"valueRequired\":true,\"valueName\":\"search_term_string\"}}],\"inLanguage\":\"fr-FR\"}]}<\/script>\n<!-- \/ Yoast SEO plugin. -->","yoast_head_json":{"title":"\u00c9paule Ib\u00e9rique Qualit\u00e9 \"Cebo\" Desosse - Embutidos Ballesteros","description":"Ces morceaux proviennent de porcs ib\u00e9riques nourris avec des glands en saison et qui passent le reste de leur","robots":{"index":"index","follow":"follow","max-snippet":"max-snippet:-1","max-image-preview":"max-image-preview:large","max-video-preview":"max-video-preview:-1"},"canonical":"https:\/\/www.embutidosballesteros.es\/fr\/producto\/jambon-iberique-qualite-cebo-desosse-2\/","og_locale":"fr_FR","og_type":"article","og_title":"\u00c9paule Ib\u00e9rique Qualit\u00e9 \"Cebo\" Desosse - Embutidos Ballesteros","og_description":"Ces morceaux proviennent de porcs ib\u00e9riques nourris avec des glands en saison et qui passent le reste de leur","og_url":"https:\/\/www.embutidosballesteros.es\/fr\/producto\/jambon-iberique-qualite-cebo-desosse-2\/","og_site_name":"Embutidos Ballesteros","article_modified_time":"2021-03-02T15:51:45+00:00","og_image":[{"width":1000,"height":1000,"url":"https:\/\/www.embutidosballesteros.es\/wp-content\/uploads\/2016\/11\/paleta-cebo-iberica-deshuesada.jpg","type":"image\/jpeg"}],"twitter_card":"summary_large_image","schema":{"@context":"https:\/\/schema.org","@graph":[{"@type":"WebPage","@id":"https:\/\/www.embutidosballesteros.es\/fr\/producto\/jambon-iberique-qualite-cebo-desosse-2\/","url":"https:\/\/www.embutidosballesteros.es\/fr\/producto\/jambon-iberique-qualite-cebo-desosse-2\/","name":"\u00c9paule Ib\u00e9rique Qualit\u00e9 \"Cebo\" Desosse - Embutidos Ballesteros","isPartOf":{"@id":"https:\/\/www.embutidosballesteros.es\/fr\/#website"},"primaryImageOfPage":{"@id":"https:\/\/www.embutidosballesteros.es\/fr\/producto\/jambon-iberique-qualite-cebo-desosse-2\/#primaryimage"},"image":{"@id":"https:\/\/www.embutidosballesteros.es\/fr\/producto\/jambon-iberique-qualite-cebo-desosse-2\/#primaryimage"},"thumbnailUrl":"https:\/\/www.embutidosballesteros.es\/wp-content\/uploads\/2016\/11\/paleta-cebo-iberica-deshuesada.jpg","datePublished":"2016-11-02T00:00:00+00:00","dateModified":"2021-03-02T15:51:45+00:00","description":"Ces morceaux proviennent de porcs ib\u00e9riques nourris avec des glands en saison et qui passent le reste de leur","breadcrumb":{"@id":"https:\/\/www.embutidosballesteros.es\/fr\/producto\/jambon-iberique-qualite-cebo-desosse-2\/#breadcrumb"},"inLanguage":"fr-FR","potentialAction":[{"@type":"ReadAction","target":["https:\/\/www.embutidosballesteros.es\/fr\/producto\/jambon-iberique-qualite-cebo-desosse-2\/"]}]},{"@type":"ImageObject","inLanguage":"fr-FR","@id":"https:\/\/www.embutidosballesteros.es\/fr\/producto\/jambon-iberique-qualite-cebo-desosse-2\/#primaryimage","url":"https:\/\/www.embutidosballesteros.es\/wp-content\/uploads\/2016\/11\/paleta-cebo-iberica-deshuesada.jpg","contentUrl":"https:\/\/www.embutidosballesteros.es\/wp-content\/uploads\/2016\/11\/paleta-cebo-iberica-deshuesada.jpg","width":1000,"height":1000,"caption":"\u00c9paule Ib\u00e9rique Qualit\u00e9 \"Cebo\" Desosse"},{"@type":"BreadcrumbList","@id":"https:\/\/www.embutidosballesteros.es\/fr\/producto\/jambon-iberique-qualite-cebo-desosse-2\/#breadcrumb","itemListElement":[{"@type":"ListItem","position":1,"name":"Portada","item":"https:\/\/www.embutidosballesteros.es\/fr\/"},{"@type":"ListItem","position":2,"name":"Boutique","item":"https:\/\/www.embutidosballesteros.es\/fr\/tienda\/"},{"@type":"ListItem","position":3,"name":"\u00c9paule Ib\u00e9rique Qualit\u00e9 &#8220;Cebo&#8221; Desosse"}]},{"@type":"WebSite","@id":"https:\/\/www.embutidosballesteros.es\/fr\/#website","url":"https:\/\/www.embutidosballesteros.es\/fr\/","name":"Embutidos Ballesteros","description":"Embutidos y jamones de elaboraci\u00f3n propia","potentialAction":[{"@type":"SearchAction","target":{"@type":"EntryPoint","urlTemplate":"https:\/\/www.embutidosballesteros.es\/fr\/?s={search_term_string}"},"query-input":{"@type":"PropertyValueSpecification","valueRequired":true,"valueName":"search_term_string"}}],"inLanguage":"fr-FR"}]}},"_links":{"self":[{"href":"https:\/\/www.embutidosballesteros.es\/fr\/wp-json\/wp\/v2\/product\/6408","targetHints":{"allow":["GET"]}}],"collection":[{"href":"https:\/\/www.embutidosballesteros.es\/fr\/wp-json\/wp\/v2\/product"}],"about":[{"href":"https:\/\/www.embutidosballesteros.es\/fr\/wp-json\/wp\/v2\/types\/product"}],"wp:featuredmedia":[{"embeddable":true,"href":"https:\/\/www.embutidosballesteros.es\/fr\/wp-json\/wp\/v2\/media\/4740"}],"wp:attachment":[{"href":"https:\/\/www.embutidosballesteros.es\/fr\/wp-json\/wp\/v2\/media?parent=6408"}],"wp:term":[{"taxonomy":"product_brand","embeddable":true,"href":"https:\/\/www.embutidosballesteros.es\/fr\/wp-json\/wp\/v2\/product_brand?post=6408"},{"taxonomy":"product_cat","embeddable":true,"href":"https:\/\/www.embutidosballesteros.es\/fr\/wp-json\/wp\/v2\/product_cat?post=6408"},{"taxonomy":"product_tag","embeddable":true,"href":"https:\/\/www.embutidosballesteros.es\/fr\/wp-json\/wp\/v2\/product_tag?post=6408"}],"curies":[{"name":"wp","href":"https:\/\/api.w.org\/{rel}","templated":true}]}}