{"id":6415,"date":"2016-11-02T00:00:00","date_gmt":"2016-11-02T00:00:00","guid":{"rendered":"https:\/\/www.embutidosballesteros.es\/producto\/epaule-iberique-qualite-bellota\/"},"modified":"2021-03-02T16:57:49","modified_gmt":"2021-03-02T15:57:49","slug":"epaule-iberique-qualite-bellota","status":"publish","type":"product","link":"https:\/\/www.embutidosballesteros.es\/fr\/producto\/epaule-iberique-qualite-bellota\/","title":{"rendered":"\u00c9paule Ib\u00e9rique Qualit\u00e9 &#8220;Bellota&#8221;"},"content":{"rendered":"<p>Ces morceaux proviennent de porcs ib\u00e9riques nourris avec des glands en saison et qui passent le reste de leur vie en porcherie o\u00f9 leur alimentation devient \u00e0 base de produits naturels jusqu\u2019\u00e0 l\u2019abattage. <\/p>\n","protected":false},"excerpt":{"rendered":"<p>Nous le vendons d\u00e9soss\u00e9 et d\u00e9coup\u00e9 ou avec l\u2019os, mais aussi tranch\u00e9 sous-vide en paquets .<\/p>\n<p><em>Prix: 19,95\u20ac\/Kg<\/em><\/p>\n","protected":false},"featured_media":4718,"template":"","meta":[],"product_brand":[],"product_cat":[482,654],"product_tag":[508,533,509,522,575],"class_list":{"0":"post-6415","1":"product","2":"type-product","3":"status-publish","4":"has-post-thumbnail","6":"product_cat-epaule","7":"product_cat-iberique-epaule","8":"product_tag-ballesteros-fr","9":"product_tag-epaule","10":"product_tag-gland","11":"product_tag-ibelier-fr","12":"product_tag-iberique-fr","14":"first","15":"instock","16":"featured","17":"taxable","18":"shipping-taxable","19":"purchasable","20":"product-type-variable"},"yoast_head":"<!-- This site is optimized with the Yoast SEO plugin v27.4 - https:\/\/yoast.com\/product\/yoast-seo-wordpress\/ -->\n<title>\u00c9paule Ib\u00e9rique Qualit\u00e9 &quot;Bellota&quot; de Embutidos Ballesteros<\/title>\n<meta name=\"description\" content=\"Ces morceaux proviennent de porcs ib\u00e9riques nourris avec des glands en saison et qui passent le reste de leur vie en porcherie\" \/>\n<meta name=\"robots\" content=\"index, follow, max-snippet:-1, max-image-preview:large, max-video-preview:-1\" \/>\n<link rel=\"canonical\" href=\"https:\/\/www.embutidosballesteros.es\/fr\/producto\/epaule-iberique-qualite-bellota\/\" \/>\n<meta property=\"og:locale\" content=\"fr_FR\" \/>\n<meta property=\"og:type\" content=\"article\" \/>\n<meta property=\"og:title\" content=\"\u00c9paule Ib\u00e9rique Qualit\u00e9 &quot;Bellota&quot; de Embutidos Ballesteros\" \/>\n<meta property=\"og:description\" content=\"Ces morceaux proviennent de porcs ib\u00e9riques nourris avec des glands en saison et qui passent le reste de leur vie en porcherie\" \/>\n<meta property=\"og:url\" content=\"https:\/\/www.embutidosballesteros.es\/fr\/producto\/epaule-iberique-qualite-bellota\/\" \/>\n<meta property=\"og:site_name\" content=\"Embutidos Ballesteros\" \/>\n<meta property=\"article:modified_time\" content=\"2021-03-02T15:57:49+00:00\" \/>\n<meta property=\"og:image\" content=\"https:\/\/www.embutidosballesteros.es\/wp-content\/uploads\/2016\/11\/paleta-bellota-iberica.jpg\" \/>\n\t<meta property=\"og:image:width\" content=\"800\" \/>\n\t<meta property=\"og:image:height\" content=\"800\" \/>\n\t<meta property=\"og:image:type\" content=\"image\/jpeg\" \/>\n<meta name=\"twitter:card\" content=\"summary_large_image\" \/>\n<script type=\"application\/ld+json\" class=\"yoast-schema-graph\">{\"@context\":\"https:\\\/\\\/schema.org\",\"@graph\":[{\"@type\":\"WebPage\",\"@id\":\"https:\\\/\\\/www.embutidosballesteros.es\\\/fr\\\/producto\\\/epaule-iberique-qualite-bellota\\\/\",\"url\":\"https:\\\/\\\/www.embutidosballesteros.es\\\/fr\\\/producto\\\/epaule-iberique-qualite-bellota\\\/\",\"name\":\"\u00c9paule Ib\u00e9rique Qualit\u00e9 \\\"Bellota\\\" de Embutidos Ballesteros\",\"isPartOf\":{\"@id\":\"https:\\\/\\\/www.embutidosballesteros.es\\\/fr\\\/#website\"},\"primaryImageOfPage\":{\"@id\":\"https:\\\/\\\/www.embutidosballesteros.es\\\/fr\\\/producto\\\/epaule-iberique-qualite-bellota\\\/#primaryimage\"},\"image\":{\"@id\":\"https:\\\/\\\/www.embutidosballesteros.es\\\/fr\\\/producto\\\/epaule-iberique-qualite-bellota\\\/#primaryimage\"},\"thumbnailUrl\":\"https:\\\/\\\/www.embutidosballesteros.es\\\/wp-content\\\/uploads\\\/2016\\\/11\\\/paleta-bellota-iberica.jpg\",\"datePublished\":\"2016-11-02T00:00:00+00:00\",\"dateModified\":\"2021-03-02T15:57:49+00:00\",\"description\":\"Ces morceaux proviennent de porcs ib\u00e9riques nourris avec des glands en saison et qui passent le reste de leur vie en porcherie\",\"breadcrumb\":{\"@id\":\"https:\\\/\\\/www.embutidosballesteros.es\\\/fr\\\/producto\\\/epaule-iberique-qualite-bellota\\\/#breadcrumb\"},\"inLanguage\":\"fr-FR\",\"potentialAction\":[{\"@type\":\"ReadAction\",\"target\":[\"https:\\\/\\\/www.embutidosballesteros.es\\\/fr\\\/producto\\\/epaule-iberique-qualite-bellota\\\/\"]}]},{\"@type\":\"ImageObject\",\"inLanguage\":\"fr-FR\",\"@id\":\"https:\\\/\\\/www.embutidosballesteros.es\\\/fr\\\/producto\\\/epaule-iberique-qualite-bellota\\\/#primaryimage\",\"url\":\"https:\\\/\\\/www.embutidosballesteros.es\\\/wp-content\\\/uploads\\\/2016\\\/11\\\/paleta-bellota-iberica.jpg\",\"contentUrl\":\"https:\\\/\\\/www.embutidosballesteros.es\\\/wp-content\\\/uploads\\\/2016\\\/11\\\/paleta-bellota-iberica.jpg\",\"width\":800,\"height\":800,\"caption\":\"\u00c9paule Ib\u00e9rique Qualit\u00e9 \\\"Bellota\\\"\"},{\"@type\":\"BreadcrumbList\",\"@id\":\"https:\\\/\\\/www.embutidosballesteros.es\\\/fr\\\/producto\\\/epaule-iberique-qualite-bellota\\\/#breadcrumb\",\"itemListElement\":[{\"@type\":\"ListItem\",\"position\":1,\"name\":\"Portada\",\"item\":\"https:\\\/\\\/www.embutidosballesteros.es\\\/fr\\\/\"},{\"@type\":\"ListItem\",\"position\":2,\"name\":\"Boutique\",\"item\":\"https:\\\/\\\/www.embutidosballesteros.es\\\/fr\\\/tienda\\\/\"},{\"@type\":\"ListItem\",\"position\":3,\"name\":\"\u00c9paule Ib\u00e9rique Qualit\u00e9 &#8220;Bellota&#8221;\"}]},{\"@type\":\"WebSite\",\"@id\":\"https:\\\/\\\/www.embutidosballesteros.es\\\/fr\\\/#website\",\"url\":\"https:\\\/\\\/www.embutidosballesteros.es\\\/fr\\\/\",\"name\":\"Embutidos Ballesteros\",\"description\":\"Embutidos y jamones de elaboraci\u00f3n propia\",\"potentialAction\":[{\"@type\":\"SearchAction\",\"target\":{\"@type\":\"EntryPoint\",\"urlTemplate\":\"https:\\\/\\\/www.embutidosballesteros.es\\\/fr\\\/?s={search_term_string}\"},\"query-input\":{\"@type\":\"PropertyValueSpecification\",\"valueRequired\":true,\"valueName\":\"search_term_string\"}}],\"inLanguage\":\"fr-FR\"}]}<\/script>\n<!-- \/ Yoast SEO plugin. -->","yoast_head_json":{"title":"\u00c9paule Ib\u00e9rique Qualit\u00e9 \"Bellota\" de Embutidos Ballesteros","description":"Ces morceaux proviennent de porcs ib\u00e9riques nourris avec des glands en saison et qui passent le reste de leur vie en porcherie","robots":{"index":"index","follow":"follow","max-snippet":"max-snippet:-1","max-image-preview":"max-image-preview:large","max-video-preview":"max-video-preview:-1"},"canonical":"https:\/\/www.embutidosballesteros.es\/fr\/producto\/epaule-iberique-qualite-bellota\/","og_locale":"fr_FR","og_type":"article","og_title":"\u00c9paule Ib\u00e9rique Qualit\u00e9 \"Bellota\" de Embutidos Ballesteros","og_description":"Ces morceaux proviennent de porcs ib\u00e9riques nourris avec des glands en saison et qui passent le reste de leur vie en porcherie","og_url":"https:\/\/www.embutidosballesteros.es\/fr\/producto\/epaule-iberique-qualite-bellota\/","og_site_name":"Embutidos Ballesteros","article_modified_time":"2021-03-02T15:57:49+00:00","og_image":[{"width":800,"height":800,"url":"https:\/\/www.embutidosballesteros.es\/wp-content\/uploads\/2016\/11\/paleta-bellota-iberica.jpg","type":"image\/jpeg"}],"twitter_card":"summary_large_image","schema":{"@context":"https:\/\/schema.org","@graph":[{"@type":"WebPage","@id":"https:\/\/www.embutidosballesteros.es\/fr\/producto\/epaule-iberique-qualite-bellota\/","url":"https:\/\/www.embutidosballesteros.es\/fr\/producto\/epaule-iberique-qualite-bellota\/","name":"\u00c9paule Ib\u00e9rique Qualit\u00e9 \"Bellota\" de Embutidos Ballesteros","isPartOf":{"@id":"https:\/\/www.embutidosballesteros.es\/fr\/#website"},"primaryImageOfPage":{"@id":"https:\/\/www.embutidosballesteros.es\/fr\/producto\/epaule-iberique-qualite-bellota\/#primaryimage"},"image":{"@id":"https:\/\/www.embutidosballesteros.es\/fr\/producto\/epaule-iberique-qualite-bellota\/#primaryimage"},"thumbnailUrl":"https:\/\/www.embutidosballesteros.es\/wp-content\/uploads\/2016\/11\/paleta-bellota-iberica.jpg","datePublished":"2016-11-02T00:00:00+00:00","dateModified":"2021-03-02T15:57:49+00:00","description":"Ces morceaux proviennent de porcs ib\u00e9riques nourris avec des glands en saison et qui passent le reste de leur vie en porcherie","breadcrumb":{"@id":"https:\/\/www.embutidosballesteros.es\/fr\/producto\/epaule-iberique-qualite-bellota\/#breadcrumb"},"inLanguage":"fr-FR","potentialAction":[{"@type":"ReadAction","target":["https:\/\/www.embutidosballesteros.es\/fr\/producto\/epaule-iberique-qualite-bellota\/"]}]},{"@type":"ImageObject","inLanguage":"fr-FR","@id":"https:\/\/www.embutidosballesteros.es\/fr\/producto\/epaule-iberique-qualite-bellota\/#primaryimage","url":"https:\/\/www.embutidosballesteros.es\/wp-content\/uploads\/2016\/11\/paleta-bellota-iberica.jpg","contentUrl":"https:\/\/www.embutidosballesteros.es\/wp-content\/uploads\/2016\/11\/paleta-bellota-iberica.jpg","width":800,"height":800,"caption":"\u00c9paule Ib\u00e9rique Qualit\u00e9 \"Bellota\""},{"@type":"BreadcrumbList","@id":"https:\/\/www.embutidosballesteros.es\/fr\/producto\/epaule-iberique-qualite-bellota\/#breadcrumb","itemListElement":[{"@type":"ListItem","position":1,"name":"Portada","item":"https:\/\/www.embutidosballesteros.es\/fr\/"},{"@type":"ListItem","position":2,"name":"Boutique","item":"https:\/\/www.embutidosballesteros.es\/fr\/tienda\/"},{"@type":"ListItem","position":3,"name":"\u00c9paule Ib\u00e9rique Qualit\u00e9 &#8220;Bellota&#8221;"}]},{"@type":"WebSite","@id":"https:\/\/www.embutidosballesteros.es\/fr\/#website","url":"https:\/\/www.embutidosballesteros.es\/fr\/","name":"Embutidos Ballesteros","description":"Embutidos y jamones de elaboraci\u00f3n propia","potentialAction":[{"@type":"SearchAction","target":{"@type":"EntryPoint","urlTemplate":"https:\/\/www.embutidosballesteros.es\/fr\/?s={search_term_string}"},"query-input":{"@type":"PropertyValueSpecification","valueRequired":true,"valueName":"search_term_string"}}],"inLanguage":"fr-FR"}]}},"_links":{"self":[{"href":"https:\/\/www.embutidosballesteros.es\/fr\/wp-json\/wp\/v2\/product\/6415","targetHints":{"allow":["GET"]}}],"collection":[{"href":"https:\/\/www.embutidosballesteros.es\/fr\/wp-json\/wp\/v2\/product"}],"about":[{"href":"https:\/\/www.embutidosballesteros.es\/fr\/wp-json\/wp\/v2\/types\/product"}],"wp:featuredmedia":[{"embeddable":true,"href":"https:\/\/www.embutidosballesteros.es\/fr\/wp-json\/wp\/v2\/media\/4718"}],"wp:attachment":[{"href":"https:\/\/www.embutidosballesteros.es\/fr\/wp-json\/wp\/v2\/media?parent=6415"}],"wp:term":[{"taxonomy":"product_brand","embeddable":true,"href":"https:\/\/www.embutidosballesteros.es\/fr\/wp-json\/wp\/v2\/product_brand?post=6415"},{"taxonomy":"product_cat","embeddable":true,"href":"https:\/\/www.embutidosballesteros.es\/fr\/wp-json\/wp\/v2\/product_cat?post=6415"},{"taxonomy":"product_tag","embeddable":true,"href":"https:\/\/www.embutidosballesteros.es\/fr\/wp-json\/wp\/v2\/product_tag?post=6415"}],"curies":[{"name":"wp","href":"https:\/\/api.w.org\/{rel}","templated":true}]}}