{"id":6445,"date":"2016-11-02T00:00:00","date_gmt":"2016-11-02T00:00:00","guid":{"rendered":"https:\/\/www.embutidosballesteros.es\/producto\/chorizo-iberique-epice-sarta\/"},"modified":"2021-03-02T14:56:38","modified_gmt":"2021-03-02T13:56:38","slug":"chorizo-iberique-epice-sarta","status":"publish","type":"product","link":"https:\/\/www.embutidosballesteros.es\/fr\/producto\/chorizo-iberique-epice-sarta\/","title":{"rendered":"Chorizo Ib\u00e9rique \u00c9pic\u00e9 Sarta"},"content":{"rendered":"<p>Tous les chorizos proviennent des viandes maigres de cochons ib\u00e9riques qui se nourrissent de glands en saison et d\u2019aliments naturels et de racines qu\u2019ils trouvent en montanera. Cette alimentation et le soin apport\u00e9 \u00e0 l\u2019\u00e9laboration en font un produit de haute qualit\u00e9.<\/p>\n","protected":false},"excerpt":{"rendered":"<p>Le produit varie de 0,45 \u00e0 0,50 kg.<\/p>\n<p><em>Prix: 10,50\u20ac\/Kg<\/em><\/p>\n","protected":false},"featured_media":15875,"template":"","meta":[],"product_brand":[],"product_cat":[483,643],"product_tag":[506,519,517,520,574],"class_list":{"0":"post-6445","1":"product","2":"type-product","3":"status-publish","4":"has-post-thumbnail","6":"product_cat-chorizo-fr","7":"product_cat-iberique-fr","8":"product_tag-chorizo-fr","9":"product_tag-chorizo-epice","10":"product_tag-chorizo-iberique","11":"product_tag-chorizo-sarta-fr","12":"product_tag-embutidos-ballesteros-fr","14":"first","15":"instock","16":"taxable","17":"shipping-taxable","18":"purchasable","19":"product-type-simple"},"yoast_head":"<!-- This site is optimized with the Yoast SEO plugin v27.3 - https:\/\/yoast.com\/product\/yoast-seo-wordpress\/ -->\n<title>Chorizo Ib\u00e9rique \u00c9pic\u00e9 Sarta de Embutidos Ballesteros<\/title>\n<meta name=\"description\" content=\"Tous les chorizos proviennent des viandes maigres de cochons ib\u00e9riques qui se nourrissent de glands en saison et d\u2019aliments naturels et de racines qu\u2019ils trouvent en montanera\" \/>\n<meta name=\"robots\" content=\"index, follow, max-snippet:-1, max-image-preview:large, max-video-preview:-1\" \/>\n<link rel=\"canonical\" href=\"https:\/\/www.embutidosballesteros.es\/fr\/producto\/chorizo-iberique-epice-sarta\/\" \/>\n<meta property=\"og:locale\" content=\"fr_FR\" \/>\n<meta property=\"og:type\" content=\"article\" \/>\n<meta property=\"og:title\" content=\"Chorizo Ib\u00e9rique \u00c9pic\u00e9 Sarta de Embutidos Ballesteros\" \/>\n<meta property=\"og:description\" content=\"Tous les chorizos proviennent des viandes maigres de cochons ib\u00e9riques qui se nourrissent de glands en saison et d\u2019aliments naturels et de racines qu\u2019ils trouvent en montanera\" \/>\n<meta property=\"og:url\" content=\"https:\/\/www.embutidosballesteros.es\/fr\/producto\/chorizo-iberique-epice-sarta\/\" \/>\n<meta property=\"og:site_name\" content=\"Embutidos Ballesteros\" \/>\n<meta property=\"article:modified_time\" content=\"2021-03-02T13:56:38+00:00\" \/>\n<meta property=\"og:image\" content=\"https:\/\/www.embutidosballesteros.es\/wp-content\/uploads\/2018\/06\/chorizo_sarta_iberica_picante.jpg\" \/>\n\t<meta property=\"og:image:width\" content=\"960\" \/>\n\t<meta property=\"og:image:height\" content=\"720\" \/>\n\t<meta property=\"og:image:type\" content=\"image\/jpeg\" \/>\n<meta name=\"twitter:card\" content=\"summary_large_image\" \/>\n<script type=\"application\/ld+json\" class=\"yoast-schema-graph\">{\"@context\":\"https:\\\/\\\/schema.org\",\"@graph\":[{\"@type\":\"WebPage\",\"@id\":\"https:\\\/\\\/www.embutidosballesteros.es\\\/fr\\\/producto\\\/chorizo-iberique-epice-sarta\\\/\",\"url\":\"https:\\\/\\\/www.embutidosballesteros.es\\\/fr\\\/producto\\\/chorizo-iberique-epice-sarta\\\/\",\"name\":\"Chorizo Ib\u00e9rique \u00c9pic\u00e9 Sarta de Embutidos Ballesteros\",\"isPartOf\":{\"@id\":\"https:\\\/\\\/www.embutidosballesteros.es\\\/fr\\\/#website\"},\"primaryImageOfPage\":{\"@id\":\"https:\\\/\\\/www.embutidosballesteros.es\\\/fr\\\/producto\\\/chorizo-iberique-epice-sarta\\\/#primaryimage\"},\"image\":{\"@id\":\"https:\\\/\\\/www.embutidosballesteros.es\\\/fr\\\/producto\\\/chorizo-iberique-epice-sarta\\\/#primaryimage\"},\"thumbnailUrl\":\"https:\\\/\\\/www.embutidosballesteros.es\\\/wp-content\\\/uploads\\\/2018\\\/06\\\/chorizo_sarta_iberica_picante.jpg\",\"datePublished\":\"2016-11-02T00:00:00+00:00\",\"dateModified\":\"2021-03-02T13:56:38+00:00\",\"description\":\"Tous les chorizos proviennent des viandes maigres de cochons ib\u00e9riques qui se nourrissent de glands en saison et d\u2019aliments naturels et de racines qu\u2019ils trouvent en montanera\",\"breadcrumb\":{\"@id\":\"https:\\\/\\\/www.embutidosballesteros.es\\\/fr\\\/producto\\\/chorizo-iberique-epice-sarta\\\/#breadcrumb\"},\"inLanguage\":\"fr-FR\",\"potentialAction\":[{\"@type\":\"ReadAction\",\"target\":[\"https:\\\/\\\/www.embutidosballesteros.es\\\/fr\\\/producto\\\/chorizo-iberique-epice-sarta\\\/\"]}]},{\"@type\":\"ImageObject\",\"inLanguage\":\"fr-FR\",\"@id\":\"https:\\\/\\\/www.embutidosballesteros.es\\\/fr\\\/producto\\\/chorizo-iberique-epice-sarta\\\/#primaryimage\",\"url\":\"https:\\\/\\\/www.embutidosballesteros.es\\\/wp-content\\\/uploads\\\/2018\\\/06\\\/chorizo_sarta_iberica_picante.jpg\",\"contentUrl\":\"https:\\\/\\\/www.embutidosballesteros.es\\\/wp-content\\\/uploads\\\/2018\\\/06\\\/chorizo_sarta_iberica_picante.jpg\",\"width\":960,\"height\":720,\"caption\":\"Chorizo sarta ib\u00e9rica picante\"},{\"@type\":\"BreadcrumbList\",\"@id\":\"https:\\\/\\\/www.embutidosballesteros.es\\\/fr\\\/producto\\\/chorizo-iberique-epice-sarta\\\/#breadcrumb\",\"itemListElement\":[{\"@type\":\"ListItem\",\"position\":1,\"name\":\"Portada\",\"item\":\"https:\\\/\\\/www.embutidosballesteros.es\\\/fr\\\/\"},{\"@type\":\"ListItem\",\"position\":2,\"name\":\"Boutique\",\"item\":\"https:\\\/\\\/www.embutidosballesteros.es\\\/fr\\\/tienda\\\/\"},{\"@type\":\"ListItem\",\"position\":3,\"name\":\"Chorizo Ib\u00e9rique \u00c9pic\u00e9 Sarta\"}]},{\"@type\":\"WebSite\",\"@id\":\"https:\\\/\\\/www.embutidosballesteros.es\\\/fr\\\/#website\",\"url\":\"https:\\\/\\\/www.embutidosballesteros.es\\\/fr\\\/\",\"name\":\"Embutidos Ballesteros\",\"description\":\"Embutidos y jamones de elaboraci\u00f3n propia\",\"potentialAction\":[{\"@type\":\"SearchAction\",\"target\":{\"@type\":\"EntryPoint\",\"urlTemplate\":\"https:\\\/\\\/www.embutidosballesteros.es\\\/fr\\\/?s={search_term_string}\"},\"query-input\":{\"@type\":\"PropertyValueSpecification\",\"valueRequired\":true,\"valueName\":\"search_term_string\"}}],\"inLanguage\":\"fr-FR\"}]}<\/script>\n<!-- \/ Yoast SEO plugin. -->","yoast_head_json":{"title":"Chorizo Ib\u00e9rique \u00c9pic\u00e9 Sarta de Embutidos Ballesteros","description":"Tous les chorizos proviennent des viandes maigres de cochons ib\u00e9riques qui se nourrissent de glands en saison et d\u2019aliments naturels et de racines qu\u2019ils trouvent en montanera","robots":{"index":"index","follow":"follow","max-snippet":"max-snippet:-1","max-image-preview":"max-image-preview:large","max-video-preview":"max-video-preview:-1"},"canonical":"https:\/\/www.embutidosballesteros.es\/fr\/producto\/chorizo-iberique-epice-sarta\/","og_locale":"fr_FR","og_type":"article","og_title":"Chorizo Ib\u00e9rique \u00c9pic\u00e9 Sarta de Embutidos Ballesteros","og_description":"Tous les chorizos proviennent des viandes maigres de cochons ib\u00e9riques qui se nourrissent de glands en saison et d\u2019aliments naturels et de racines qu\u2019ils trouvent en montanera","og_url":"https:\/\/www.embutidosballesteros.es\/fr\/producto\/chorizo-iberique-epice-sarta\/","og_site_name":"Embutidos Ballesteros","article_modified_time":"2021-03-02T13:56:38+00:00","og_image":[{"width":960,"height":720,"url":"https:\/\/www.embutidosballesteros.es\/wp-content\/uploads\/2018\/06\/chorizo_sarta_iberica_picante.jpg","type":"image\/jpeg"}],"twitter_card":"summary_large_image","schema":{"@context":"https:\/\/schema.org","@graph":[{"@type":"WebPage","@id":"https:\/\/www.embutidosballesteros.es\/fr\/producto\/chorizo-iberique-epice-sarta\/","url":"https:\/\/www.embutidosballesteros.es\/fr\/producto\/chorizo-iberique-epice-sarta\/","name":"Chorizo Ib\u00e9rique \u00c9pic\u00e9 Sarta de Embutidos Ballesteros","isPartOf":{"@id":"https:\/\/www.embutidosballesteros.es\/fr\/#website"},"primaryImageOfPage":{"@id":"https:\/\/www.embutidosballesteros.es\/fr\/producto\/chorizo-iberique-epice-sarta\/#primaryimage"},"image":{"@id":"https:\/\/www.embutidosballesteros.es\/fr\/producto\/chorizo-iberique-epice-sarta\/#primaryimage"},"thumbnailUrl":"https:\/\/www.embutidosballesteros.es\/wp-content\/uploads\/2018\/06\/chorizo_sarta_iberica_picante.jpg","datePublished":"2016-11-02T00:00:00+00:00","dateModified":"2021-03-02T13:56:38+00:00","description":"Tous les chorizos proviennent des viandes maigres de cochons ib\u00e9riques qui se nourrissent de glands en saison et d\u2019aliments naturels et de racines qu\u2019ils trouvent en montanera","breadcrumb":{"@id":"https:\/\/www.embutidosballesteros.es\/fr\/producto\/chorizo-iberique-epice-sarta\/#breadcrumb"},"inLanguage":"fr-FR","potentialAction":[{"@type":"ReadAction","target":["https:\/\/www.embutidosballesteros.es\/fr\/producto\/chorizo-iberique-epice-sarta\/"]}]},{"@type":"ImageObject","inLanguage":"fr-FR","@id":"https:\/\/www.embutidosballesteros.es\/fr\/producto\/chorizo-iberique-epice-sarta\/#primaryimage","url":"https:\/\/www.embutidosballesteros.es\/wp-content\/uploads\/2018\/06\/chorizo_sarta_iberica_picante.jpg","contentUrl":"https:\/\/www.embutidosballesteros.es\/wp-content\/uploads\/2018\/06\/chorizo_sarta_iberica_picante.jpg","width":960,"height":720,"caption":"Chorizo sarta ib\u00e9rica picante"},{"@type":"BreadcrumbList","@id":"https:\/\/www.embutidosballesteros.es\/fr\/producto\/chorizo-iberique-epice-sarta\/#breadcrumb","itemListElement":[{"@type":"ListItem","position":1,"name":"Portada","item":"https:\/\/www.embutidosballesteros.es\/fr\/"},{"@type":"ListItem","position":2,"name":"Boutique","item":"https:\/\/www.embutidosballesteros.es\/fr\/tienda\/"},{"@type":"ListItem","position":3,"name":"Chorizo Ib\u00e9rique \u00c9pic\u00e9 Sarta"}]},{"@type":"WebSite","@id":"https:\/\/www.embutidosballesteros.es\/fr\/#website","url":"https:\/\/www.embutidosballesteros.es\/fr\/","name":"Embutidos Ballesteros","description":"Embutidos y jamones de elaboraci\u00f3n propia","potentialAction":[{"@type":"SearchAction","target":{"@type":"EntryPoint","urlTemplate":"https:\/\/www.embutidosballesteros.es\/fr\/?s={search_term_string}"},"query-input":{"@type":"PropertyValueSpecification","valueRequired":true,"valueName":"search_term_string"}}],"inLanguage":"fr-FR"}]}},"_links":{"self":[{"href":"https:\/\/www.embutidosballesteros.es\/fr\/wp-json\/wp\/v2\/product\/6445","targetHints":{"allow":["GET"]}}],"collection":[{"href":"https:\/\/www.embutidosballesteros.es\/fr\/wp-json\/wp\/v2\/product"}],"about":[{"href":"https:\/\/www.embutidosballesteros.es\/fr\/wp-json\/wp\/v2\/types\/product"}],"wp:featuredmedia":[{"embeddable":true,"href":"https:\/\/www.embutidosballesteros.es\/fr\/wp-json\/wp\/v2\/media\/15875"}],"wp:attachment":[{"href":"https:\/\/www.embutidosballesteros.es\/fr\/wp-json\/wp\/v2\/media?parent=6445"}],"wp:term":[{"taxonomy":"product_brand","embeddable":true,"href":"https:\/\/www.embutidosballesteros.es\/fr\/wp-json\/wp\/v2\/product_brand?post=6445"},{"taxonomy":"product_cat","embeddable":true,"href":"https:\/\/www.embutidosballesteros.es\/fr\/wp-json\/wp\/v2\/product_cat?post=6445"},{"taxonomy":"product_tag","embeddable":true,"href":"https:\/\/www.embutidosballesteros.es\/fr\/wp-json\/wp\/v2\/product_tag?post=6445"}],"curies":[{"name":"wp","href":"https:\/\/api.w.org\/{rel}","templated":true}]}}