{"id":6457,"date":"2016-11-02T00:00:00","date_gmt":"2016-11-02T00:00:00","guid":{"rendered":"https:\/\/www.embutidosballesteros.es\/producto\/lomo-en-boyau-affine-maison\/"},"modified":"2021-03-02T16:31:28","modified_gmt":"2021-03-02T15:31:28","slug":"lomo-en-boyau-affine-maison","status":"publish","type":"product","link":"https:\/\/www.embutidosballesteros.es\/fr\/producto\/lomo-en-boyau-affine-maison\/","title":{"rendered":"Lomo En Boyau Affin\u00e9 Maison"},"content":{"rendered":"<p>Apr\u00e8s l\u2019abattage du porc ib\u00e9rique qualit\u00e9 \u201cBellota\u201d, on s\u00e9lectionne les \u00e9chines enti\u00e8res. Celles-ci sont marin\u00e9es avec du paprika AOC de la Vera et d\u2019autres \u00e9pices naturelles avant de le mettre \u00e0 s\u00e9cher en boyau. Son poids oscille entre 0.9 kg et 2,200 kg..<\/p>\n","protected":false},"excerpt":{"rendered":"<p>Le produit va de 0,90 \u00e0 2,2 Kg.<\/p>\n<p><em>Prix: 13,50 \u20ac\/Kg<\/em><\/p>\n","protected":false},"featured_media":4804,"template":"","meta":[],"product_brand":[],"product_cat":[484,653],"product_tag":[556,508,578,522,561,510],"class_list":{"0":"post-6457","1":"product","2":"type-product","3":"status-publish","4":"has-post-thumbnail","6":"product_cat-lomo-fr","7":"product_cat-serrano-lomo","8":"product_tag-affine","9":"product_tag-ballesteros-fr","10":"product_tag-en-boyau","11":"product_tag-ibelier-fr","12":"product_tag-lomo-fr","13":"product_tag-maison","15":"first","16":"instock","17":"taxable","18":"shipping-taxable","19":"purchasable","20":"product-type-variable"},"yoast_head":"<!-- This site is optimized with the Yoast SEO plugin v27.4 - https:\/\/yoast.com\/product\/yoast-seo-wordpress\/ -->\n<title>Lomo En Boyau Affin\u00e9 Maison de Embutidos Ballesteros<\/title>\n<meta name=\"description\" content=\"Apr\u00e8s l\u2019abattage du porc ib\u00e9rique qualit\u00e9 \u201cBellota\u201d, on s\u00e9lectionne les \u00e9chines enti\u00e8res\" \/>\n<meta name=\"robots\" content=\"index, follow, max-snippet:-1, max-image-preview:large, max-video-preview:-1\" \/>\n<link rel=\"canonical\" href=\"https:\/\/www.embutidosballesteros.es\/fr\/producto\/lomo-en-boyau-affine-maison\/\" \/>\n<meta property=\"og:locale\" content=\"fr_FR\" \/>\n<meta property=\"og:type\" content=\"article\" \/>\n<meta property=\"og:title\" content=\"Lomo En Boyau Affin\u00e9 Maison de Embutidos Ballesteros\" \/>\n<meta property=\"og:description\" content=\"Apr\u00e8s l\u2019abattage du porc ib\u00e9rique qualit\u00e9 \u201cBellota\u201d, on s\u00e9lectionne les \u00e9chines enti\u00e8res\" \/>\n<meta property=\"og:url\" content=\"https:\/\/www.embutidosballesteros.es\/fr\/producto\/lomo-en-boyau-affine-maison\/\" \/>\n<meta property=\"og:site_name\" content=\"Embutidos Ballesteros\" \/>\n<meta property=\"article:modified_time\" content=\"2021-03-02T15:31:28+00:00\" \/>\n<meta property=\"og:image\" content=\"https:\/\/www.embutidosballesteros.es\/wp-content\/uploads\/2016\/11\/lomo-iberico-embuchado-curado-casero.jpg\" \/>\n\t<meta property=\"og:image:width\" content=\"1000\" \/>\n\t<meta property=\"og:image:height\" content=\"1000\" \/>\n\t<meta property=\"og:image:type\" content=\"image\/jpeg\" \/>\n<meta name=\"twitter:card\" content=\"summary_large_image\" \/>\n<script type=\"application\/ld+json\" class=\"yoast-schema-graph\">{\"@context\":\"https:\\\/\\\/schema.org\",\"@graph\":[{\"@type\":\"WebPage\",\"@id\":\"https:\\\/\\\/www.embutidosballesteros.es\\\/fr\\\/producto\\\/lomo-en-boyau-affine-maison\\\/\",\"url\":\"https:\\\/\\\/www.embutidosballesteros.es\\\/fr\\\/producto\\\/lomo-en-boyau-affine-maison\\\/\",\"name\":\"Lomo En Boyau Affin\u00e9 Maison de Embutidos Ballesteros\",\"isPartOf\":{\"@id\":\"https:\\\/\\\/www.embutidosballesteros.es\\\/fr\\\/#website\"},\"primaryImageOfPage\":{\"@id\":\"https:\\\/\\\/www.embutidosballesteros.es\\\/fr\\\/producto\\\/lomo-en-boyau-affine-maison\\\/#primaryimage\"},\"image\":{\"@id\":\"https:\\\/\\\/www.embutidosballesteros.es\\\/fr\\\/producto\\\/lomo-en-boyau-affine-maison\\\/#primaryimage\"},\"thumbnailUrl\":\"https:\\\/\\\/www.embutidosballesteros.es\\\/wp-content\\\/uploads\\\/2016\\\/11\\\/lomo-iberico-embuchado-curado-casero.jpg\",\"datePublished\":\"2016-11-02T00:00:00+00:00\",\"dateModified\":\"2021-03-02T15:31:28+00:00\",\"description\":\"Apr\u00e8s l\u2019abattage du porc ib\u00e9rique qualit\u00e9 \u201cBellota\u201d, on s\u00e9lectionne les \u00e9chines enti\u00e8res\",\"breadcrumb\":{\"@id\":\"https:\\\/\\\/www.embutidosballesteros.es\\\/fr\\\/producto\\\/lomo-en-boyau-affine-maison\\\/#breadcrumb\"},\"inLanguage\":\"fr-FR\",\"potentialAction\":[{\"@type\":\"ReadAction\",\"target\":[\"https:\\\/\\\/www.embutidosballesteros.es\\\/fr\\\/producto\\\/lomo-en-boyau-affine-maison\\\/\"]}]},{\"@type\":\"ImageObject\",\"inLanguage\":\"fr-FR\",\"@id\":\"https:\\\/\\\/www.embutidosballesteros.es\\\/fr\\\/producto\\\/lomo-en-boyau-affine-maison\\\/#primaryimage\",\"url\":\"https:\\\/\\\/www.embutidosballesteros.es\\\/wp-content\\\/uploads\\\/2016\\\/11\\\/lomo-iberico-embuchado-curado-casero.jpg\",\"contentUrl\":\"https:\\\/\\\/www.embutidosballesteros.es\\\/wp-content\\\/uploads\\\/2016\\\/11\\\/lomo-iberico-embuchado-curado-casero.jpg\",\"width\":1000,\"height\":1000,\"caption\":\"Lomo En Boyau Affin\u00e9 Maison\"},{\"@type\":\"BreadcrumbList\",\"@id\":\"https:\\\/\\\/www.embutidosballesteros.es\\\/fr\\\/producto\\\/lomo-en-boyau-affine-maison\\\/#breadcrumb\",\"itemListElement\":[{\"@type\":\"ListItem\",\"position\":1,\"name\":\"Portada\",\"item\":\"https:\\\/\\\/www.embutidosballesteros.es\\\/fr\\\/\"},{\"@type\":\"ListItem\",\"position\":2,\"name\":\"Boutique\",\"item\":\"https:\\\/\\\/www.embutidosballesteros.es\\\/fr\\\/tienda\\\/\"},{\"@type\":\"ListItem\",\"position\":3,\"name\":\"Lomo En Boyau Affin\u00e9 Maison\"}]},{\"@type\":\"WebSite\",\"@id\":\"https:\\\/\\\/www.embutidosballesteros.es\\\/fr\\\/#website\",\"url\":\"https:\\\/\\\/www.embutidosballesteros.es\\\/fr\\\/\",\"name\":\"Embutidos Ballesteros\",\"description\":\"Embutidos y jamones de elaboraci\u00f3n propia\",\"potentialAction\":[{\"@type\":\"SearchAction\",\"target\":{\"@type\":\"EntryPoint\",\"urlTemplate\":\"https:\\\/\\\/www.embutidosballesteros.es\\\/fr\\\/?s={search_term_string}\"},\"query-input\":{\"@type\":\"PropertyValueSpecification\",\"valueRequired\":true,\"valueName\":\"search_term_string\"}}],\"inLanguage\":\"fr-FR\"}]}<\/script>\n<!-- \/ Yoast SEO plugin. -->","yoast_head_json":{"title":"Lomo En Boyau Affin\u00e9 Maison de Embutidos Ballesteros","description":"Apr\u00e8s l\u2019abattage du porc ib\u00e9rique qualit\u00e9 \u201cBellota\u201d, on s\u00e9lectionne les \u00e9chines enti\u00e8res","robots":{"index":"index","follow":"follow","max-snippet":"max-snippet:-1","max-image-preview":"max-image-preview:large","max-video-preview":"max-video-preview:-1"},"canonical":"https:\/\/www.embutidosballesteros.es\/fr\/producto\/lomo-en-boyau-affine-maison\/","og_locale":"fr_FR","og_type":"article","og_title":"Lomo En Boyau Affin\u00e9 Maison de Embutidos Ballesteros","og_description":"Apr\u00e8s l\u2019abattage du porc ib\u00e9rique qualit\u00e9 \u201cBellota\u201d, on s\u00e9lectionne les \u00e9chines enti\u00e8res","og_url":"https:\/\/www.embutidosballesteros.es\/fr\/producto\/lomo-en-boyau-affine-maison\/","og_site_name":"Embutidos Ballesteros","article_modified_time":"2021-03-02T15:31:28+00:00","og_image":[{"width":1000,"height":1000,"url":"https:\/\/www.embutidosballesteros.es\/wp-content\/uploads\/2016\/11\/lomo-iberico-embuchado-curado-casero.jpg","type":"image\/jpeg"}],"twitter_card":"summary_large_image","schema":{"@context":"https:\/\/schema.org","@graph":[{"@type":"WebPage","@id":"https:\/\/www.embutidosballesteros.es\/fr\/producto\/lomo-en-boyau-affine-maison\/","url":"https:\/\/www.embutidosballesteros.es\/fr\/producto\/lomo-en-boyau-affine-maison\/","name":"Lomo En Boyau Affin\u00e9 Maison de Embutidos Ballesteros","isPartOf":{"@id":"https:\/\/www.embutidosballesteros.es\/fr\/#website"},"primaryImageOfPage":{"@id":"https:\/\/www.embutidosballesteros.es\/fr\/producto\/lomo-en-boyau-affine-maison\/#primaryimage"},"image":{"@id":"https:\/\/www.embutidosballesteros.es\/fr\/producto\/lomo-en-boyau-affine-maison\/#primaryimage"},"thumbnailUrl":"https:\/\/www.embutidosballesteros.es\/wp-content\/uploads\/2016\/11\/lomo-iberico-embuchado-curado-casero.jpg","datePublished":"2016-11-02T00:00:00+00:00","dateModified":"2021-03-02T15:31:28+00:00","description":"Apr\u00e8s l\u2019abattage du porc ib\u00e9rique qualit\u00e9 \u201cBellota\u201d, on s\u00e9lectionne les \u00e9chines enti\u00e8res","breadcrumb":{"@id":"https:\/\/www.embutidosballesteros.es\/fr\/producto\/lomo-en-boyau-affine-maison\/#breadcrumb"},"inLanguage":"fr-FR","potentialAction":[{"@type":"ReadAction","target":["https:\/\/www.embutidosballesteros.es\/fr\/producto\/lomo-en-boyau-affine-maison\/"]}]},{"@type":"ImageObject","inLanguage":"fr-FR","@id":"https:\/\/www.embutidosballesteros.es\/fr\/producto\/lomo-en-boyau-affine-maison\/#primaryimage","url":"https:\/\/www.embutidosballesteros.es\/wp-content\/uploads\/2016\/11\/lomo-iberico-embuchado-curado-casero.jpg","contentUrl":"https:\/\/www.embutidosballesteros.es\/wp-content\/uploads\/2016\/11\/lomo-iberico-embuchado-curado-casero.jpg","width":1000,"height":1000,"caption":"Lomo En Boyau Affin\u00e9 Maison"},{"@type":"BreadcrumbList","@id":"https:\/\/www.embutidosballesteros.es\/fr\/producto\/lomo-en-boyau-affine-maison\/#breadcrumb","itemListElement":[{"@type":"ListItem","position":1,"name":"Portada","item":"https:\/\/www.embutidosballesteros.es\/fr\/"},{"@type":"ListItem","position":2,"name":"Boutique","item":"https:\/\/www.embutidosballesteros.es\/fr\/tienda\/"},{"@type":"ListItem","position":3,"name":"Lomo En Boyau Affin\u00e9 Maison"}]},{"@type":"WebSite","@id":"https:\/\/www.embutidosballesteros.es\/fr\/#website","url":"https:\/\/www.embutidosballesteros.es\/fr\/","name":"Embutidos Ballesteros","description":"Embutidos y jamones de elaboraci\u00f3n propia","potentialAction":[{"@type":"SearchAction","target":{"@type":"EntryPoint","urlTemplate":"https:\/\/www.embutidosballesteros.es\/fr\/?s={search_term_string}"},"query-input":{"@type":"PropertyValueSpecification","valueRequired":true,"valueName":"search_term_string"}}],"inLanguage":"fr-FR"}]}},"_links":{"self":[{"href":"https:\/\/www.embutidosballesteros.es\/fr\/wp-json\/wp\/v2\/product\/6457","targetHints":{"allow":["GET"]}}],"collection":[{"href":"https:\/\/www.embutidosballesteros.es\/fr\/wp-json\/wp\/v2\/product"}],"about":[{"href":"https:\/\/www.embutidosballesteros.es\/fr\/wp-json\/wp\/v2\/types\/product"}],"wp:featuredmedia":[{"embeddable":true,"href":"https:\/\/www.embutidosballesteros.es\/fr\/wp-json\/wp\/v2\/media\/4804"}],"wp:attachment":[{"href":"https:\/\/www.embutidosballesteros.es\/fr\/wp-json\/wp\/v2\/media?parent=6457"}],"wp:term":[{"taxonomy":"product_brand","embeddable":true,"href":"https:\/\/www.embutidosballesteros.es\/fr\/wp-json\/wp\/v2\/product_brand?post=6457"},{"taxonomy":"product_cat","embeddable":true,"href":"https:\/\/www.embutidosballesteros.es\/fr\/wp-json\/wp\/v2\/product_cat?post=6457"},{"taxonomy":"product_tag","embeddable":true,"href":"https:\/\/www.embutidosballesteros.es\/fr\/wp-json\/wp\/v2\/product_tag?post=6457"}],"curies":[{"name":"wp","href":"https:\/\/api.w.org\/{rel}","templated":true}]}}