{"id":6466,"date":"2016-11-02T00:00:00","date_gmt":"2016-11-02T00:00:00","guid":{"rendered":"https:\/\/www.embutidosballesteros.es\/producto\/saucisson-cular-serrano\/"},"modified":"2021-03-02T17:05:58","modified_gmt":"2021-03-02T16:05:58","slug":"saucisson-cular-serrano","status":"publish","type":"product","link":"https:\/\/www.embutidosballesteros.es\/fr\/producto\/saucisson-cular-serrano\/","title":{"rendered":"Saucisson Cular Serrano"},"content":{"rendered":"<p>Ces pi\u00e8ces sont fabriqu\u00e9es avec des viandes maigres de porcs blancs gras \u00e0 la saveur et \u00e0 la qualit\u00e9 incomparables. <\/p>\n","protected":false},"excerpt":{"rendered":"<p>Le produit varie de 0,45 \u00e0 1,10 kg.<\/p>\n<p><em>Prix: 10,50 \u20ac\/Kg<\/em><\/p>\n","protected":false},"featured_media":4768,"template":"","meta":[],"product_brand":[],"product_cat":[485,648],"product_tag":[508,522,570,542],"class_list":{"0":"post-6466","1":"product","2":"type-product","3":"status-publish","4":"has-post-thumbnail","6":"product_cat-saucisson","7":"product_cat-serrano-saucisson","8":"product_tag-ballesteros-fr","9":"product_tag-ibelier-fr","10":"product_tag-saucisson","11":"product_tag-serrano-fr","13":"first","14":"instock","15":"taxable","16":"shipping-taxable","17":"purchasable","18":"product-type-variable"},"yoast_head":"<!-- This site is optimized with the Yoast SEO plugin v27.4 - https:\/\/yoast.com\/product\/yoast-seo-wordpress\/ -->\n<title>Saucisson Cular Serrano de Embutidos Ballesteros<\/title>\n<meta name=\"description\" content=\"Ces pi\u00e8ces sont fabriqu\u00e9es avec des viandes maigres de porcs blancs gras \u00e0 la saveur et \u00e0 la qualit\u00e9 incomparables.\" \/>\n<meta name=\"robots\" content=\"index, follow, max-snippet:-1, max-image-preview:large, max-video-preview:-1\" \/>\n<link rel=\"canonical\" href=\"https:\/\/www.embutidosballesteros.es\/fr\/producto\/saucisson-cular-serrano\/\" \/>\n<meta property=\"og:locale\" content=\"fr_FR\" \/>\n<meta property=\"og:type\" content=\"article\" \/>\n<meta property=\"og:title\" content=\"Saucisson Cular Serrano de Embutidos Ballesteros\" \/>\n<meta property=\"og:description\" content=\"Ces pi\u00e8ces sont fabriqu\u00e9es avec des viandes maigres de porcs blancs gras \u00e0 la saveur et \u00e0 la qualit\u00e9 incomparables.\" \/>\n<meta property=\"og:url\" content=\"https:\/\/www.embutidosballesteros.es\/fr\/producto\/saucisson-cular-serrano\/\" \/>\n<meta property=\"og:site_name\" content=\"Embutidos Ballesteros\" \/>\n<meta property=\"article:modified_time\" content=\"2021-03-02T16:05:58+00:00\" \/>\n<meta property=\"og:image\" content=\"https:\/\/www.embutidosballesteros.es\/wp-content\/uploads\/2018\/06\/salchichon-cular-serrano.jpg\" \/>\n\t<meta property=\"og:image:width\" content=\"1000\" \/>\n\t<meta property=\"og:image:height\" content=\"1000\" \/>\n\t<meta property=\"og:image:type\" content=\"image\/jpeg\" \/>\n<meta name=\"twitter:card\" content=\"summary_large_image\" \/>\n<script type=\"application\/ld+json\" class=\"yoast-schema-graph\">{\"@context\":\"https:\\\/\\\/schema.org\",\"@graph\":[{\"@type\":\"WebPage\",\"@id\":\"https:\\\/\\\/www.embutidosballesteros.es\\\/fr\\\/producto\\\/saucisson-cular-serrano\\\/\",\"url\":\"https:\\\/\\\/www.embutidosballesteros.es\\\/fr\\\/producto\\\/saucisson-cular-serrano\\\/\",\"name\":\"Saucisson Cular Serrano de Embutidos Ballesteros\",\"isPartOf\":{\"@id\":\"https:\\\/\\\/www.embutidosballesteros.es\\\/fr\\\/#website\"},\"primaryImageOfPage\":{\"@id\":\"https:\\\/\\\/www.embutidosballesteros.es\\\/fr\\\/producto\\\/saucisson-cular-serrano\\\/#primaryimage\"},\"image\":{\"@id\":\"https:\\\/\\\/www.embutidosballesteros.es\\\/fr\\\/producto\\\/saucisson-cular-serrano\\\/#primaryimage\"},\"thumbnailUrl\":\"https:\\\/\\\/www.embutidosballesteros.es\\\/wp-content\\\/uploads\\\/2018\\\/06\\\/salchichon-cular-serrano.jpg\",\"datePublished\":\"2016-11-02T00:00:00+00:00\",\"dateModified\":\"2021-03-02T16:05:58+00:00\",\"description\":\"Ces pi\u00e8ces sont fabriqu\u00e9es avec des viandes maigres de porcs blancs gras \u00e0 la saveur et \u00e0 la qualit\u00e9 incomparables.\",\"breadcrumb\":{\"@id\":\"https:\\\/\\\/www.embutidosballesteros.es\\\/fr\\\/producto\\\/saucisson-cular-serrano\\\/#breadcrumb\"},\"inLanguage\":\"fr-FR\",\"potentialAction\":[{\"@type\":\"ReadAction\",\"target\":[\"https:\\\/\\\/www.embutidosballesteros.es\\\/fr\\\/producto\\\/saucisson-cular-serrano\\\/\"]}]},{\"@type\":\"ImageObject\",\"inLanguage\":\"fr-FR\",\"@id\":\"https:\\\/\\\/www.embutidosballesteros.es\\\/fr\\\/producto\\\/saucisson-cular-serrano\\\/#primaryimage\",\"url\":\"https:\\\/\\\/www.embutidosballesteros.es\\\/wp-content\\\/uploads\\\/2018\\\/06\\\/salchichon-cular-serrano.jpg\",\"contentUrl\":\"https:\\\/\\\/www.embutidosballesteros.es\\\/wp-content\\\/uploads\\\/2018\\\/06\\\/salchichon-cular-serrano.jpg\",\"width\":1000,\"height\":1000,\"caption\":\"Saucisson Cular Serrano\"},{\"@type\":\"BreadcrumbList\",\"@id\":\"https:\\\/\\\/www.embutidosballesteros.es\\\/fr\\\/producto\\\/saucisson-cular-serrano\\\/#breadcrumb\",\"itemListElement\":[{\"@type\":\"ListItem\",\"position\":1,\"name\":\"Portada\",\"item\":\"https:\\\/\\\/www.embutidosballesteros.es\\\/fr\\\/\"},{\"@type\":\"ListItem\",\"position\":2,\"name\":\"Boutique\",\"item\":\"https:\\\/\\\/www.embutidosballesteros.es\\\/fr\\\/tienda\\\/\"},{\"@type\":\"ListItem\",\"position\":3,\"name\":\"Saucisson Cular Serrano\"}]},{\"@type\":\"WebSite\",\"@id\":\"https:\\\/\\\/www.embutidosballesteros.es\\\/fr\\\/#website\",\"url\":\"https:\\\/\\\/www.embutidosballesteros.es\\\/fr\\\/\",\"name\":\"Embutidos Ballesteros\",\"description\":\"Embutidos y jamones de elaboraci\u00f3n propia\",\"potentialAction\":[{\"@type\":\"SearchAction\",\"target\":{\"@type\":\"EntryPoint\",\"urlTemplate\":\"https:\\\/\\\/www.embutidosballesteros.es\\\/fr\\\/?s={search_term_string}\"},\"query-input\":{\"@type\":\"PropertyValueSpecification\",\"valueRequired\":true,\"valueName\":\"search_term_string\"}}],\"inLanguage\":\"fr-FR\"}]}<\/script>\n<!-- \/ Yoast SEO plugin. -->","yoast_head_json":{"title":"Saucisson Cular Serrano de Embutidos Ballesteros","description":"Ces pi\u00e8ces sont fabriqu\u00e9es avec des viandes maigres de porcs blancs gras \u00e0 la saveur et \u00e0 la qualit\u00e9 incomparables.","robots":{"index":"index","follow":"follow","max-snippet":"max-snippet:-1","max-image-preview":"max-image-preview:large","max-video-preview":"max-video-preview:-1"},"canonical":"https:\/\/www.embutidosballesteros.es\/fr\/producto\/saucisson-cular-serrano\/","og_locale":"fr_FR","og_type":"article","og_title":"Saucisson Cular Serrano de Embutidos Ballesteros","og_description":"Ces pi\u00e8ces sont fabriqu\u00e9es avec des viandes maigres de porcs blancs gras \u00e0 la saveur et \u00e0 la qualit\u00e9 incomparables.","og_url":"https:\/\/www.embutidosballesteros.es\/fr\/producto\/saucisson-cular-serrano\/","og_site_name":"Embutidos Ballesteros","article_modified_time":"2021-03-02T16:05:58+00:00","og_image":[{"width":1000,"height":1000,"url":"https:\/\/www.embutidosballesteros.es\/wp-content\/uploads\/2018\/06\/salchichon-cular-serrano.jpg","type":"image\/jpeg"}],"twitter_card":"summary_large_image","schema":{"@context":"https:\/\/schema.org","@graph":[{"@type":"WebPage","@id":"https:\/\/www.embutidosballesteros.es\/fr\/producto\/saucisson-cular-serrano\/","url":"https:\/\/www.embutidosballesteros.es\/fr\/producto\/saucisson-cular-serrano\/","name":"Saucisson Cular Serrano de Embutidos Ballesteros","isPartOf":{"@id":"https:\/\/www.embutidosballesteros.es\/fr\/#website"},"primaryImageOfPage":{"@id":"https:\/\/www.embutidosballesteros.es\/fr\/producto\/saucisson-cular-serrano\/#primaryimage"},"image":{"@id":"https:\/\/www.embutidosballesteros.es\/fr\/producto\/saucisson-cular-serrano\/#primaryimage"},"thumbnailUrl":"https:\/\/www.embutidosballesteros.es\/wp-content\/uploads\/2018\/06\/salchichon-cular-serrano.jpg","datePublished":"2016-11-02T00:00:00+00:00","dateModified":"2021-03-02T16:05:58+00:00","description":"Ces pi\u00e8ces sont fabriqu\u00e9es avec des viandes maigres de porcs blancs gras \u00e0 la saveur et \u00e0 la qualit\u00e9 incomparables.","breadcrumb":{"@id":"https:\/\/www.embutidosballesteros.es\/fr\/producto\/saucisson-cular-serrano\/#breadcrumb"},"inLanguage":"fr-FR","potentialAction":[{"@type":"ReadAction","target":["https:\/\/www.embutidosballesteros.es\/fr\/producto\/saucisson-cular-serrano\/"]}]},{"@type":"ImageObject","inLanguage":"fr-FR","@id":"https:\/\/www.embutidosballesteros.es\/fr\/producto\/saucisson-cular-serrano\/#primaryimage","url":"https:\/\/www.embutidosballesteros.es\/wp-content\/uploads\/2018\/06\/salchichon-cular-serrano.jpg","contentUrl":"https:\/\/www.embutidosballesteros.es\/wp-content\/uploads\/2018\/06\/salchichon-cular-serrano.jpg","width":1000,"height":1000,"caption":"Saucisson Cular Serrano"},{"@type":"BreadcrumbList","@id":"https:\/\/www.embutidosballesteros.es\/fr\/producto\/saucisson-cular-serrano\/#breadcrumb","itemListElement":[{"@type":"ListItem","position":1,"name":"Portada","item":"https:\/\/www.embutidosballesteros.es\/fr\/"},{"@type":"ListItem","position":2,"name":"Boutique","item":"https:\/\/www.embutidosballesteros.es\/fr\/tienda\/"},{"@type":"ListItem","position":3,"name":"Saucisson Cular Serrano"}]},{"@type":"WebSite","@id":"https:\/\/www.embutidosballesteros.es\/fr\/#website","url":"https:\/\/www.embutidosballesteros.es\/fr\/","name":"Embutidos Ballesteros","description":"Embutidos y jamones de elaboraci\u00f3n propia","potentialAction":[{"@type":"SearchAction","target":{"@type":"EntryPoint","urlTemplate":"https:\/\/www.embutidosballesteros.es\/fr\/?s={search_term_string}"},"query-input":{"@type":"PropertyValueSpecification","valueRequired":true,"valueName":"search_term_string"}}],"inLanguage":"fr-FR"}]}},"_links":{"self":[{"href":"https:\/\/www.embutidosballesteros.es\/fr\/wp-json\/wp\/v2\/product\/6466","targetHints":{"allow":["GET"]}}],"collection":[{"href":"https:\/\/www.embutidosballesteros.es\/fr\/wp-json\/wp\/v2\/product"}],"about":[{"href":"https:\/\/www.embutidosballesteros.es\/fr\/wp-json\/wp\/v2\/types\/product"}],"wp:featuredmedia":[{"embeddable":true,"href":"https:\/\/www.embutidosballesteros.es\/fr\/wp-json\/wp\/v2\/media\/4768"}],"wp:attachment":[{"href":"https:\/\/www.embutidosballesteros.es\/fr\/wp-json\/wp\/v2\/media?parent=6466"}],"wp:term":[{"taxonomy":"product_brand","embeddable":true,"href":"https:\/\/www.embutidosballesteros.es\/fr\/wp-json\/wp\/v2\/product_brand?post=6466"},{"taxonomy":"product_cat","embeddable":true,"href":"https:\/\/www.embutidosballesteros.es\/fr\/wp-json\/wp\/v2\/product_cat?post=6466"},{"taxonomy":"product_tag","embeddable":true,"href":"https:\/\/www.embutidosballesteros.es\/fr\/wp-json\/wp\/v2\/product_tag?post=6466"}],"curies":[{"name":"wp","href":"https:\/\/api.w.org\/{rel}","templated":true}]}}