{"id":6471,"date":"2016-11-02T00:00:00","date_gmt":"2016-11-02T00:00:00","guid":{"rendered":"https:\/\/www.embutidosballesteros.es\/producto\/saucisson-iberique-sarta\/"},"modified":"2021-03-02T17:05:41","modified_gmt":"2021-03-02T16:05:41","slug":"saucisson-iberique-sarta","status":"publish","type":"product","link":"https:\/\/www.embutidosballesteros.es\/fr\/producto\/saucisson-iberique-sarta\/","title":{"rendered":"Saucisson Ib\u00e9rique Sarta"},"content":{"rendered":"<p>Tous nos saucissons sont fabriqu\u00e9s avec de la viande maigre de porcs ib\u00e9riques aliment\u00e9s de glands en saison et, le reste de leur vie, de produits naturels et de racines qu\u2019ils trouvent sur le terrain (montanera). Le r\u00e9sultat de cette alimentation et du soin apport\u00e9 \u00e0 la fabrication est un produit de haute qualit\u00e9. <\/p>\n","protected":false},"excerpt":{"rendered":"<p>Le produit varie de 0,45 \u00e0 0,50 kg.<\/p>\n<p><em>Prix: 10,50 \u20ac\/Kg<\/em><\/p>\n","protected":false},"featured_media":15848,"template":"","meta":[],"product_brand":[],"product_cat":[646,485],"product_tag":[508,522,523,531,570],"class_list":{"0":"post-6471","1":"product","2":"type-product","3":"status-publish","4":"has-post-thumbnail","6":"product_cat-iberique-saucisson","7":"product_cat-saucisson","8":"product_tag-ballesteros-fr","9":"product_tag-ibelier-fr","10":"product_tag-iberique","11":"product_tag-sarta-fr","12":"product_tag-saucisson","14":"first","15":"instock","16":"taxable","17":"shipping-taxable","18":"purchasable","19":"product-type-simple"},"yoast_head":"<!-- This site is optimized with the Yoast SEO plugin v27.4 - https:\/\/yoast.com\/product\/yoast-seo-wordpress\/ -->\n<title>Saucisson Ib\u00e9rique Sarta de Embutidos Ballesteros.<\/title>\n<meta name=\"description\" content=\"Tous nos saucissons sont fabriqu\u00e9s avec de la viande maigre de porcs ib\u00e9riques aliment\u00e9s de glands en saison et\" \/>\n<meta name=\"robots\" content=\"index, follow, max-snippet:-1, max-image-preview:large, max-video-preview:-1\" \/>\n<link rel=\"canonical\" href=\"https:\/\/www.embutidosballesteros.es\/fr\/producto\/saucisson-iberique-sarta\/\" \/>\n<meta property=\"og:locale\" content=\"fr_FR\" \/>\n<meta property=\"og:type\" content=\"article\" \/>\n<meta property=\"og:title\" content=\"Saucisson Ib\u00e9rique Sarta de Embutidos Ballesteros.\" \/>\n<meta property=\"og:description\" content=\"Tous nos saucissons sont fabriqu\u00e9s avec de la viande maigre de porcs ib\u00e9riques aliment\u00e9s de glands en saison et\" \/>\n<meta property=\"og:url\" content=\"https:\/\/www.embutidosballesteros.es\/fr\/producto\/saucisson-iberique-sarta\/\" \/>\n<meta property=\"og:site_name\" content=\"Embutidos Ballesteros\" \/>\n<meta property=\"article:modified_time\" content=\"2021-03-02T16:05:41+00:00\" \/>\n<meta property=\"og:image\" content=\"https:\/\/www.embutidosballesteros.es\/wp-content\/uploads\/2018\/06\/salchichon_sarta_iberica.jpg\" \/>\n\t<meta property=\"og:image:width\" content=\"960\" \/>\n\t<meta property=\"og:image:height\" content=\"719\" \/>\n\t<meta property=\"og:image:type\" content=\"image\/jpeg\" \/>\n<meta name=\"twitter:card\" content=\"summary_large_image\" \/>\n<script type=\"application\/ld+json\" class=\"yoast-schema-graph\">{\"@context\":\"https:\\\/\\\/schema.org\",\"@graph\":[{\"@type\":\"WebPage\",\"@id\":\"https:\\\/\\\/www.embutidosballesteros.es\\\/fr\\\/producto\\\/saucisson-iberique-sarta\\\/\",\"url\":\"https:\\\/\\\/www.embutidosballesteros.es\\\/fr\\\/producto\\\/saucisson-iberique-sarta\\\/\",\"name\":\"Saucisson Ib\u00e9rique Sarta de Embutidos Ballesteros.\",\"isPartOf\":{\"@id\":\"https:\\\/\\\/www.embutidosballesteros.es\\\/fr\\\/#website\"},\"primaryImageOfPage\":{\"@id\":\"https:\\\/\\\/www.embutidosballesteros.es\\\/fr\\\/producto\\\/saucisson-iberique-sarta\\\/#primaryimage\"},\"image\":{\"@id\":\"https:\\\/\\\/www.embutidosballesteros.es\\\/fr\\\/producto\\\/saucisson-iberique-sarta\\\/#primaryimage\"},\"thumbnailUrl\":\"https:\\\/\\\/www.embutidosballesteros.es\\\/wp-content\\\/uploads\\\/2018\\\/06\\\/salchichon_sarta_iberica.jpg\",\"datePublished\":\"2016-11-02T00:00:00+00:00\",\"dateModified\":\"2021-03-02T16:05:41+00:00\",\"description\":\"Tous nos saucissons sont fabriqu\u00e9s avec de la viande maigre de porcs ib\u00e9riques aliment\u00e9s de glands en saison et\",\"breadcrumb\":{\"@id\":\"https:\\\/\\\/www.embutidosballesteros.es\\\/fr\\\/producto\\\/saucisson-iberique-sarta\\\/#breadcrumb\"},\"inLanguage\":\"fr-FR\",\"potentialAction\":[{\"@type\":\"ReadAction\",\"target\":[\"https:\\\/\\\/www.embutidosballesteros.es\\\/fr\\\/producto\\\/saucisson-iberique-sarta\\\/\"]}]},{\"@type\":\"ImageObject\",\"inLanguage\":\"fr-FR\",\"@id\":\"https:\\\/\\\/www.embutidosballesteros.es\\\/fr\\\/producto\\\/saucisson-iberique-sarta\\\/#primaryimage\",\"url\":\"https:\\\/\\\/www.embutidosballesteros.es\\\/wp-content\\\/uploads\\\/2018\\\/06\\\/salchichon_sarta_iberica.jpg\",\"contentUrl\":\"https:\\\/\\\/www.embutidosballesteros.es\\\/wp-content\\\/uploads\\\/2018\\\/06\\\/salchichon_sarta_iberica.jpg\",\"width\":960,\"height\":719,\"caption\":\"Salchich\u00f3n sarta ib\u00e9rica de Embutidos Ballesteros\"},{\"@type\":\"BreadcrumbList\",\"@id\":\"https:\\\/\\\/www.embutidosballesteros.es\\\/fr\\\/producto\\\/saucisson-iberique-sarta\\\/#breadcrumb\",\"itemListElement\":[{\"@type\":\"ListItem\",\"position\":1,\"name\":\"Portada\",\"item\":\"https:\\\/\\\/www.embutidosballesteros.es\\\/fr\\\/\"},{\"@type\":\"ListItem\",\"position\":2,\"name\":\"Boutique\",\"item\":\"https:\\\/\\\/www.embutidosballesteros.es\\\/fr\\\/tienda\\\/\"},{\"@type\":\"ListItem\",\"position\":3,\"name\":\"Saucisson Ib\u00e9rique Sarta\"}]},{\"@type\":\"WebSite\",\"@id\":\"https:\\\/\\\/www.embutidosballesteros.es\\\/fr\\\/#website\",\"url\":\"https:\\\/\\\/www.embutidosballesteros.es\\\/fr\\\/\",\"name\":\"Embutidos Ballesteros\",\"description\":\"Embutidos y jamones de elaboraci\u00f3n propia\",\"potentialAction\":[{\"@type\":\"SearchAction\",\"target\":{\"@type\":\"EntryPoint\",\"urlTemplate\":\"https:\\\/\\\/www.embutidosballesteros.es\\\/fr\\\/?s={search_term_string}\"},\"query-input\":{\"@type\":\"PropertyValueSpecification\",\"valueRequired\":true,\"valueName\":\"search_term_string\"}}],\"inLanguage\":\"fr-FR\"}]}<\/script>\n<!-- \/ Yoast SEO plugin. -->","yoast_head_json":{"title":"Saucisson Ib\u00e9rique Sarta de Embutidos Ballesteros.","description":"Tous nos saucissons sont fabriqu\u00e9s avec de la viande maigre de porcs ib\u00e9riques aliment\u00e9s de glands en saison et","robots":{"index":"index","follow":"follow","max-snippet":"max-snippet:-1","max-image-preview":"max-image-preview:large","max-video-preview":"max-video-preview:-1"},"canonical":"https:\/\/www.embutidosballesteros.es\/fr\/producto\/saucisson-iberique-sarta\/","og_locale":"fr_FR","og_type":"article","og_title":"Saucisson Ib\u00e9rique Sarta de Embutidos Ballesteros.","og_description":"Tous nos saucissons sont fabriqu\u00e9s avec de la viande maigre de porcs ib\u00e9riques aliment\u00e9s de glands en saison et","og_url":"https:\/\/www.embutidosballesteros.es\/fr\/producto\/saucisson-iberique-sarta\/","og_site_name":"Embutidos Ballesteros","article_modified_time":"2021-03-02T16:05:41+00:00","og_image":[{"width":960,"height":719,"url":"https:\/\/www.embutidosballesteros.es\/wp-content\/uploads\/2018\/06\/salchichon_sarta_iberica.jpg","type":"image\/jpeg"}],"twitter_card":"summary_large_image","schema":{"@context":"https:\/\/schema.org","@graph":[{"@type":"WebPage","@id":"https:\/\/www.embutidosballesteros.es\/fr\/producto\/saucisson-iberique-sarta\/","url":"https:\/\/www.embutidosballesteros.es\/fr\/producto\/saucisson-iberique-sarta\/","name":"Saucisson Ib\u00e9rique Sarta de Embutidos Ballesteros.","isPartOf":{"@id":"https:\/\/www.embutidosballesteros.es\/fr\/#website"},"primaryImageOfPage":{"@id":"https:\/\/www.embutidosballesteros.es\/fr\/producto\/saucisson-iberique-sarta\/#primaryimage"},"image":{"@id":"https:\/\/www.embutidosballesteros.es\/fr\/producto\/saucisson-iberique-sarta\/#primaryimage"},"thumbnailUrl":"https:\/\/www.embutidosballesteros.es\/wp-content\/uploads\/2018\/06\/salchichon_sarta_iberica.jpg","datePublished":"2016-11-02T00:00:00+00:00","dateModified":"2021-03-02T16:05:41+00:00","description":"Tous nos saucissons sont fabriqu\u00e9s avec de la viande maigre de porcs ib\u00e9riques aliment\u00e9s de glands en saison et","breadcrumb":{"@id":"https:\/\/www.embutidosballesteros.es\/fr\/producto\/saucisson-iberique-sarta\/#breadcrumb"},"inLanguage":"fr-FR","potentialAction":[{"@type":"ReadAction","target":["https:\/\/www.embutidosballesteros.es\/fr\/producto\/saucisson-iberique-sarta\/"]}]},{"@type":"ImageObject","inLanguage":"fr-FR","@id":"https:\/\/www.embutidosballesteros.es\/fr\/producto\/saucisson-iberique-sarta\/#primaryimage","url":"https:\/\/www.embutidosballesteros.es\/wp-content\/uploads\/2018\/06\/salchichon_sarta_iberica.jpg","contentUrl":"https:\/\/www.embutidosballesteros.es\/wp-content\/uploads\/2018\/06\/salchichon_sarta_iberica.jpg","width":960,"height":719,"caption":"Salchich\u00f3n sarta ib\u00e9rica de Embutidos Ballesteros"},{"@type":"BreadcrumbList","@id":"https:\/\/www.embutidosballesteros.es\/fr\/producto\/saucisson-iberique-sarta\/#breadcrumb","itemListElement":[{"@type":"ListItem","position":1,"name":"Portada","item":"https:\/\/www.embutidosballesteros.es\/fr\/"},{"@type":"ListItem","position":2,"name":"Boutique","item":"https:\/\/www.embutidosballesteros.es\/fr\/tienda\/"},{"@type":"ListItem","position":3,"name":"Saucisson Ib\u00e9rique Sarta"}]},{"@type":"WebSite","@id":"https:\/\/www.embutidosballesteros.es\/fr\/#website","url":"https:\/\/www.embutidosballesteros.es\/fr\/","name":"Embutidos Ballesteros","description":"Embutidos y jamones de elaboraci\u00f3n propia","potentialAction":[{"@type":"SearchAction","target":{"@type":"EntryPoint","urlTemplate":"https:\/\/www.embutidosballesteros.es\/fr\/?s={search_term_string}"},"query-input":{"@type":"PropertyValueSpecification","valueRequired":true,"valueName":"search_term_string"}}],"inLanguage":"fr-FR"}]}},"_links":{"self":[{"href":"https:\/\/www.embutidosballesteros.es\/fr\/wp-json\/wp\/v2\/product\/6471","targetHints":{"allow":["GET"]}}],"collection":[{"href":"https:\/\/www.embutidosballesteros.es\/fr\/wp-json\/wp\/v2\/product"}],"about":[{"href":"https:\/\/www.embutidosballesteros.es\/fr\/wp-json\/wp\/v2\/types\/product"}],"wp:featuredmedia":[{"embeddable":true,"href":"https:\/\/www.embutidosballesteros.es\/fr\/wp-json\/wp\/v2\/media\/15848"}],"wp:attachment":[{"href":"https:\/\/www.embutidosballesteros.es\/fr\/wp-json\/wp\/v2\/media?parent=6471"}],"wp:term":[{"taxonomy":"product_brand","embeddable":true,"href":"https:\/\/www.embutidosballesteros.es\/fr\/wp-json\/wp\/v2\/product_brand?post=6471"},{"taxonomy":"product_cat","embeddable":true,"href":"https:\/\/www.embutidosballesteros.es\/fr\/wp-json\/wp\/v2\/product_cat?post=6471"},{"taxonomy":"product_tag","embeddable":true,"href":"https:\/\/www.embutidosballesteros.es\/fr\/wp-json\/wp\/v2\/product_tag?post=6471"}],"curies":[{"name":"wp","href":"https:\/\/api.w.org\/{rel}","templated":true}]}}