{"id":6481,"date":"2016-11-02T00:00:00","date_gmt":"2016-11-02T00:00:00","guid":{"rendered":"https:\/\/www.embutidosballesteros.es\/producto\/poitrine-marinee-sechee\/"},"modified":"2021-03-02T15:00:12","modified_gmt":"2021-03-02T14:00:12","slug":"poitrine-marinee-sechee","status":"publish","type":"product","link":"https:\/\/www.embutidosballesteros.es\/fr\/producto\/poitrine-marinee-sechee\/","title":{"rendered":"Poitrine Marin\u00e9e S\u00e9ch\u00e9e"},"content":{"rendered":"<p>La poitrine est pr\u00e9par\u00e9e dans une marinade naturelle \u00e0 base de paprika AOC de La Vera (Estr\u00e9madure), de sel, d\u2019origan et d\u2019autres \u00e9pices. Les morceaux proviennent de porcs blancs gras caract\u00e9ristiques pour la saveur intense et la qualit\u00e9 de leur viande. <\/p>\n","protected":false},"excerpt":{"rendered":"<p>Nous la vendons en morceaux de 1,5 \u00e0 3 kg..<\/p>\n<p><em>Prix: 9,50\u20ac\/Kg<\/em><\/p>\n","protected":false},"featured_media":4680,"template":"","meta":[],"product_brand":[],"product_cat":[639,487],"product_tag":[536,537,538],"class_list":{"0":"post-6481","1":"product","2":"type-product","3":"status-publish","4":"has-post-thumbnail","6":"product_cat-poitrine-marinee","7":"product_cat-viande-marinee","8":"product_tag-poitrine-de-porc","9":"product_tag-poitrine-marinee","10":"product_tag-poitrine-marinee-sechee","12":"first","13":"instock","14":"taxable","15":"shipping-taxable","16":"purchasable","17":"product-type-variable"},"yoast_head":"<!-- This site is optimized with the Yoast SEO plugin v27.4 - https:\/\/yoast.com\/product\/yoast-seo-wordpress\/ -->\n<title>Poitrine Marin\u00e9e S\u00e9ch\u00e9e - Embutidos Ballesteros<\/title>\n<meta name=\"description\" content=\"La poitrine est pr\u00e9par\u00e9e dans une marinade naturelle \u00e0 base de paprika AOC de La Vera (Estr\u00e9madure), de sel, d\u2019origan et d\u2019autres \u00e9pices\" \/>\n<meta name=\"robots\" content=\"index, follow, max-snippet:-1, max-image-preview:large, max-video-preview:-1\" \/>\n<link rel=\"canonical\" href=\"https:\/\/www.embutidosballesteros.es\/fr\/producto\/poitrine-marinee-sechee\/\" \/>\n<meta property=\"og:locale\" content=\"fr_FR\" \/>\n<meta property=\"og:type\" content=\"article\" \/>\n<meta property=\"og:title\" content=\"Poitrine Marin\u00e9e S\u00e9ch\u00e9e - Embutidos Ballesteros\" \/>\n<meta property=\"og:description\" content=\"La poitrine est pr\u00e9par\u00e9e dans une marinade naturelle \u00e0 base de paprika AOC de La Vera (Estr\u00e9madure), de sel, d\u2019origan et d\u2019autres \u00e9pices\" \/>\n<meta property=\"og:url\" content=\"https:\/\/www.embutidosballesteros.es\/fr\/producto\/poitrine-marinee-sechee\/\" \/>\n<meta property=\"og:site_name\" content=\"Embutidos Ballesteros\" \/>\n<meta property=\"article:modified_time\" content=\"2021-03-02T14:00:12+00:00\" \/>\n<meta property=\"og:image\" content=\"https:\/\/www.embutidosballesteros.es\/wp-content\/uploads\/2016\/11\/panceta-curada-adobada.jpg\" \/>\n\t<meta property=\"og:image:width\" content=\"800\" \/>\n\t<meta property=\"og:image:height\" content=\"800\" \/>\n\t<meta property=\"og:image:type\" content=\"image\/jpeg\" \/>\n<meta name=\"twitter:card\" content=\"summary_large_image\" \/>\n<script type=\"application\/ld+json\" class=\"yoast-schema-graph\">{\"@context\":\"https:\\\/\\\/schema.org\",\"@graph\":[{\"@type\":\"WebPage\",\"@id\":\"https:\\\/\\\/www.embutidosballesteros.es\\\/fr\\\/producto\\\/poitrine-marinee-sechee\\\/\",\"url\":\"https:\\\/\\\/www.embutidosballesteros.es\\\/fr\\\/producto\\\/poitrine-marinee-sechee\\\/\",\"name\":\"Poitrine Marin\u00e9e S\u00e9ch\u00e9e - Embutidos Ballesteros\",\"isPartOf\":{\"@id\":\"https:\\\/\\\/www.embutidosballesteros.es\\\/fr\\\/#website\"},\"primaryImageOfPage\":{\"@id\":\"https:\\\/\\\/www.embutidosballesteros.es\\\/fr\\\/producto\\\/poitrine-marinee-sechee\\\/#primaryimage\"},\"image\":{\"@id\":\"https:\\\/\\\/www.embutidosballesteros.es\\\/fr\\\/producto\\\/poitrine-marinee-sechee\\\/#primaryimage\"},\"thumbnailUrl\":\"https:\\\/\\\/www.embutidosballesteros.es\\\/wp-content\\\/uploads\\\/2016\\\/11\\\/panceta-curada-adobada.jpg\",\"datePublished\":\"2016-11-02T00:00:00+00:00\",\"dateModified\":\"2021-03-02T14:00:12+00:00\",\"description\":\"La poitrine est pr\u00e9par\u00e9e dans une marinade naturelle \u00e0 base de paprika AOC de La Vera (Estr\u00e9madure), de sel, d\u2019origan et d\u2019autres \u00e9pices\",\"breadcrumb\":{\"@id\":\"https:\\\/\\\/www.embutidosballesteros.es\\\/fr\\\/producto\\\/poitrine-marinee-sechee\\\/#breadcrumb\"},\"inLanguage\":\"fr-FR\",\"potentialAction\":[{\"@type\":\"ReadAction\",\"target\":[\"https:\\\/\\\/www.embutidosballesteros.es\\\/fr\\\/producto\\\/poitrine-marinee-sechee\\\/\"]}]},{\"@type\":\"ImageObject\",\"inLanguage\":\"fr-FR\",\"@id\":\"https:\\\/\\\/www.embutidosballesteros.es\\\/fr\\\/producto\\\/poitrine-marinee-sechee\\\/#primaryimage\",\"url\":\"https:\\\/\\\/www.embutidosballesteros.es\\\/wp-content\\\/uploads\\\/2016\\\/11\\\/panceta-curada-adobada.jpg\",\"contentUrl\":\"https:\\\/\\\/www.embutidosballesteros.es\\\/wp-content\\\/uploads\\\/2016\\\/11\\\/panceta-curada-adobada.jpg\",\"width\":800,\"height\":800,\"caption\":\"Poitrine Marin\u00e9e S\u00e9ch\u00e9e\"},{\"@type\":\"BreadcrumbList\",\"@id\":\"https:\\\/\\\/www.embutidosballesteros.es\\\/fr\\\/producto\\\/poitrine-marinee-sechee\\\/#breadcrumb\",\"itemListElement\":[{\"@type\":\"ListItem\",\"position\":1,\"name\":\"Portada\",\"item\":\"https:\\\/\\\/www.embutidosballesteros.es\\\/fr\\\/\"},{\"@type\":\"ListItem\",\"position\":2,\"name\":\"Boutique\",\"item\":\"https:\\\/\\\/www.embutidosballesteros.es\\\/fr\\\/tienda\\\/\"},{\"@type\":\"ListItem\",\"position\":3,\"name\":\"Poitrine Marin\u00e9e S\u00e9ch\u00e9e\"}]},{\"@type\":\"WebSite\",\"@id\":\"https:\\\/\\\/www.embutidosballesteros.es\\\/fr\\\/#website\",\"url\":\"https:\\\/\\\/www.embutidosballesteros.es\\\/fr\\\/\",\"name\":\"Embutidos Ballesteros\",\"description\":\"Embutidos y jamones de elaboraci\u00f3n propia\",\"potentialAction\":[{\"@type\":\"SearchAction\",\"target\":{\"@type\":\"EntryPoint\",\"urlTemplate\":\"https:\\\/\\\/www.embutidosballesteros.es\\\/fr\\\/?s={search_term_string}\"},\"query-input\":{\"@type\":\"PropertyValueSpecification\",\"valueRequired\":true,\"valueName\":\"search_term_string\"}}],\"inLanguage\":\"fr-FR\"}]}<\/script>\n<!-- \/ Yoast SEO plugin. -->","yoast_head_json":{"title":"Poitrine Marin\u00e9e S\u00e9ch\u00e9e - Embutidos Ballesteros","description":"La poitrine est pr\u00e9par\u00e9e dans une marinade naturelle \u00e0 base de paprika AOC de La Vera (Estr\u00e9madure), de sel, d\u2019origan et d\u2019autres \u00e9pices","robots":{"index":"index","follow":"follow","max-snippet":"max-snippet:-1","max-image-preview":"max-image-preview:large","max-video-preview":"max-video-preview:-1"},"canonical":"https:\/\/www.embutidosballesteros.es\/fr\/producto\/poitrine-marinee-sechee\/","og_locale":"fr_FR","og_type":"article","og_title":"Poitrine Marin\u00e9e S\u00e9ch\u00e9e - Embutidos Ballesteros","og_description":"La poitrine est pr\u00e9par\u00e9e dans une marinade naturelle \u00e0 base de paprika AOC de La Vera (Estr\u00e9madure), de sel, d\u2019origan et d\u2019autres \u00e9pices","og_url":"https:\/\/www.embutidosballesteros.es\/fr\/producto\/poitrine-marinee-sechee\/","og_site_name":"Embutidos Ballesteros","article_modified_time":"2021-03-02T14:00:12+00:00","og_image":[{"width":800,"height":800,"url":"https:\/\/www.embutidosballesteros.es\/wp-content\/uploads\/2016\/11\/panceta-curada-adobada.jpg","type":"image\/jpeg"}],"twitter_card":"summary_large_image","schema":{"@context":"https:\/\/schema.org","@graph":[{"@type":"WebPage","@id":"https:\/\/www.embutidosballesteros.es\/fr\/producto\/poitrine-marinee-sechee\/","url":"https:\/\/www.embutidosballesteros.es\/fr\/producto\/poitrine-marinee-sechee\/","name":"Poitrine Marin\u00e9e S\u00e9ch\u00e9e - Embutidos Ballesteros","isPartOf":{"@id":"https:\/\/www.embutidosballesteros.es\/fr\/#website"},"primaryImageOfPage":{"@id":"https:\/\/www.embutidosballesteros.es\/fr\/producto\/poitrine-marinee-sechee\/#primaryimage"},"image":{"@id":"https:\/\/www.embutidosballesteros.es\/fr\/producto\/poitrine-marinee-sechee\/#primaryimage"},"thumbnailUrl":"https:\/\/www.embutidosballesteros.es\/wp-content\/uploads\/2016\/11\/panceta-curada-adobada.jpg","datePublished":"2016-11-02T00:00:00+00:00","dateModified":"2021-03-02T14:00:12+00:00","description":"La poitrine est pr\u00e9par\u00e9e dans une marinade naturelle \u00e0 base de paprika AOC de La Vera (Estr\u00e9madure), de sel, d\u2019origan et d\u2019autres \u00e9pices","breadcrumb":{"@id":"https:\/\/www.embutidosballesteros.es\/fr\/producto\/poitrine-marinee-sechee\/#breadcrumb"},"inLanguage":"fr-FR","potentialAction":[{"@type":"ReadAction","target":["https:\/\/www.embutidosballesteros.es\/fr\/producto\/poitrine-marinee-sechee\/"]}]},{"@type":"ImageObject","inLanguage":"fr-FR","@id":"https:\/\/www.embutidosballesteros.es\/fr\/producto\/poitrine-marinee-sechee\/#primaryimage","url":"https:\/\/www.embutidosballesteros.es\/wp-content\/uploads\/2016\/11\/panceta-curada-adobada.jpg","contentUrl":"https:\/\/www.embutidosballesteros.es\/wp-content\/uploads\/2016\/11\/panceta-curada-adobada.jpg","width":800,"height":800,"caption":"Poitrine Marin\u00e9e S\u00e9ch\u00e9e"},{"@type":"BreadcrumbList","@id":"https:\/\/www.embutidosballesteros.es\/fr\/producto\/poitrine-marinee-sechee\/#breadcrumb","itemListElement":[{"@type":"ListItem","position":1,"name":"Portada","item":"https:\/\/www.embutidosballesteros.es\/fr\/"},{"@type":"ListItem","position":2,"name":"Boutique","item":"https:\/\/www.embutidosballesteros.es\/fr\/tienda\/"},{"@type":"ListItem","position":3,"name":"Poitrine Marin\u00e9e S\u00e9ch\u00e9e"}]},{"@type":"WebSite","@id":"https:\/\/www.embutidosballesteros.es\/fr\/#website","url":"https:\/\/www.embutidosballesteros.es\/fr\/","name":"Embutidos Ballesteros","description":"Embutidos y jamones de elaboraci\u00f3n propia","potentialAction":[{"@type":"SearchAction","target":{"@type":"EntryPoint","urlTemplate":"https:\/\/www.embutidosballesteros.es\/fr\/?s={search_term_string}"},"query-input":{"@type":"PropertyValueSpecification","valueRequired":true,"valueName":"search_term_string"}}],"inLanguage":"fr-FR"}]}},"_links":{"self":[{"href":"https:\/\/www.embutidosballesteros.es\/fr\/wp-json\/wp\/v2\/product\/6481","targetHints":{"allow":["GET"]}}],"collection":[{"href":"https:\/\/www.embutidosballesteros.es\/fr\/wp-json\/wp\/v2\/product"}],"about":[{"href":"https:\/\/www.embutidosballesteros.es\/fr\/wp-json\/wp\/v2\/types\/product"}],"wp:featuredmedia":[{"embeddable":true,"href":"https:\/\/www.embutidosballesteros.es\/fr\/wp-json\/wp\/v2\/media\/4680"}],"wp:attachment":[{"href":"https:\/\/www.embutidosballesteros.es\/fr\/wp-json\/wp\/v2\/media?parent=6481"}],"wp:term":[{"taxonomy":"product_brand","embeddable":true,"href":"https:\/\/www.embutidosballesteros.es\/fr\/wp-json\/wp\/v2\/product_brand?post=6481"},{"taxonomy":"product_cat","embeddable":true,"href":"https:\/\/www.embutidosballesteros.es\/fr\/wp-json\/wp\/v2\/product_cat?post=6481"},{"taxonomy":"product_tag","embeddable":true,"href":"https:\/\/www.embutidosballesteros.es\/fr\/wp-json\/wp\/v2\/product_tag?post=6481"}],"curies":[{"name":"wp","href":"https:\/\/api.w.org\/{rel}","templated":true}]}}