{"id":6490,"date":"2016-11-02T00:00:00","date_gmt":"2016-11-02T00:00:00","guid":{"rendered":"https:\/\/www.embutidosballesteros.es\/producto\/morcon-iberique-qualite-bellota\/"},"modified":"2021-03-02T16:21:22","modified_gmt":"2021-03-02T15:21:22","slug":"morcon-iberique-qualite-bellota","status":"publish","type":"product","link":"https:\/\/www.embutidosballesteros.es\/fr\/producto\/morcon-iberique-qualite-bellota\/","title":{"rendered":"Morc\u00f3n Ib\u00e9rique Qualit\u00e9 &#8220;Bellota&#8221;"},"content":{"rendered":"<p>Les ingr\u00e9dients utilis\u00e9s pour \u00e9laborer le \u201cmorc\u00f3n\u201d sont les pointes d\u2019\u00e9chine ib\u00e9rique d\u00e9coup\u00e9es et marin\u00e9es dans le fameux paprika AOC de La Vera (Estr\u00e9madure), de l\u2019ail et du sel. La viande est ensuite mise en boyau naturel ferm\u00e9e \u00e0 l\u2019aide d\u2019une cordelette en coton. La maturation naturelle est de six mois.<\/p>\n","protected":false},"excerpt":{"rendered":"<p>Le produit va de 1 \u00e0 1,2 kg.<\/p>\n<p><em>Preco: 13,80 \u20ac\/Kg<\/em><\/p>\n","protected":false},"featured_media":4700,"template":"","meta":[],"product_brand":[],"product_cat":[488,651],"product_tag":[574,554,534,535],"class_list":{"0":"post-6490","1":"product","2":"type-product","3":"status-publish","4":"has-post-thumbnail","6":"product_cat-delices-iberiques","7":"product_cat-morcon-iberique","8":"product_tag-embutidos-ballesteros-fr","9":"product_tag-morcon-fr","10":"product_tag-morcon-iberique","11":"product_tag-morcon-iberique-qualite-bellota","13":"first","14":"instock","15":"taxable","16":"shipping-taxable","17":"purchasable","18":"product-type-simple"},"yoast_head":"<!-- This site is optimized with the Yoast SEO plugin v27.4 - https:\/\/yoast.com\/product\/yoast-seo-wordpress\/ -->\n<title>Morc\u00f3n Ib\u00e9rique Qualit\u00e9 &quot;Bellota&quot; -Embutidos Ballesteros<\/title>\n<meta name=\"description\" content=\"Les ingr\u00e9dients utilis\u00e9s pour \u00e9laborer le \u201cmorc\u00f3n\u201d sont les pointes d\u2019\u00e9chine ib\u00e9rique d\u00e9coup\u00e9es et marin\u00e9es\" \/>\n<meta name=\"robots\" content=\"index, follow, max-snippet:-1, max-image-preview:large, max-video-preview:-1\" \/>\n<link rel=\"canonical\" href=\"https:\/\/www.embutidosballesteros.es\/fr\/producto\/morcon-iberique-qualite-bellota\/\" \/>\n<meta property=\"og:locale\" content=\"fr_FR\" \/>\n<meta property=\"og:type\" content=\"article\" \/>\n<meta property=\"og:title\" content=\"Morc\u00f3n Ib\u00e9rique Qualit\u00e9 &quot;Bellota&quot; -Embutidos Ballesteros\" \/>\n<meta property=\"og:description\" content=\"Les ingr\u00e9dients utilis\u00e9s pour \u00e9laborer le \u201cmorc\u00f3n\u201d sont les pointes d\u2019\u00e9chine ib\u00e9rique d\u00e9coup\u00e9es et marin\u00e9es\" \/>\n<meta property=\"og:url\" content=\"https:\/\/www.embutidosballesteros.es\/fr\/producto\/morcon-iberique-qualite-bellota\/\" \/>\n<meta property=\"og:site_name\" content=\"Embutidos Ballesteros\" \/>\n<meta property=\"article:modified_time\" content=\"2021-03-02T15:21:22+00:00\" \/>\n<meta property=\"og:image\" content=\"https:\/\/www.embutidosballesteros.es\/wp-content\/uploads\/2016\/11\/morcon-iberico-bellota.jpg\" \/>\n\t<meta property=\"og:image:width\" content=\"800\" \/>\n\t<meta property=\"og:image:height\" content=\"800\" \/>\n\t<meta property=\"og:image:type\" content=\"image\/jpeg\" \/>\n<meta name=\"twitter:card\" content=\"summary_large_image\" \/>\n<script type=\"application\/ld+json\" class=\"yoast-schema-graph\">{\"@context\":\"https:\\\/\\\/schema.org\",\"@graph\":[{\"@type\":\"WebPage\",\"@id\":\"https:\\\/\\\/www.embutidosballesteros.es\\\/fr\\\/producto\\\/morcon-iberique-qualite-bellota\\\/\",\"url\":\"https:\\\/\\\/www.embutidosballesteros.es\\\/fr\\\/producto\\\/morcon-iberique-qualite-bellota\\\/\",\"name\":\"Morc\u00f3n Ib\u00e9rique Qualit\u00e9 \\\"Bellota\\\" -Embutidos Ballesteros\",\"isPartOf\":{\"@id\":\"https:\\\/\\\/www.embutidosballesteros.es\\\/fr\\\/#website\"},\"primaryImageOfPage\":{\"@id\":\"https:\\\/\\\/www.embutidosballesteros.es\\\/fr\\\/producto\\\/morcon-iberique-qualite-bellota\\\/#primaryimage\"},\"image\":{\"@id\":\"https:\\\/\\\/www.embutidosballesteros.es\\\/fr\\\/producto\\\/morcon-iberique-qualite-bellota\\\/#primaryimage\"},\"thumbnailUrl\":\"https:\\\/\\\/www.embutidosballesteros.es\\\/wp-content\\\/uploads\\\/2016\\\/11\\\/morcon-iberico-bellota.jpg\",\"datePublished\":\"2016-11-02T00:00:00+00:00\",\"dateModified\":\"2021-03-02T15:21:22+00:00\",\"description\":\"Les ingr\u00e9dients utilis\u00e9s pour \u00e9laborer le \u201cmorc\u00f3n\u201d sont les pointes d\u2019\u00e9chine ib\u00e9rique d\u00e9coup\u00e9es et marin\u00e9es\",\"breadcrumb\":{\"@id\":\"https:\\\/\\\/www.embutidosballesteros.es\\\/fr\\\/producto\\\/morcon-iberique-qualite-bellota\\\/#breadcrumb\"},\"inLanguage\":\"fr-FR\",\"potentialAction\":[{\"@type\":\"ReadAction\",\"target\":[\"https:\\\/\\\/www.embutidosballesteros.es\\\/fr\\\/producto\\\/morcon-iberique-qualite-bellota\\\/\"]}]},{\"@type\":\"ImageObject\",\"inLanguage\":\"fr-FR\",\"@id\":\"https:\\\/\\\/www.embutidosballesteros.es\\\/fr\\\/producto\\\/morcon-iberique-qualite-bellota\\\/#primaryimage\",\"url\":\"https:\\\/\\\/www.embutidosballesteros.es\\\/wp-content\\\/uploads\\\/2016\\\/11\\\/morcon-iberico-bellota.jpg\",\"contentUrl\":\"https:\\\/\\\/www.embutidosballesteros.es\\\/wp-content\\\/uploads\\\/2016\\\/11\\\/morcon-iberico-bellota.jpg\",\"width\":800,\"height\":800,\"caption\":\"Morc\u00f3n Ib\u00e9rique Qualit\u00e9 \\\"Bellota\\\"\"},{\"@type\":\"BreadcrumbList\",\"@id\":\"https:\\\/\\\/www.embutidosballesteros.es\\\/fr\\\/producto\\\/morcon-iberique-qualite-bellota\\\/#breadcrumb\",\"itemListElement\":[{\"@type\":\"ListItem\",\"position\":1,\"name\":\"Portada\",\"item\":\"https:\\\/\\\/www.embutidosballesteros.es\\\/fr\\\/\"},{\"@type\":\"ListItem\",\"position\":2,\"name\":\"Boutique\",\"item\":\"https:\\\/\\\/www.embutidosballesteros.es\\\/fr\\\/tienda\\\/\"},{\"@type\":\"ListItem\",\"position\":3,\"name\":\"Morc\u00f3n Ib\u00e9rique Qualit\u00e9 &#8220;Bellota&#8221;\"}]},{\"@type\":\"WebSite\",\"@id\":\"https:\\\/\\\/www.embutidosballesteros.es\\\/fr\\\/#website\",\"url\":\"https:\\\/\\\/www.embutidosballesteros.es\\\/fr\\\/\",\"name\":\"Embutidos Ballesteros\",\"description\":\"Embutidos y jamones de elaboraci\u00f3n propia\",\"potentialAction\":[{\"@type\":\"SearchAction\",\"target\":{\"@type\":\"EntryPoint\",\"urlTemplate\":\"https:\\\/\\\/www.embutidosballesteros.es\\\/fr\\\/?s={search_term_string}\"},\"query-input\":{\"@type\":\"PropertyValueSpecification\",\"valueRequired\":true,\"valueName\":\"search_term_string\"}}],\"inLanguage\":\"fr-FR\"}]}<\/script>\n<!-- \/ Yoast SEO plugin. -->","yoast_head_json":{"title":"Morc\u00f3n Ib\u00e9rique Qualit\u00e9 \"Bellota\" -Embutidos Ballesteros","description":"Les ingr\u00e9dients utilis\u00e9s pour \u00e9laborer le \u201cmorc\u00f3n\u201d sont les pointes d\u2019\u00e9chine ib\u00e9rique d\u00e9coup\u00e9es et marin\u00e9es","robots":{"index":"index","follow":"follow","max-snippet":"max-snippet:-1","max-image-preview":"max-image-preview:large","max-video-preview":"max-video-preview:-1"},"canonical":"https:\/\/www.embutidosballesteros.es\/fr\/producto\/morcon-iberique-qualite-bellota\/","og_locale":"fr_FR","og_type":"article","og_title":"Morc\u00f3n Ib\u00e9rique Qualit\u00e9 \"Bellota\" -Embutidos Ballesteros","og_description":"Les ingr\u00e9dients utilis\u00e9s pour \u00e9laborer le \u201cmorc\u00f3n\u201d sont les pointes d\u2019\u00e9chine ib\u00e9rique d\u00e9coup\u00e9es et marin\u00e9es","og_url":"https:\/\/www.embutidosballesteros.es\/fr\/producto\/morcon-iberique-qualite-bellota\/","og_site_name":"Embutidos Ballesteros","article_modified_time":"2021-03-02T15:21:22+00:00","og_image":[{"width":800,"height":800,"url":"https:\/\/www.embutidosballesteros.es\/wp-content\/uploads\/2016\/11\/morcon-iberico-bellota.jpg","type":"image\/jpeg"}],"twitter_card":"summary_large_image","schema":{"@context":"https:\/\/schema.org","@graph":[{"@type":"WebPage","@id":"https:\/\/www.embutidosballesteros.es\/fr\/producto\/morcon-iberique-qualite-bellota\/","url":"https:\/\/www.embutidosballesteros.es\/fr\/producto\/morcon-iberique-qualite-bellota\/","name":"Morc\u00f3n Ib\u00e9rique Qualit\u00e9 \"Bellota\" -Embutidos Ballesteros","isPartOf":{"@id":"https:\/\/www.embutidosballesteros.es\/fr\/#website"},"primaryImageOfPage":{"@id":"https:\/\/www.embutidosballesteros.es\/fr\/producto\/morcon-iberique-qualite-bellota\/#primaryimage"},"image":{"@id":"https:\/\/www.embutidosballesteros.es\/fr\/producto\/morcon-iberique-qualite-bellota\/#primaryimage"},"thumbnailUrl":"https:\/\/www.embutidosballesteros.es\/wp-content\/uploads\/2016\/11\/morcon-iberico-bellota.jpg","datePublished":"2016-11-02T00:00:00+00:00","dateModified":"2021-03-02T15:21:22+00:00","description":"Les ingr\u00e9dients utilis\u00e9s pour \u00e9laborer le \u201cmorc\u00f3n\u201d sont les pointes d\u2019\u00e9chine ib\u00e9rique d\u00e9coup\u00e9es et marin\u00e9es","breadcrumb":{"@id":"https:\/\/www.embutidosballesteros.es\/fr\/producto\/morcon-iberique-qualite-bellota\/#breadcrumb"},"inLanguage":"fr-FR","potentialAction":[{"@type":"ReadAction","target":["https:\/\/www.embutidosballesteros.es\/fr\/producto\/morcon-iberique-qualite-bellota\/"]}]},{"@type":"ImageObject","inLanguage":"fr-FR","@id":"https:\/\/www.embutidosballesteros.es\/fr\/producto\/morcon-iberique-qualite-bellota\/#primaryimage","url":"https:\/\/www.embutidosballesteros.es\/wp-content\/uploads\/2016\/11\/morcon-iberico-bellota.jpg","contentUrl":"https:\/\/www.embutidosballesteros.es\/wp-content\/uploads\/2016\/11\/morcon-iberico-bellota.jpg","width":800,"height":800,"caption":"Morc\u00f3n Ib\u00e9rique Qualit\u00e9 \"Bellota\""},{"@type":"BreadcrumbList","@id":"https:\/\/www.embutidosballesteros.es\/fr\/producto\/morcon-iberique-qualite-bellota\/#breadcrumb","itemListElement":[{"@type":"ListItem","position":1,"name":"Portada","item":"https:\/\/www.embutidosballesteros.es\/fr\/"},{"@type":"ListItem","position":2,"name":"Boutique","item":"https:\/\/www.embutidosballesteros.es\/fr\/tienda\/"},{"@type":"ListItem","position":3,"name":"Morc\u00f3n Ib\u00e9rique Qualit\u00e9 &#8220;Bellota&#8221;"}]},{"@type":"WebSite","@id":"https:\/\/www.embutidosballesteros.es\/fr\/#website","url":"https:\/\/www.embutidosballesteros.es\/fr\/","name":"Embutidos Ballesteros","description":"Embutidos y jamones de elaboraci\u00f3n propia","potentialAction":[{"@type":"SearchAction","target":{"@type":"EntryPoint","urlTemplate":"https:\/\/www.embutidosballesteros.es\/fr\/?s={search_term_string}"},"query-input":{"@type":"PropertyValueSpecification","valueRequired":true,"valueName":"search_term_string"}}],"inLanguage":"fr-FR"}]}},"_links":{"self":[{"href":"https:\/\/www.embutidosballesteros.es\/fr\/wp-json\/wp\/v2\/product\/6490","targetHints":{"allow":["GET"]}}],"collection":[{"href":"https:\/\/www.embutidosballesteros.es\/fr\/wp-json\/wp\/v2\/product"}],"about":[{"href":"https:\/\/www.embutidosballesteros.es\/fr\/wp-json\/wp\/v2\/types\/product"}],"wp:featuredmedia":[{"embeddable":true,"href":"https:\/\/www.embutidosballesteros.es\/fr\/wp-json\/wp\/v2\/media\/4700"}],"wp:attachment":[{"href":"https:\/\/www.embutidosballesteros.es\/fr\/wp-json\/wp\/v2\/media?parent=6490"}],"wp:term":[{"taxonomy":"product_brand","embeddable":true,"href":"https:\/\/www.embutidosballesteros.es\/fr\/wp-json\/wp\/v2\/product_brand?post=6490"},{"taxonomy":"product_cat","embeddable":true,"href":"https:\/\/www.embutidosballesteros.es\/fr\/wp-json\/wp\/v2\/product_cat?post=6490"},{"taxonomy":"product_tag","embeddable":true,"href":"https:\/\/www.embutidosballesteros.es\/fr\/wp-json\/wp\/v2\/product_tag?post=6490"}],"curies":[{"name":"wp","href":"https:\/\/api.w.org\/{rel}","templated":true}]}}