{"id":6491,"date":"2016-11-02T00:00:00","date_gmt":"2016-11-01T23:00:00","guid":{"rendered":"https:\/\/www.embutidosballesteros.es\/producto\/petit-lomo-iberique-qualite-bellota\/"},"modified":"2021-03-02T16:19:54","modified_gmt":"2021-03-02T15:19:54","slug":"petit-lomo-iberique-qualite-bellota","status":"publish","type":"product","link":"https:\/\/www.embutidosballesteros.es\/fr\/producto\/petit-lomo-iberique-qualite-bellota\/","title":{"rendered":"Petit Lomo Ib\u00e9rique Qualit\u00e9 &#8220;Bellota&#8221;"},"content":{"rendered":"<p>La pointe d\u2019\u00e9chine ib\u00e9rique, petit lomo ib\u00e9rique qualit\u00e9 \u201cbellota\u201d ou le \u201cjabuguito de bellota\u201d, selon son origine g\u00e9ographique, est en r\u00e9alit\u00e9 la m\u00eame chose et provient d\u2019une partie du porc appel\u00e9e \u201cpresa\u201d (entre le pointe de l\u2019\u00e9chine et la palette). Ce produit est fabriqu\u00e9e avec ce morceau de viande, la \u201cpresa\u201d, du sel et des \u00e9pices. La p\u00e9riode de maturation est de deux mois. <\/p>\n","protected":false},"excerpt":{"rendered":"<p>Le produit se situe entre 0,25 et 0,35 kg et entre 0,35 et 0,45 kg<\/p>\n<p><em>Prix: 40,00 \u20ac\/Kg<\/em><\/p>\n","protected":false},"featured_media":4694,"template":"","meta":[],"product_brand":[],"product_cat":[488,645],"product_tag":[579,580,574,561],"class_list":{"0":"post-6491","1":"product","2":"type-product","3":"status-publish","4":"has-post-thumbnail","6":"product_cat-delices-iberiques","7":"product_cat-petit-lomo-iberique","8":"product_tag-echine-iberique","9":"product_tag-echine-iberique-qualite-bellota","10":"product_tag-embutidos-ballesteros-fr","11":"product_tag-lomo-fr","13":"first","14":"instock","15":"taxable","16":"shipping-taxable","17":"purchasable","18":"product-type-variable","19":"has-default-attributes"},"yoast_head":"<!-- This site is optimized with the Yoast SEO plugin v27.4 - https:\/\/yoast.com\/product\/yoast-seo-wordpress\/ -->\n<title>Petit Lomo Ib\u00e9rique Qualit\u00e9 &quot;Bellota&quot; - Embutidos Ballesteros<\/title>\n<meta name=\"description\" content=\"Petit Lomo Ib\u00e9rique Qualit\u00e9 &quot;Bellota&quot; - Embutidos Ballesteros\" \/>\n<meta name=\"robots\" content=\"index, follow, max-snippet:-1, max-image-preview:large, max-video-preview:-1\" \/>\n<link rel=\"canonical\" href=\"https:\/\/www.embutidosballesteros.es\/fr\/producto\/petit-lomo-iberique-qualite-bellota\/\" \/>\n<meta property=\"og:locale\" content=\"fr_FR\" \/>\n<meta property=\"og:type\" content=\"article\" \/>\n<meta property=\"og:title\" content=\"Petit Lomo Ib\u00e9rique Qualit\u00e9 &quot;Bellota&quot; - Embutidos Ballesteros\" \/>\n<meta property=\"og:description\" content=\"Petit Lomo Ib\u00e9rique Qualit\u00e9 &quot;Bellota&quot; - Embutidos Ballesteros\" \/>\n<meta property=\"og:url\" content=\"https:\/\/www.embutidosballesteros.es\/fr\/producto\/petit-lomo-iberique-qualite-bellota\/\" \/>\n<meta property=\"og:site_name\" content=\"Embutidos Ballesteros\" \/>\n<meta property=\"article:modified_time\" content=\"2021-03-02T15:19:54+00:00\" \/>\n<meta property=\"og:image\" content=\"https:\/\/www.embutidosballesteros.es\/wp-content\/uploads\/2018\/06\/lomito-iberico-de-bellota.jpg\" \/>\n\t<meta property=\"og:image:width\" content=\"800\" \/>\n\t<meta property=\"og:image:height\" content=\"800\" \/>\n\t<meta property=\"og:image:type\" content=\"image\/jpeg\" \/>\n<meta name=\"twitter:card\" content=\"summary_large_image\" \/>\n<script type=\"application\/ld+json\" class=\"yoast-schema-graph\">{\"@context\":\"https:\\\/\\\/schema.org\",\"@graph\":[{\"@type\":\"WebPage\",\"@id\":\"https:\\\/\\\/www.embutidosballesteros.es\\\/fr\\\/producto\\\/petit-lomo-iberique-qualite-bellota\\\/\",\"url\":\"https:\\\/\\\/www.embutidosballesteros.es\\\/fr\\\/producto\\\/petit-lomo-iberique-qualite-bellota\\\/\",\"name\":\"Petit Lomo Ib\u00e9rique Qualit\u00e9 \\\"Bellota\\\" - Embutidos Ballesteros\",\"isPartOf\":{\"@id\":\"https:\\\/\\\/www.embutidosballesteros.es\\\/fr\\\/#website\"},\"primaryImageOfPage\":{\"@id\":\"https:\\\/\\\/www.embutidosballesteros.es\\\/fr\\\/producto\\\/petit-lomo-iberique-qualite-bellota\\\/#primaryimage\"},\"image\":{\"@id\":\"https:\\\/\\\/www.embutidosballesteros.es\\\/fr\\\/producto\\\/petit-lomo-iberique-qualite-bellota\\\/#primaryimage\"},\"thumbnailUrl\":\"https:\\\/\\\/www.embutidosballesteros.es\\\/wp-content\\\/uploads\\\/2018\\\/06\\\/lomito-iberico-de-bellota.jpg\",\"datePublished\":\"2016-11-01T23:00:00+00:00\",\"dateModified\":\"2021-03-02T15:19:54+00:00\",\"description\":\"Petit Lomo Ib\u00e9rique Qualit\u00e9 \\\"Bellota\\\" - Embutidos Ballesteros\",\"breadcrumb\":{\"@id\":\"https:\\\/\\\/www.embutidosballesteros.es\\\/fr\\\/producto\\\/petit-lomo-iberique-qualite-bellota\\\/#breadcrumb\"},\"inLanguage\":\"fr-FR\",\"potentialAction\":[{\"@type\":\"ReadAction\",\"target\":[\"https:\\\/\\\/www.embutidosballesteros.es\\\/fr\\\/producto\\\/petit-lomo-iberique-qualite-bellota\\\/\"]}]},{\"@type\":\"ImageObject\",\"inLanguage\":\"fr-FR\",\"@id\":\"https:\\\/\\\/www.embutidosballesteros.es\\\/fr\\\/producto\\\/petit-lomo-iberique-qualite-bellota\\\/#primaryimage\",\"url\":\"https:\\\/\\\/www.embutidosballesteros.es\\\/wp-content\\\/uploads\\\/2018\\\/06\\\/lomito-iberico-de-bellota.jpg\",\"contentUrl\":\"https:\\\/\\\/www.embutidosballesteros.es\\\/wp-content\\\/uploads\\\/2018\\\/06\\\/lomito-iberico-de-bellota.jpg\",\"width\":800,\"height\":800,\"caption\":\"Petit Lomo Ib\u00e9rique Qualit\u00e9 \\\"Bellota\\\"\"},{\"@type\":\"BreadcrumbList\",\"@id\":\"https:\\\/\\\/www.embutidosballesteros.es\\\/fr\\\/producto\\\/petit-lomo-iberique-qualite-bellota\\\/#breadcrumb\",\"itemListElement\":[{\"@type\":\"ListItem\",\"position\":1,\"name\":\"Portada\",\"item\":\"https:\\\/\\\/www.embutidosballesteros.es\\\/fr\\\/\"},{\"@type\":\"ListItem\",\"position\":2,\"name\":\"Boutique\",\"item\":\"https:\\\/\\\/www.embutidosballesteros.es\\\/fr\\\/tienda\\\/\"},{\"@type\":\"ListItem\",\"position\":3,\"name\":\"Petit Lomo Ib\u00e9rique Qualit\u00e9 &#8220;Bellota&#8221;\"}]},{\"@type\":\"WebSite\",\"@id\":\"https:\\\/\\\/www.embutidosballesteros.es\\\/fr\\\/#website\",\"url\":\"https:\\\/\\\/www.embutidosballesteros.es\\\/fr\\\/\",\"name\":\"Embutidos Ballesteros\",\"description\":\"Embutidos y jamones de elaboraci\u00f3n propia\",\"potentialAction\":[{\"@type\":\"SearchAction\",\"target\":{\"@type\":\"EntryPoint\",\"urlTemplate\":\"https:\\\/\\\/www.embutidosballesteros.es\\\/fr\\\/?s={search_term_string}\"},\"query-input\":{\"@type\":\"PropertyValueSpecification\",\"valueRequired\":true,\"valueName\":\"search_term_string\"}}],\"inLanguage\":\"fr-FR\"}]}<\/script>\n<!-- \/ Yoast SEO plugin. -->","yoast_head_json":{"title":"Petit Lomo Ib\u00e9rique Qualit\u00e9 \"Bellota\" - Embutidos Ballesteros","description":"Petit Lomo Ib\u00e9rique Qualit\u00e9 \"Bellota\" - Embutidos Ballesteros","robots":{"index":"index","follow":"follow","max-snippet":"max-snippet:-1","max-image-preview":"max-image-preview:large","max-video-preview":"max-video-preview:-1"},"canonical":"https:\/\/www.embutidosballesteros.es\/fr\/producto\/petit-lomo-iberique-qualite-bellota\/","og_locale":"fr_FR","og_type":"article","og_title":"Petit Lomo Ib\u00e9rique Qualit\u00e9 \"Bellota\" - Embutidos Ballesteros","og_description":"Petit Lomo Ib\u00e9rique Qualit\u00e9 \"Bellota\" - Embutidos Ballesteros","og_url":"https:\/\/www.embutidosballesteros.es\/fr\/producto\/petit-lomo-iberique-qualite-bellota\/","og_site_name":"Embutidos Ballesteros","article_modified_time":"2021-03-02T15:19:54+00:00","og_image":[{"width":800,"height":800,"url":"https:\/\/www.embutidosballesteros.es\/wp-content\/uploads\/2018\/06\/lomito-iberico-de-bellota.jpg","type":"image\/jpeg"}],"twitter_card":"summary_large_image","schema":{"@context":"https:\/\/schema.org","@graph":[{"@type":"WebPage","@id":"https:\/\/www.embutidosballesteros.es\/fr\/producto\/petit-lomo-iberique-qualite-bellota\/","url":"https:\/\/www.embutidosballesteros.es\/fr\/producto\/petit-lomo-iberique-qualite-bellota\/","name":"Petit Lomo Ib\u00e9rique Qualit\u00e9 \"Bellota\" - Embutidos Ballesteros","isPartOf":{"@id":"https:\/\/www.embutidosballesteros.es\/fr\/#website"},"primaryImageOfPage":{"@id":"https:\/\/www.embutidosballesteros.es\/fr\/producto\/petit-lomo-iberique-qualite-bellota\/#primaryimage"},"image":{"@id":"https:\/\/www.embutidosballesteros.es\/fr\/producto\/petit-lomo-iberique-qualite-bellota\/#primaryimage"},"thumbnailUrl":"https:\/\/www.embutidosballesteros.es\/wp-content\/uploads\/2018\/06\/lomito-iberico-de-bellota.jpg","datePublished":"2016-11-01T23:00:00+00:00","dateModified":"2021-03-02T15:19:54+00:00","description":"Petit Lomo Ib\u00e9rique Qualit\u00e9 \"Bellota\" - Embutidos Ballesteros","breadcrumb":{"@id":"https:\/\/www.embutidosballesteros.es\/fr\/producto\/petit-lomo-iberique-qualite-bellota\/#breadcrumb"},"inLanguage":"fr-FR","potentialAction":[{"@type":"ReadAction","target":["https:\/\/www.embutidosballesteros.es\/fr\/producto\/petit-lomo-iberique-qualite-bellota\/"]}]},{"@type":"ImageObject","inLanguage":"fr-FR","@id":"https:\/\/www.embutidosballesteros.es\/fr\/producto\/petit-lomo-iberique-qualite-bellota\/#primaryimage","url":"https:\/\/www.embutidosballesteros.es\/wp-content\/uploads\/2018\/06\/lomito-iberico-de-bellota.jpg","contentUrl":"https:\/\/www.embutidosballesteros.es\/wp-content\/uploads\/2018\/06\/lomito-iberico-de-bellota.jpg","width":800,"height":800,"caption":"Petit Lomo Ib\u00e9rique Qualit\u00e9 \"Bellota\""},{"@type":"BreadcrumbList","@id":"https:\/\/www.embutidosballesteros.es\/fr\/producto\/petit-lomo-iberique-qualite-bellota\/#breadcrumb","itemListElement":[{"@type":"ListItem","position":1,"name":"Portada","item":"https:\/\/www.embutidosballesteros.es\/fr\/"},{"@type":"ListItem","position":2,"name":"Boutique","item":"https:\/\/www.embutidosballesteros.es\/fr\/tienda\/"},{"@type":"ListItem","position":3,"name":"Petit Lomo Ib\u00e9rique Qualit\u00e9 &#8220;Bellota&#8221;"}]},{"@type":"WebSite","@id":"https:\/\/www.embutidosballesteros.es\/fr\/#website","url":"https:\/\/www.embutidosballesteros.es\/fr\/","name":"Embutidos Ballesteros","description":"Embutidos y jamones de elaboraci\u00f3n propia","potentialAction":[{"@type":"SearchAction","target":{"@type":"EntryPoint","urlTemplate":"https:\/\/www.embutidosballesteros.es\/fr\/?s={search_term_string}"},"query-input":{"@type":"PropertyValueSpecification","valueRequired":true,"valueName":"search_term_string"}}],"inLanguage":"fr-FR"}]}},"_links":{"self":[{"href":"https:\/\/www.embutidosballesteros.es\/fr\/wp-json\/wp\/v2\/product\/6491","targetHints":{"allow":["GET"]}}],"collection":[{"href":"https:\/\/www.embutidosballesteros.es\/fr\/wp-json\/wp\/v2\/product"}],"about":[{"href":"https:\/\/www.embutidosballesteros.es\/fr\/wp-json\/wp\/v2\/types\/product"}],"wp:featuredmedia":[{"embeddable":true,"href":"https:\/\/www.embutidosballesteros.es\/fr\/wp-json\/wp\/v2\/media\/4694"}],"wp:attachment":[{"href":"https:\/\/www.embutidosballesteros.es\/fr\/wp-json\/wp\/v2\/media?parent=6491"}],"wp:term":[{"taxonomy":"product_brand","embeddable":true,"href":"https:\/\/www.embutidosballesteros.es\/fr\/wp-json\/wp\/v2\/product_brand?post=6491"},{"taxonomy":"product_cat","embeddable":true,"href":"https:\/\/www.embutidosballesteros.es\/fr\/wp-json\/wp\/v2\/product_cat?post=6491"},{"taxonomy":"product_tag","embeddable":true,"href":"https:\/\/www.embutidosballesteros.es\/fr\/wp-json\/wp\/v2\/product_tag?post=6491"}],"curies":[{"name":"wp","href":"https:\/\/api.w.org\/{rel}","templated":true}]}}