{"id":6494,"date":"2016-11-02T00:00:00","date_gmt":"2016-11-01T23:00:00","guid":{"rendered":"https:\/\/www.embutidosballesteros.es\/producto\/fromage-a-base-de-laits-melanges-semi-affine\/"},"modified":"2021-03-02T17:01:02","modified_gmt":"2021-03-02T16:01:02","slug":"fromage-a-base-de-laits-melanges-semi-affine","status":"publish","type":"product","link":"https:\/\/www.embutidosballesteros.es\/fr\/producto\/fromage-a-base-de-laits-melanges-semi-affine\/","title":{"rendered":"Fromage \u00c1 Base de Laits M\u00e9lang\u00e9s Semi Affin\u00e9"},"content":{"rendered":"<p>Ce fromage est \u00e9labor\u00e9 avec du lait pasteuris\u00e9 de vache (35%), de brebis (30%) et de ch\u00e8vre (20%). Pour son \u00e9laboration, on utilise aussi du sel, de la pr\u00e9sure et des ferments lactiques. <\/p>\n","protected":false},"excerpt":{"rendered":"<p>Nous le vendons en morceaux de 0,75 kg (quart) ou 1,5 kg (moyen) ou 3 kg (entier).<\/p>\n<p><em>Prix: 8,85 \u20ac\/Kg<\/em><\/p>\n","protected":false},"featured_media":15827,"template":"","meta":[],"product_brand":[],"product_cat":[489,665],"product_tag":[508,540,522,566],"class_list":{"0":"post-6494","1":"product","2":"type-product","3":"status-publish","4":"has-post-thumbnail","6":"product_cat-fromages","7":"product_cat-melanges","8":"product_tag-ballesteros-fr","9":"product_tag-fromage","10":"product_tag-ibelier-fr","11":"product_tag-melange","13":"first","14":"instock","15":"taxable","16":"shipping-taxable","17":"purchasable","18":"product-type-variable"},"yoast_head":"<!-- This site is optimized with the Yoast SEO plugin v27.5 - https:\/\/yoast.com\/product\/yoast-seo-wordpress\/ -->\n<title>Fromage \u00c1 Base de Laits M\u00e9lang\u00e9s Semi Affin\u00e9 - Embutidos Ballesteros<\/title>\n<meta name=\"description\" content=\"Ce fromage est \u00e9labor\u00e9 avec du lait pasteuris\u00e9 de vache (35%), de brebis (30%) et de ch\u00e8vre (20%). Pour son \u00e9laboration\" \/>\n<meta name=\"robots\" content=\"index, follow, max-snippet:-1, max-image-preview:large, max-video-preview:-1\" \/>\n<link rel=\"canonical\" href=\"https:\/\/www.embutidosballesteros.es\/fr\/producto\/fromage-a-base-de-laits-melanges-semi-affine\/\" \/>\n<meta property=\"og:locale\" content=\"fr_FR\" \/>\n<meta property=\"og:type\" content=\"article\" \/>\n<meta property=\"og:title\" content=\"Fromage \u00c1 Base de Laits M\u00e9lang\u00e9s Semi Affin\u00e9 - Embutidos Ballesteros\" \/>\n<meta property=\"og:description\" content=\"Ce fromage est \u00e9labor\u00e9 avec du lait pasteuris\u00e9 de vache (35%), de brebis (30%) et de ch\u00e8vre (20%). Pour son \u00e9laboration\" \/>\n<meta property=\"og:url\" content=\"https:\/\/www.embutidosballesteros.es\/fr\/producto\/fromage-a-base-de-laits-melanges-semi-affine\/\" \/>\n<meta property=\"og:site_name\" content=\"Embutidos Ballesteros\" \/>\n<meta property=\"article:modified_time\" content=\"2021-03-02T16:01:02+00:00\" \/>\n<meta property=\"og:image\" content=\"https:\/\/www.embutidosballesteros.es\/wp-content\/uploads\/2018\/06\/queso_mezcla_semicurado.jpg\" \/>\n\t<meta property=\"og:image:width\" content=\"960\" \/>\n\t<meta property=\"og:image:height\" content=\"720\" \/>\n\t<meta property=\"og:image:type\" content=\"image\/jpeg\" \/>\n<meta name=\"twitter:card\" content=\"summary_large_image\" \/>\n<script type=\"application\/ld+json\" class=\"yoast-schema-graph\">{\"@context\":\"https:\\\/\\\/schema.org\",\"@graph\":[{\"@type\":\"WebPage\",\"@id\":\"https:\\\/\\\/www.embutidosballesteros.es\\\/fr\\\/producto\\\/fromage-a-base-de-laits-melanges-semi-affine\\\/\",\"url\":\"https:\\\/\\\/www.embutidosballesteros.es\\\/fr\\\/producto\\\/fromage-a-base-de-laits-melanges-semi-affine\\\/\",\"name\":\"Fromage \u00c1 Base de Laits M\u00e9lang\u00e9s Semi Affin\u00e9 - Embutidos Ballesteros\",\"isPartOf\":{\"@id\":\"https:\\\/\\\/www.embutidosballesteros.es\\\/fr\\\/#website\"},\"primaryImageOfPage\":{\"@id\":\"https:\\\/\\\/www.embutidosballesteros.es\\\/fr\\\/producto\\\/fromage-a-base-de-laits-melanges-semi-affine\\\/#primaryimage\"},\"image\":{\"@id\":\"https:\\\/\\\/www.embutidosballesteros.es\\\/fr\\\/producto\\\/fromage-a-base-de-laits-melanges-semi-affine\\\/#primaryimage\"},\"thumbnailUrl\":\"https:\\\/\\\/www.embutidosballesteros.es\\\/wp-content\\\/uploads\\\/2018\\\/06\\\/queso_mezcla_semicurado.jpg\",\"datePublished\":\"2016-11-01T23:00:00+00:00\",\"dateModified\":\"2021-03-02T16:01:02+00:00\",\"description\":\"Ce fromage est \u00e9labor\u00e9 avec du lait pasteuris\u00e9 de vache (35%), de brebis (30%) et de ch\u00e8vre (20%). Pour son \u00e9laboration\",\"breadcrumb\":{\"@id\":\"https:\\\/\\\/www.embutidosballesteros.es\\\/fr\\\/producto\\\/fromage-a-base-de-laits-melanges-semi-affine\\\/#breadcrumb\"},\"inLanguage\":\"fr-FR\",\"potentialAction\":[{\"@type\":\"ReadAction\",\"target\":[\"https:\\\/\\\/www.embutidosballesteros.es\\\/fr\\\/producto\\\/fromage-a-base-de-laits-melanges-semi-affine\\\/\"]}]},{\"@type\":\"ImageObject\",\"inLanguage\":\"fr-FR\",\"@id\":\"https:\\\/\\\/www.embutidosballesteros.es\\\/fr\\\/producto\\\/fromage-a-base-de-laits-melanges-semi-affine\\\/#primaryimage\",\"url\":\"https:\\\/\\\/www.embutidosballesteros.es\\\/wp-content\\\/uploads\\\/2018\\\/06\\\/queso_mezcla_semicurado.jpg\",\"contentUrl\":\"https:\\\/\\\/www.embutidosballesteros.es\\\/wp-content\\\/uploads\\\/2018\\\/06\\\/queso_mezcla_semicurado.jpg\",\"width\":960,\"height\":720,\"caption\":\"Queso mezcla oveja - vaca semicurado de Embutidos Ballesteros\"},{\"@type\":\"BreadcrumbList\",\"@id\":\"https:\\\/\\\/www.embutidosballesteros.es\\\/fr\\\/producto\\\/fromage-a-base-de-laits-melanges-semi-affine\\\/#breadcrumb\",\"itemListElement\":[{\"@type\":\"ListItem\",\"position\":1,\"name\":\"Portada\",\"item\":\"https:\\\/\\\/www.embutidosballesteros.es\\\/fr\\\/\"},{\"@type\":\"ListItem\",\"position\":2,\"name\":\"Boutique\",\"item\":\"https:\\\/\\\/www.embutidosballesteros.es\\\/fr\\\/tienda\\\/\"},{\"@type\":\"ListItem\",\"position\":3,\"name\":\"Fromage \u00c1 Base de Laits M\u00e9lang\u00e9s Semi Affin\u00e9\"}]},{\"@type\":\"WebSite\",\"@id\":\"https:\\\/\\\/www.embutidosballesteros.es\\\/fr\\\/#website\",\"url\":\"https:\\\/\\\/www.embutidosballesteros.es\\\/fr\\\/\",\"name\":\"Embutidos Ballesteros\",\"description\":\"Embutidos y jamones de elaboraci\u00f3n propia\",\"potentialAction\":[{\"@type\":\"SearchAction\",\"target\":{\"@type\":\"EntryPoint\",\"urlTemplate\":\"https:\\\/\\\/www.embutidosballesteros.es\\\/fr\\\/?s={search_term_string}\"},\"query-input\":{\"@type\":\"PropertyValueSpecification\",\"valueRequired\":true,\"valueName\":\"search_term_string\"}}],\"inLanguage\":\"fr-FR\"}]}<\/script>\n<!-- \/ Yoast SEO plugin. -->","yoast_head_json":{"title":"Fromage \u00c1 Base de Laits M\u00e9lang\u00e9s Semi Affin\u00e9 - Embutidos Ballesteros","description":"Ce fromage est \u00e9labor\u00e9 avec du lait pasteuris\u00e9 de vache (35%), de brebis (30%) et de ch\u00e8vre (20%). Pour son \u00e9laboration","robots":{"index":"index","follow":"follow","max-snippet":"max-snippet:-1","max-image-preview":"max-image-preview:large","max-video-preview":"max-video-preview:-1"},"canonical":"https:\/\/www.embutidosballesteros.es\/fr\/producto\/fromage-a-base-de-laits-melanges-semi-affine\/","og_locale":"fr_FR","og_type":"article","og_title":"Fromage \u00c1 Base de Laits M\u00e9lang\u00e9s Semi Affin\u00e9 - Embutidos Ballesteros","og_description":"Ce fromage est \u00e9labor\u00e9 avec du lait pasteuris\u00e9 de vache (35%), de brebis (30%) et de ch\u00e8vre (20%). Pour son \u00e9laboration","og_url":"https:\/\/www.embutidosballesteros.es\/fr\/producto\/fromage-a-base-de-laits-melanges-semi-affine\/","og_site_name":"Embutidos Ballesteros","article_modified_time":"2021-03-02T16:01:02+00:00","og_image":[{"width":960,"height":720,"url":"https:\/\/www.embutidosballesteros.es\/wp-content\/uploads\/2018\/06\/queso_mezcla_semicurado.jpg","type":"image\/jpeg"}],"twitter_card":"summary_large_image","schema":{"@context":"https:\/\/schema.org","@graph":[{"@type":"WebPage","@id":"https:\/\/www.embutidosballesteros.es\/fr\/producto\/fromage-a-base-de-laits-melanges-semi-affine\/","url":"https:\/\/www.embutidosballesteros.es\/fr\/producto\/fromage-a-base-de-laits-melanges-semi-affine\/","name":"Fromage \u00c1 Base de Laits M\u00e9lang\u00e9s Semi Affin\u00e9 - Embutidos Ballesteros","isPartOf":{"@id":"https:\/\/www.embutidosballesteros.es\/fr\/#website"},"primaryImageOfPage":{"@id":"https:\/\/www.embutidosballesteros.es\/fr\/producto\/fromage-a-base-de-laits-melanges-semi-affine\/#primaryimage"},"image":{"@id":"https:\/\/www.embutidosballesteros.es\/fr\/producto\/fromage-a-base-de-laits-melanges-semi-affine\/#primaryimage"},"thumbnailUrl":"https:\/\/www.embutidosballesteros.es\/wp-content\/uploads\/2018\/06\/queso_mezcla_semicurado.jpg","datePublished":"2016-11-01T23:00:00+00:00","dateModified":"2021-03-02T16:01:02+00:00","description":"Ce fromage est \u00e9labor\u00e9 avec du lait pasteuris\u00e9 de vache (35%), de brebis (30%) et de ch\u00e8vre (20%). Pour son \u00e9laboration","breadcrumb":{"@id":"https:\/\/www.embutidosballesteros.es\/fr\/producto\/fromage-a-base-de-laits-melanges-semi-affine\/#breadcrumb"},"inLanguage":"fr-FR","potentialAction":[{"@type":"ReadAction","target":["https:\/\/www.embutidosballesteros.es\/fr\/producto\/fromage-a-base-de-laits-melanges-semi-affine\/"]}]},{"@type":"ImageObject","inLanguage":"fr-FR","@id":"https:\/\/www.embutidosballesteros.es\/fr\/producto\/fromage-a-base-de-laits-melanges-semi-affine\/#primaryimage","url":"https:\/\/www.embutidosballesteros.es\/wp-content\/uploads\/2018\/06\/queso_mezcla_semicurado.jpg","contentUrl":"https:\/\/www.embutidosballesteros.es\/wp-content\/uploads\/2018\/06\/queso_mezcla_semicurado.jpg","width":960,"height":720,"caption":"Queso mezcla oveja - vaca semicurado de Embutidos Ballesteros"},{"@type":"BreadcrumbList","@id":"https:\/\/www.embutidosballesteros.es\/fr\/producto\/fromage-a-base-de-laits-melanges-semi-affine\/#breadcrumb","itemListElement":[{"@type":"ListItem","position":1,"name":"Portada","item":"https:\/\/www.embutidosballesteros.es\/fr\/"},{"@type":"ListItem","position":2,"name":"Boutique","item":"https:\/\/www.embutidosballesteros.es\/fr\/tienda\/"},{"@type":"ListItem","position":3,"name":"Fromage \u00c1 Base de Laits M\u00e9lang\u00e9s Semi Affin\u00e9"}]},{"@type":"WebSite","@id":"https:\/\/www.embutidosballesteros.es\/fr\/#website","url":"https:\/\/www.embutidosballesteros.es\/fr\/","name":"Embutidos Ballesteros","description":"Embutidos y jamones de elaboraci\u00f3n propia","potentialAction":[{"@type":"SearchAction","target":{"@type":"EntryPoint","urlTemplate":"https:\/\/www.embutidosballesteros.es\/fr\/?s={search_term_string}"},"query-input":{"@type":"PropertyValueSpecification","valueRequired":true,"valueName":"search_term_string"}}],"inLanguage":"fr-FR"}]}},"_links":{"self":[{"href":"https:\/\/www.embutidosballesteros.es\/fr\/wp-json\/wp\/v2\/product\/6494","targetHints":{"allow":["GET"]}}],"collection":[{"href":"https:\/\/www.embutidosballesteros.es\/fr\/wp-json\/wp\/v2\/product"}],"about":[{"href":"https:\/\/www.embutidosballesteros.es\/fr\/wp-json\/wp\/v2\/types\/product"}],"wp:featuredmedia":[{"embeddable":true,"href":"https:\/\/www.embutidosballesteros.es\/fr\/wp-json\/wp\/v2\/media\/15827"}],"wp:attachment":[{"href":"https:\/\/www.embutidosballesteros.es\/fr\/wp-json\/wp\/v2\/media?parent=6494"}],"wp:term":[{"taxonomy":"product_brand","embeddable":true,"href":"https:\/\/www.embutidosballesteros.es\/fr\/wp-json\/wp\/v2\/product_brand?post=6494"},{"taxonomy":"product_cat","embeddable":true,"href":"https:\/\/www.embutidosballesteros.es\/fr\/wp-json\/wp\/v2\/product_cat?post=6494"},{"taxonomy":"product_tag","embeddable":true,"href":"https:\/\/www.embutidosballesteros.es\/fr\/wp-json\/wp\/v2\/product_tag?post=6494"}],"curies":[{"name":"wp","href":"https:\/\/api.w.org\/{rel}","templated":true}]}}