{"id":6501,"date":"2016-11-02T00:00:00","date_gmt":"2016-11-01T23:00:00","guid":{"rendered":"https:\/\/www.embutidosballesteros.es\/producto\/fromage-de-brebis-affine\/"},"modified":"2021-03-02T17:02:46","modified_gmt":"2021-03-02T16:02:46","slug":"fromage-de-brebis-affine","status":"publish","type":"product","link":"https:\/\/www.embutidosballesteros.es\/fr\/producto\/fromage-de-brebis-affine\/","title":{"rendered":"Fromage De Brebis Affin\u00e9"},"content":{"rendered":"<p>Ce fromage affin\u00e9 est \u00e9labor\u00e9 avec du lait cru de brebis et affin\u00e9 deux ans dans l\u2019huile d\u2019olive. Il doit \u00eatre conserv\u00e9 \u00e0 temp\u00e9rature ambiante, entre 18 et 20\u00ba, toujours dans un endroit sec. <\/p>\n","protected":false},"excerpt":{"rendered":"<p>Nous le vendons en morceaux de 0,75 kg (quart) ou 1,5 kg (moyen) ou 3 kg (entier).<\/p>\n<p><em>Prix: 15,95\u20ac\/Kg\u00a0<\/em><\/p>\n","protected":false},"featured_media":15830,"template":"","meta":[],"product_brand":[],"product_cat":[669,668,489],"product_tag":[508,532,540,522],"class_list":{"0":"post-6501","1":"product","2":"type-product","3":"status-publish","4":"has-post-thumbnail","6":"product_cat-affine","7":"product_cat-brebis","8":"product_cat-fromages","9":"product_tag-ballesteros-fr","10":"product_tag-brebis","11":"product_tag-fromage","12":"product_tag-ibelier-fr","14":"first","15":"instock","16":"taxable","17":"shipping-taxable","18":"purchasable","19":"product-type-variable"},"yoast_head":"<!-- This site is optimized with the Yoast SEO plugin v27.3 - https:\/\/yoast.com\/product\/yoast-seo-wordpress\/ -->\n<title>Fromage De Brebis Affin\u00e9 de Embutidos Ballesteros<\/title>\n<meta name=\"description\" content=\"La coupe des fromage d\u00e9pend de la forme qu\u2019ils ont. Vous pouvez le couper en tranches ou en morceaux. Pour sa conservation, nous vous conseillons de l\u2019emballer dans un film transparent. N\u2019oubliez pas qu\u2019il faut conserver les fromages \u00e0 temp\u00e9rature ambiante, dans un endroit frais et sec.\" \/>\n<meta name=\"robots\" content=\"index, follow, max-snippet:-1, max-image-preview:large, max-video-preview:-1\" \/>\n<link rel=\"canonical\" href=\"https:\/\/www.embutidosballesteros.es\/fr\/producto\/fromage-de-brebis-affine\/\" \/>\n<meta property=\"og:locale\" content=\"fr_FR\" \/>\n<meta property=\"og:type\" content=\"article\" \/>\n<meta property=\"og:title\" content=\"Fromage De Brebis Affin\u00e9 de Embutidos Ballesteros\" \/>\n<meta property=\"og:description\" content=\"La coupe des fromage d\u00e9pend de la forme qu\u2019ils ont. Vous pouvez le couper en tranches ou en morceaux. Pour sa conservation, nous vous conseillons de l\u2019emballer dans un film transparent. N\u2019oubliez pas qu\u2019il faut conserver les fromages \u00e0 temp\u00e9rature ambiante, dans un endroit frais et sec.\" \/>\n<meta property=\"og:url\" content=\"https:\/\/www.embutidosballesteros.es\/fr\/producto\/fromage-de-brebis-affine\/\" \/>\n<meta property=\"og:site_name\" content=\"Embutidos Ballesteros\" \/>\n<meta property=\"article:modified_time\" content=\"2021-03-02T16:02:46+00:00\" \/>\n<meta property=\"og:image\" content=\"https:\/\/www.embutidosballesteros.es\/wp-content\/uploads\/2018\/06\/queso_oveja_anejo.jpg\" \/>\n\t<meta property=\"og:image:width\" content=\"960\" \/>\n\t<meta property=\"og:image:height\" content=\"720\" \/>\n\t<meta property=\"og:image:type\" content=\"image\/jpeg\" \/>\n<meta name=\"twitter:card\" content=\"summary_large_image\" \/>\n<script type=\"application\/ld+json\" class=\"yoast-schema-graph\">{\"@context\":\"https:\\\/\\\/schema.org\",\"@graph\":[{\"@type\":\"WebPage\",\"@id\":\"https:\\\/\\\/www.embutidosballesteros.es\\\/fr\\\/producto\\\/fromage-de-brebis-affine\\\/\",\"url\":\"https:\\\/\\\/www.embutidosballesteros.es\\\/fr\\\/producto\\\/fromage-de-brebis-affine\\\/\",\"name\":\"Fromage De Brebis Affin\u00e9 de Embutidos Ballesteros\",\"isPartOf\":{\"@id\":\"https:\\\/\\\/www.embutidosballesteros.es\\\/fr\\\/#website\"},\"primaryImageOfPage\":{\"@id\":\"https:\\\/\\\/www.embutidosballesteros.es\\\/fr\\\/producto\\\/fromage-de-brebis-affine\\\/#primaryimage\"},\"image\":{\"@id\":\"https:\\\/\\\/www.embutidosballesteros.es\\\/fr\\\/producto\\\/fromage-de-brebis-affine\\\/#primaryimage\"},\"thumbnailUrl\":\"https:\\\/\\\/www.embutidosballesteros.es\\\/wp-content\\\/uploads\\\/2018\\\/06\\\/queso_oveja_anejo.jpg\",\"datePublished\":\"2016-11-01T23:00:00+00:00\",\"dateModified\":\"2021-03-02T16:02:46+00:00\",\"description\":\"La coupe des fromage d\u00e9pend de la forme qu\u2019ils ont. Vous pouvez le couper en tranches ou en morceaux. Pour sa conservation, nous vous conseillons de l\u2019emballer dans un film transparent. N\u2019oubliez pas qu\u2019il faut conserver les fromages \u00e0 temp\u00e9rature ambiante, dans un endroit frais et sec.\",\"breadcrumb\":{\"@id\":\"https:\\\/\\\/www.embutidosballesteros.es\\\/fr\\\/producto\\\/fromage-de-brebis-affine\\\/#breadcrumb\"},\"inLanguage\":\"fr-FR\",\"potentialAction\":[{\"@type\":\"ReadAction\",\"target\":[\"https:\\\/\\\/www.embutidosballesteros.es\\\/fr\\\/producto\\\/fromage-de-brebis-affine\\\/\"]}]},{\"@type\":\"ImageObject\",\"inLanguage\":\"fr-FR\",\"@id\":\"https:\\\/\\\/www.embutidosballesteros.es\\\/fr\\\/producto\\\/fromage-de-brebis-affine\\\/#primaryimage\",\"url\":\"https:\\\/\\\/www.embutidosballesteros.es\\\/wp-content\\\/uploads\\\/2018\\\/06\\\/queso_oveja_anejo.jpg\",\"contentUrl\":\"https:\\\/\\\/www.embutidosballesteros.es\\\/wp-content\\\/uploads\\\/2018\\\/06\\\/queso_oveja_anejo.jpg\",\"width\":960,\"height\":720,\"caption\":\"Queso de Oveja A\u00f1ejo de Embutidos Ballesteros\"},{\"@type\":\"BreadcrumbList\",\"@id\":\"https:\\\/\\\/www.embutidosballesteros.es\\\/fr\\\/producto\\\/fromage-de-brebis-affine\\\/#breadcrumb\",\"itemListElement\":[{\"@type\":\"ListItem\",\"position\":1,\"name\":\"Portada\",\"item\":\"https:\\\/\\\/www.embutidosballesteros.es\\\/fr\\\/\"},{\"@type\":\"ListItem\",\"position\":2,\"name\":\"Boutique\",\"item\":\"https:\\\/\\\/www.embutidosballesteros.es\\\/fr\\\/tienda\\\/\"},{\"@type\":\"ListItem\",\"position\":3,\"name\":\"Fromage De Brebis Affin\u00e9\"}]},{\"@type\":\"WebSite\",\"@id\":\"https:\\\/\\\/www.embutidosballesteros.es\\\/fr\\\/#website\",\"url\":\"https:\\\/\\\/www.embutidosballesteros.es\\\/fr\\\/\",\"name\":\"Embutidos Ballesteros\",\"description\":\"Embutidos y jamones de elaboraci\u00f3n propia\",\"potentialAction\":[{\"@type\":\"SearchAction\",\"target\":{\"@type\":\"EntryPoint\",\"urlTemplate\":\"https:\\\/\\\/www.embutidosballesteros.es\\\/fr\\\/?s={search_term_string}\"},\"query-input\":{\"@type\":\"PropertyValueSpecification\",\"valueRequired\":true,\"valueName\":\"search_term_string\"}}],\"inLanguage\":\"fr-FR\"}]}<\/script>\n<!-- \/ Yoast SEO plugin. -->","yoast_head_json":{"title":"Fromage De Brebis Affin\u00e9 de Embutidos Ballesteros","description":"La coupe des fromage d\u00e9pend de la forme qu\u2019ils ont. Vous pouvez le couper en tranches ou en morceaux. Pour sa conservation, nous vous conseillons de l\u2019emballer dans un film transparent. N\u2019oubliez pas qu\u2019il faut conserver les fromages \u00e0 temp\u00e9rature ambiante, dans un endroit frais et sec.","robots":{"index":"index","follow":"follow","max-snippet":"max-snippet:-1","max-image-preview":"max-image-preview:large","max-video-preview":"max-video-preview:-1"},"canonical":"https:\/\/www.embutidosballesteros.es\/fr\/producto\/fromage-de-brebis-affine\/","og_locale":"fr_FR","og_type":"article","og_title":"Fromage De Brebis Affin\u00e9 de Embutidos Ballesteros","og_description":"La coupe des fromage d\u00e9pend de la forme qu\u2019ils ont. Vous pouvez le couper en tranches ou en morceaux. Pour sa conservation, nous vous conseillons de l\u2019emballer dans un film transparent. N\u2019oubliez pas qu\u2019il faut conserver les fromages \u00e0 temp\u00e9rature ambiante, dans un endroit frais et sec.","og_url":"https:\/\/www.embutidosballesteros.es\/fr\/producto\/fromage-de-brebis-affine\/","og_site_name":"Embutidos Ballesteros","article_modified_time":"2021-03-02T16:02:46+00:00","og_image":[{"width":960,"height":720,"url":"https:\/\/www.embutidosballesteros.es\/wp-content\/uploads\/2018\/06\/queso_oveja_anejo.jpg","type":"image\/jpeg"}],"twitter_card":"summary_large_image","schema":{"@context":"https:\/\/schema.org","@graph":[{"@type":"WebPage","@id":"https:\/\/www.embutidosballesteros.es\/fr\/producto\/fromage-de-brebis-affine\/","url":"https:\/\/www.embutidosballesteros.es\/fr\/producto\/fromage-de-brebis-affine\/","name":"Fromage De Brebis Affin\u00e9 de Embutidos Ballesteros","isPartOf":{"@id":"https:\/\/www.embutidosballesteros.es\/fr\/#website"},"primaryImageOfPage":{"@id":"https:\/\/www.embutidosballesteros.es\/fr\/producto\/fromage-de-brebis-affine\/#primaryimage"},"image":{"@id":"https:\/\/www.embutidosballesteros.es\/fr\/producto\/fromage-de-brebis-affine\/#primaryimage"},"thumbnailUrl":"https:\/\/www.embutidosballesteros.es\/wp-content\/uploads\/2018\/06\/queso_oveja_anejo.jpg","datePublished":"2016-11-01T23:00:00+00:00","dateModified":"2021-03-02T16:02:46+00:00","description":"La coupe des fromage d\u00e9pend de la forme qu\u2019ils ont. Vous pouvez le couper en tranches ou en morceaux. Pour sa conservation, nous vous conseillons de l\u2019emballer dans un film transparent. N\u2019oubliez pas qu\u2019il faut conserver les fromages \u00e0 temp\u00e9rature ambiante, dans un endroit frais et sec.","breadcrumb":{"@id":"https:\/\/www.embutidosballesteros.es\/fr\/producto\/fromage-de-brebis-affine\/#breadcrumb"},"inLanguage":"fr-FR","potentialAction":[{"@type":"ReadAction","target":["https:\/\/www.embutidosballesteros.es\/fr\/producto\/fromage-de-brebis-affine\/"]}]},{"@type":"ImageObject","inLanguage":"fr-FR","@id":"https:\/\/www.embutidosballesteros.es\/fr\/producto\/fromage-de-brebis-affine\/#primaryimage","url":"https:\/\/www.embutidosballesteros.es\/wp-content\/uploads\/2018\/06\/queso_oveja_anejo.jpg","contentUrl":"https:\/\/www.embutidosballesteros.es\/wp-content\/uploads\/2018\/06\/queso_oveja_anejo.jpg","width":960,"height":720,"caption":"Queso de Oveja A\u00f1ejo de Embutidos Ballesteros"},{"@type":"BreadcrumbList","@id":"https:\/\/www.embutidosballesteros.es\/fr\/producto\/fromage-de-brebis-affine\/#breadcrumb","itemListElement":[{"@type":"ListItem","position":1,"name":"Portada","item":"https:\/\/www.embutidosballesteros.es\/fr\/"},{"@type":"ListItem","position":2,"name":"Boutique","item":"https:\/\/www.embutidosballesteros.es\/fr\/tienda\/"},{"@type":"ListItem","position":3,"name":"Fromage De Brebis Affin\u00e9"}]},{"@type":"WebSite","@id":"https:\/\/www.embutidosballesteros.es\/fr\/#website","url":"https:\/\/www.embutidosballesteros.es\/fr\/","name":"Embutidos Ballesteros","description":"Embutidos y jamones de elaboraci\u00f3n propia","potentialAction":[{"@type":"SearchAction","target":{"@type":"EntryPoint","urlTemplate":"https:\/\/www.embutidosballesteros.es\/fr\/?s={search_term_string}"},"query-input":{"@type":"PropertyValueSpecification","valueRequired":true,"valueName":"search_term_string"}}],"inLanguage":"fr-FR"}]}},"_links":{"self":[{"href":"https:\/\/www.embutidosballesteros.es\/fr\/wp-json\/wp\/v2\/product\/6501","targetHints":{"allow":["GET"]}}],"collection":[{"href":"https:\/\/www.embutidosballesteros.es\/fr\/wp-json\/wp\/v2\/product"}],"about":[{"href":"https:\/\/www.embutidosballesteros.es\/fr\/wp-json\/wp\/v2\/types\/product"}],"wp:featuredmedia":[{"embeddable":true,"href":"https:\/\/www.embutidosballesteros.es\/fr\/wp-json\/wp\/v2\/media\/15830"}],"wp:attachment":[{"href":"https:\/\/www.embutidosballesteros.es\/fr\/wp-json\/wp\/v2\/media?parent=6501"}],"wp:term":[{"taxonomy":"product_brand","embeddable":true,"href":"https:\/\/www.embutidosballesteros.es\/fr\/wp-json\/wp\/v2\/product_brand?post=6501"},{"taxonomy":"product_cat","embeddable":true,"href":"https:\/\/www.embutidosballesteros.es\/fr\/wp-json\/wp\/v2\/product_cat?post=6501"},{"taxonomy":"product_tag","embeddable":true,"href":"https:\/\/www.embutidosballesteros.es\/fr\/wp-json\/wp\/v2\/product_tag?post=6501"}],"curies":[{"name":"wp","href":"https:\/\/api.w.org\/{rel}","templated":true}]}}