{"id":6509,"date":"2016-11-02T00:00:00","date_gmt":"2016-11-01T23:00:00","guid":{"rendered":"https:\/\/www.embutidosballesteros.es\/producto\/fromage-pur-brebis-affine\/"},"modified":"2021-03-02T17:02:55","modified_gmt":"2021-03-02T16:02:55","slug":"fromage-pur-brebis-affine","status":"publish","type":"product","link":"https:\/\/www.embutidosballesteros.es\/fr\/producto\/fromage-pur-brebis-affine\/","title":{"rendered":"Fromage Pur Brebis Affin\u00e9"},"content":{"rendered":"<p>Ce fromage doit \u00eatre consomm\u00e9 \u00e0 une temp\u00e9rature de 18 \u00e0 20\u00ba pour profiter de toute sa saveur. Le fromage vieux est \u00e9labor\u00e9 avec du lait cru et sa p\u00e9riode d\u2019affinage est d\u2019un an et 10 mois dans de l\u2019huile d\u2019olive pure.<\/p>\n","protected":false},"excerpt":{"rendered":"<p>Nous le vendons en morceaux de 0,75 kg (quart) ou 1,5 kg (moyen) ou 3 kg (entier).<\/p>\n<p><em>Prix: 14,95 \u20ac\/Kg<\/em><\/p>\n","protected":false},"featured_media":15839,"template":"","meta":[],"product_brand":[],"product_cat":[671,668,489],"product_tag":[556,508,532,540,522,550],"class_list":{"0":"post-6509","1":"product","2":"type-product","3":"status-publish","4":"has-post-thumbnail","6":"product_cat-affine-fr","7":"product_cat-brebis","8":"product_cat-fromages","9":"product_tag-affine","10":"product_tag-ballesteros-fr","11":"product_tag-brebis","12":"product_tag-fromage","13":"product_tag-ibelier-fr","14":"product_tag-pur","16":"first","17":"instock","18":"taxable","19":"shipping-taxable","20":"purchasable","21":"product-type-variable"},"yoast_head":"<!-- This site is optimized with the Yoast SEO plugin v27.3 - https:\/\/yoast.com\/product\/yoast-seo-wordpress\/ -->\n<title>Fromage Pur Brebis Affin\u00e9 de Embutidos Ballesteros<\/title>\n<meta name=\"description\" content=\"Ce fromage doit \u00eatre consomm\u00e9 \u00e0 une temp\u00e9rature de 18 \u00e0 20\u00ba pour profiter de toute sa saveur\" \/>\n<meta name=\"robots\" content=\"index, follow, max-snippet:-1, max-image-preview:large, max-video-preview:-1\" \/>\n<link rel=\"canonical\" href=\"https:\/\/www.embutidosballesteros.es\/fr\/producto\/fromage-pur-brebis-affine\/\" \/>\n<meta property=\"og:locale\" content=\"fr_FR\" \/>\n<meta property=\"og:type\" content=\"article\" \/>\n<meta property=\"og:title\" content=\"Fromage Pur Brebis Affin\u00e9 de Embutidos Ballesteros\" \/>\n<meta property=\"og:description\" content=\"Ce fromage doit \u00eatre consomm\u00e9 \u00e0 une temp\u00e9rature de 18 \u00e0 20\u00ba pour profiter de toute sa saveur\" \/>\n<meta property=\"og:url\" content=\"https:\/\/www.embutidosballesteros.es\/fr\/producto\/fromage-pur-brebis-affine\/\" \/>\n<meta property=\"og:site_name\" content=\"Embutidos Ballesteros\" \/>\n<meta property=\"article:modified_time\" content=\"2021-03-02T16:02:55+00:00\" \/>\n<meta property=\"og:image\" content=\"https:\/\/www.embutidosballesteros.es\/wp-content\/uploads\/2018\/06\/queso_oveja_viejo.jpg\" \/>\n\t<meta property=\"og:image:width\" content=\"960\" \/>\n\t<meta property=\"og:image:height\" content=\"720\" \/>\n\t<meta property=\"og:image:type\" content=\"image\/jpeg\" \/>\n<meta name=\"twitter:card\" content=\"summary_large_image\" \/>\n<script type=\"application\/ld+json\" class=\"yoast-schema-graph\">{\"@context\":\"https:\\\/\\\/schema.org\",\"@graph\":[{\"@type\":\"WebPage\",\"@id\":\"https:\\\/\\\/www.embutidosballesteros.es\\\/fr\\\/producto\\\/fromage-pur-brebis-affine\\\/\",\"url\":\"https:\\\/\\\/www.embutidosballesteros.es\\\/fr\\\/producto\\\/fromage-pur-brebis-affine\\\/\",\"name\":\"Fromage Pur Brebis Affin\u00e9 de Embutidos Ballesteros\",\"isPartOf\":{\"@id\":\"https:\\\/\\\/www.embutidosballesteros.es\\\/fr\\\/#website\"},\"primaryImageOfPage\":{\"@id\":\"https:\\\/\\\/www.embutidosballesteros.es\\\/fr\\\/producto\\\/fromage-pur-brebis-affine\\\/#primaryimage\"},\"image\":{\"@id\":\"https:\\\/\\\/www.embutidosballesteros.es\\\/fr\\\/producto\\\/fromage-pur-brebis-affine\\\/#primaryimage\"},\"thumbnailUrl\":\"https:\\\/\\\/www.embutidosballesteros.es\\\/wp-content\\\/uploads\\\/2018\\\/06\\\/queso_oveja_viejo.jpg\",\"datePublished\":\"2016-11-01T23:00:00+00:00\",\"dateModified\":\"2021-03-02T16:02:55+00:00\",\"description\":\"Ce fromage doit \u00eatre consomm\u00e9 \u00e0 une temp\u00e9rature de 18 \u00e0 20\u00ba pour profiter de toute sa saveur\",\"breadcrumb\":{\"@id\":\"https:\\\/\\\/www.embutidosballesteros.es\\\/fr\\\/producto\\\/fromage-pur-brebis-affine\\\/#breadcrumb\"},\"inLanguage\":\"fr-FR\",\"potentialAction\":[{\"@type\":\"ReadAction\",\"target\":[\"https:\\\/\\\/www.embutidosballesteros.es\\\/fr\\\/producto\\\/fromage-pur-brebis-affine\\\/\"]}]},{\"@type\":\"ImageObject\",\"inLanguage\":\"fr-FR\",\"@id\":\"https:\\\/\\\/www.embutidosballesteros.es\\\/fr\\\/producto\\\/fromage-pur-brebis-affine\\\/#primaryimage\",\"url\":\"https:\\\/\\\/www.embutidosballesteros.es\\\/wp-content\\\/uploads\\\/2018\\\/06\\\/queso_oveja_viejo.jpg\",\"contentUrl\":\"https:\\\/\\\/www.embutidosballesteros.es\\\/wp-content\\\/uploads\\\/2018\\\/06\\\/queso_oveja_viejo.jpg\",\"width\":960,\"height\":720,\"caption\":\"Queso de Oveja Viejo de Embutidos Ballesteros\"},{\"@type\":\"BreadcrumbList\",\"@id\":\"https:\\\/\\\/www.embutidosballesteros.es\\\/fr\\\/producto\\\/fromage-pur-brebis-affine\\\/#breadcrumb\",\"itemListElement\":[{\"@type\":\"ListItem\",\"position\":1,\"name\":\"Portada\",\"item\":\"https:\\\/\\\/www.embutidosballesteros.es\\\/fr\\\/\"},{\"@type\":\"ListItem\",\"position\":2,\"name\":\"Boutique\",\"item\":\"https:\\\/\\\/www.embutidosballesteros.es\\\/fr\\\/tienda\\\/\"},{\"@type\":\"ListItem\",\"position\":3,\"name\":\"Fromage Pur Brebis Affin\u00e9\"}]},{\"@type\":\"WebSite\",\"@id\":\"https:\\\/\\\/www.embutidosballesteros.es\\\/fr\\\/#website\",\"url\":\"https:\\\/\\\/www.embutidosballesteros.es\\\/fr\\\/\",\"name\":\"Embutidos Ballesteros\",\"description\":\"Embutidos y jamones de elaboraci\u00f3n propia\",\"potentialAction\":[{\"@type\":\"SearchAction\",\"target\":{\"@type\":\"EntryPoint\",\"urlTemplate\":\"https:\\\/\\\/www.embutidosballesteros.es\\\/fr\\\/?s={search_term_string}\"},\"query-input\":{\"@type\":\"PropertyValueSpecification\",\"valueRequired\":true,\"valueName\":\"search_term_string\"}}],\"inLanguage\":\"fr-FR\"}]}<\/script>\n<!-- \/ Yoast SEO plugin. -->","yoast_head_json":{"title":"Fromage Pur Brebis Affin\u00e9 de Embutidos Ballesteros","description":"Ce fromage doit \u00eatre consomm\u00e9 \u00e0 une temp\u00e9rature de 18 \u00e0 20\u00ba pour profiter de toute sa saveur","robots":{"index":"index","follow":"follow","max-snippet":"max-snippet:-1","max-image-preview":"max-image-preview:large","max-video-preview":"max-video-preview:-1"},"canonical":"https:\/\/www.embutidosballesteros.es\/fr\/producto\/fromage-pur-brebis-affine\/","og_locale":"fr_FR","og_type":"article","og_title":"Fromage Pur Brebis Affin\u00e9 de Embutidos Ballesteros","og_description":"Ce fromage doit \u00eatre consomm\u00e9 \u00e0 une temp\u00e9rature de 18 \u00e0 20\u00ba pour profiter de toute sa saveur","og_url":"https:\/\/www.embutidosballesteros.es\/fr\/producto\/fromage-pur-brebis-affine\/","og_site_name":"Embutidos Ballesteros","article_modified_time":"2021-03-02T16:02:55+00:00","og_image":[{"width":960,"height":720,"url":"https:\/\/www.embutidosballesteros.es\/wp-content\/uploads\/2018\/06\/queso_oveja_viejo.jpg","type":"image\/jpeg"}],"twitter_card":"summary_large_image","schema":{"@context":"https:\/\/schema.org","@graph":[{"@type":"WebPage","@id":"https:\/\/www.embutidosballesteros.es\/fr\/producto\/fromage-pur-brebis-affine\/","url":"https:\/\/www.embutidosballesteros.es\/fr\/producto\/fromage-pur-brebis-affine\/","name":"Fromage Pur Brebis Affin\u00e9 de Embutidos Ballesteros","isPartOf":{"@id":"https:\/\/www.embutidosballesteros.es\/fr\/#website"},"primaryImageOfPage":{"@id":"https:\/\/www.embutidosballesteros.es\/fr\/producto\/fromage-pur-brebis-affine\/#primaryimage"},"image":{"@id":"https:\/\/www.embutidosballesteros.es\/fr\/producto\/fromage-pur-brebis-affine\/#primaryimage"},"thumbnailUrl":"https:\/\/www.embutidosballesteros.es\/wp-content\/uploads\/2018\/06\/queso_oveja_viejo.jpg","datePublished":"2016-11-01T23:00:00+00:00","dateModified":"2021-03-02T16:02:55+00:00","description":"Ce fromage doit \u00eatre consomm\u00e9 \u00e0 une temp\u00e9rature de 18 \u00e0 20\u00ba pour profiter de toute sa saveur","breadcrumb":{"@id":"https:\/\/www.embutidosballesteros.es\/fr\/producto\/fromage-pur-brebis-affine\/#breadcrumb"},"inLanguage":"fr-FR","potentialAction":[{"@type":"ReadAction","target":["https:\/\/www.embutidosballesteros.es\/fr\/producto\/fromage-pur-brebis-affine\/"]}]},{"@type":"ImageObject","inLanguage":"fr-FR","@id":"https:\/\/www.embutidosballesteros.es\/fr\/producto\/fromage-pur-brebis-affine\/#primaryimage","url":"https:\/\/www.embutidosballesteros.es\/wp-content\/uploads\/2018\/06\/queso_oveja_viejo.jpg","contentUrl":"https:\/\/www.embutidosballesteros.es\/wp-content\/uploads\/2018\/06\/queso_oveja_viejo.jpg","width":960,"height":720,"caption":"Queso de Oveja Viejo de Embutidos Ballesteros"},{"@type":"BreadcrumbList","@id":"https:\/\/www.embutidosballesteros.es\/fr\/producto\/fromage-pur-brebis-affine\/#breadcrumb","itemListElement":[{"@type":"ListItem","position":1,"name":"Portada","item":"https:\/\/www.embutidosballesteros.es\/fr\/"},{"@type":"ListItem","position":2,"name":"Boutique","item":"https:\/\/www.embutidosballesteros.es\/fr\/tienda\/"},{"@type":"ListItem","position":3,"name":"Fromage Pur Brebis Affin\u00e9"}]},{"@type":"WebSite","@id":"https:\/\/www.embutidosballesteros.es\/fr\/#website","url":"https:\/\/www.embutidosballesteros.es\/fr\/","name":"Embutidos Ballesteros","description":"Embutidos y jamones de elaboraci\u00f3n propia","potentialAction":[{"@type":"SearchAction","target":{"@type":"EntryPoint","urlTemplate":"https:\/\/www.embutidosballesteros.es\/fr\/?s={search_term_string}"},"query-input":{"@type":"PropertyValueSpecification","valueRequired":true,"valueName":"search_term_string"}}],"inLanguage":"fr-FR"}]}},"_links":{"self":[{"href":"https:\/\/www.embutidosballesteros.es\/fr\/wp-json\/wp\/v2\/product\/6509","targetHints":{"allow":["GET"]}}],"collection":[{"href":"https:\/\/www.embutidosballesteros.es\/fr\/wp-json\/wp\/v2\/product"}],"about":[{"href":"https:\/\/www.embutidosballesteros.es\/fr\/wp-json\/wp\/v2\/types\/product"}],"wp:featuredmedia":[{"embeddable":true,"href":"https:\/\/www.embutidosballesteros.es\/fr\/wp-json\/wp\/v2\/media\/15839"}],"wp:attachment":[{"href":"https:\/\/www.embutidosballesteros.es\/fr\/wp-json\/wp\/v2\/media?parent=6509"}],"wp:term":[{"taxonomy":"product_brand","embeddable":true,"href":"https:\/\/www.embutidosballesteros.es\/fr\/wp-json\/wp\/v2\/product_brand?post=6509"},{"taxonomy":"product_cat","embeddable":true,"href":"https:\/\/www.embutidosballesteros.es\/fr\/wp-json\/wp\/v2\/product_cat?post=6509"},{"taxonomy":"product_tag","embeddable":true,"href":"https:\/\/www.embutidosballesteros.es\/fr\/wp-json\/wp\/v2\/product_tag?post=6509"}],"curies":[{"name":"wp","href":"https:\/\/api.w.org\/{rel}","templated":true}]}}